{"id":1141,"date":"2020-12-27T07:22:55","date_gmt":"2020-12-27T07:22:55","guid":{"rendered":"http:\/\/www.svu.edu.eg\/faculties\/dent\/?page_id=1141"},"modified":"2021-01-31T08:40:58","modified_gmt":"2021-01-31T08:40:58","slug":"protection-de-la-jeunesse","status":"publish","type":"page","link":"https:\/\/www.svu.edu.eg\/faculties\/dent\/fr\/protection-de-la-jeunesse\/","title":{"rendered":"Protection de la jeunesse"},"content":{"rendered":"\n<p style=\"text-align:left\"><strong>Directeur<\/strong><\/p>\n\n\n\n<p style=\"text-align:left\">M\/ Tarek Mohamed Ahmed\nAbdelrady<\/p>\n\n\n\n<p style=\"text-align:left\"><strong>Fonction d&#8217;administration :<\/strong><\/p>\n\n\n\n<p style=\"text-align:left\">Le travail dans le soin des \u00e9tudiants au Coll\u00e8ge est divis\u00e9 en deux\ndomaines principaux:<\/p>\n\n\n\n<p style=\"text-align:left\">I : Activit\u00e9s \u00e9tudiantes et Union \u00e9tudiante <\/p>\n\n\n\n<p style=\"text-align:left\">II : Fonds de solidarit\u00e9 sociale<\/p>\n\n\n\n<p style=\"text-align:left\"><strong>I : les activit\u00e9s des \u00e9tudiants et l\u2019Union \u00e9tudiante<\/strong><\/p>\n\n\n\n<p style=\"text-align:left\">Les syndicats d\u2019\u00e9tudiants sont form\u00e9s par des \u00e9tudiants ordinaires qui\npaient des cotisations syndicales. Les syndicats d\u2019\u00e9tudiants visent \u00e0 atteindre\nles objectifs suivants :<\/p>\n\n\n\n<p style=\"text-align:left\">* D\u00e9veloppement des valeurs spirituelles, \u00e9thiques,\nnationales et nationales chez les \u00e9l\u00e8ves .<\/p>\n\n\n\n<p style=\"text-align:left\">* Inculquer le bon esprit aux \u00e9tudiants et resserrer les\nliens entre les \u00e9tudiants, le corps professoral et le personnel .<\/p>\n\n\n\n<p style=\"text-align:left\">* D\u00e9couvrir, perfectionner et encourager les talents, les\ncapacit\u00e9s et les comp\u00e9tences des \u00e9l\u00e8ves .<\/p>\n\n\n\n<p style=\"text-align:left\">* Diffusion et promotion de la formation et du soutien des\nfamilles \u00e9tudiantes et des coop\u00e9ratives .<\/p>\n\n\n\n<p style=\"text-align:left\">* Diffusion de l\u2019organisation et valorisation des activit\u00e9s\nsportives, sociales, scoutes, artistiques et culturelles .<\/p>\n\n\n\n<p style=\"text-align:left\">* Organiser l\u2019utilisation du potentiel\ndes \u00e9l\u00e8ves pour servir la collectivit\u00e9 pour le bien de la nation .<\/p>\n\n\n\n<p style=\"text-align:left\"><strong>II : Fonds de solidarit\u00e9 sociale<\/strong><\/p>\n\n\n\n<p style=\"text-align:left\">Le Fonds de solidarit\u00e9 sociale du Coll\u00e8ge vise \u00e0 :<\/p>\n\n\n\n<p style=\"text-align:left\">1) La s\u00e9curit\u00e9 sociale des \u00e9tudiants sous\ndiff\u00e9rentes formes.<\/p>\n\n\n\n<p style=\"text-align:left\">2) Travailler \u00e0 r\u00e9soudre les probl\u00e8mes auxquels sont confront\u00e9s les\n\u00e9tudiants et les emp\u00eacher de poursuivre leurs \u00e9tudes tranquillement en raison\nde leur d\u00e9ficit de revenu et leur fournir des subventions en nature et\nfinanci\u00e8res pour les \u00e9tudiants incapables de le faire.<\/p>\n","protected":false},"excerpt":{"rendered":"<p>Directeur M\/ Tarek Mohamed Ahmed Abdelrady Fonction d&#8217;administration : Le travail dans le soin des \u00e9tudiants au Coll\u00e8ge est divis\u00e9 en deux domaines principaux: I : Activit\u00e9s \u00e9tudiantes et Union [&hellip;]<\/p>\n","protected":false},"author":1,"featured_media":0,"parent":0,"menu_order":0,"comment_status":"closed","ping_status":"closed","template":"","meta":[],"_links":{"self":[{"href":"https:\/\/www.svu.edu.eg\/faculties\/dent\/wp-json\/wp\/v2\/pages\/1141"}],"collection":[{"href":"https:\/\/www.svu.edu.eg\/faculties\/dent\/wp-json\/wp\/v2\/pages"}],"about":[{"href":"https:\/\/www.svu.edu.eg\/faculties\/dent\/wp-json\/wp\/v2\/types\/page"}],"author":[{"embeddable":true,"href":"https:\/\/www.svu.edu.eg\/faculties\/dent\/wp-json\/wp\/v2\/users\/1"}],"replies":[{"embeddable":true,"href":"https:\/\/www.svu.edu.eg\/faculties\/dent\/wp-json\/wp\/v2\/comments?post=1141"}],"version-history":[{"count":2,"href":"https:\/\/www.svu.edu.eg\/faculties\/dent\/wp-json\/wp\/v2\/pages\/1141\/revisions"}],"predecessor-version":[{"id":1187,"href":"https:\/\/www.svu.edu.eg\/faculties\/dent\/wp-json\/wp\/v2\/pages\/1141\/revisions\/1187"}],"wp:attachment":[{"href":"https:\/\/www.svu.edu.eg\/faculties\/dent\/wp-json\/wp\/v2\/media?parent=1141"}],"curies":[{"name":"wp","href":"https:\/\/api.w.org\/{rel}","templated":true}]}}