{"id":1076,"date":"2020-11-19T07:26:37","date_gmt":"2020-11-19T07:26:37","guid":{"rendered":"http:\/\/www.svu.edu.eg\/faculties\/dent\/?page_id=1076"},"modified":"2020-11-30T08:37:36","modified_gmt":"2020-11-30T08:37:36","slug":"1076-2","status":"publish","type":"page","link":"https:\/\/www.svu.edu.eg\/faculties\/dent\/fr\/1076-2\/","title":{"rendered":""},"content":{"rendered":"<div id=\"pl-1076\"  class=\"panel-layout\" ><div id=\"pg-1076-0\"  class=\"panel-grid panel-no-style\" ><div id=\"pgc-1076-0-0\"  class=\"panel-grid-cell panel-grid-cell-empty\" ><\/div><\/div><div id=\"pg-1076-1\"  class=\"panel-grid panel-has-style\" ><div class=\"wide-grey panel-row-style panel-row-style-for-1076-1\" ><div id=\"pgc-1076-1-0\"  class=\"panel-grid-cell\" ><div id=\"panel-1076-1-0-0\" class=\"so-panel widget widget_headline-widget panel-first-child panel-last-child\" data-index=\"0\" >\t\t<h1>Bienvenu<\/h1>\n\t\t<div class=\"decoration\"><div class=\"decoration-inside\"><\/div><\/div>\n\t\t<h3>Universit\u00e9 du Sud de la Vall\u00e9e<\/h3>\n\t\t<\/div><\/div><\/div><\/div><div id=\"pg-1076-2\"  class=\"panel-grid panel-no-style\" ><div id=\"pgc-1076-2-0\"  class=\"panel-grid-cell\" ><div id=\"panel-1076-2-0-0\" class=\"so-panel widget widget_siteorigin-panels-postloop panel-first-child panel-last-child\" data-index=\"1\" ><div class=\"panel-widget-style panel-widget-style-for-1076-2-0-0\" ><h3 class=\"widget-title\">Derni\u00e8res nouvelles<\/h3>\n<article id=\"post-2187\" class=\"post-2187 post type-post status-publish format-standard hentry category-announce category-news\">\n\n\t\n\t<div class=\"entry-main\">\n\n\t\t\n\t\t<header class=\"entry-header\">\n\t\t\t\n\t\t\t<h1 class=\"entry-title\"><a href=\"https:\/\/www.svu.edu.eg\/faculties\/dent\/%d9%81%d9%88%d8%b2-%d9%83%d9%84%d9%8a%d8%a9-%d8%b7%d8%a8-%d8%a7%d9%84%d9%81%d9%85-%d9%88-%d8%a7%d9%84%d8%a7%d8%b3%d9%86%d8%a7%d9%86-%d8%a8%d8%a7%d9%84%d9%85%d8%b1%d9%83%d8%b2-%d8%a7%d9%84%d8%a3%d9%88\/\" title=\"Permalink to \u0641\u0648\u0632 \u0643\u0644\u064a\u0629 \u0637\u0628 \u0627\u0644\u0641\u0645 \u0648 \u0627\u0644\u0627\u0633\u0646\u0627\u0646 \u0628\u0627\u0644\u0645\u0631\u0643\u0632 \u0627\u0644\u0623\u0648\u0644\" rel=\"bookmark\">\u0641\u0648\u0632 \u0643\u0644\u064a\u0629 \u0637\u0628 \u0627\u0644\u0641\u0645 \u0648 \u0627\u0644\u0627\u0633\u0646\u0627\u0646 \u0628\u0627\u0644\u0645\u0631\u0643\u0632 \u0627\u0644\u0623\u0648\u0644<\/a><\/h1>\n\n\t\t\t\t\t\t\t<div class=\"entry-meta\">\n\t\t\t\t\tPosted on <a href=\"https:\/\/www.svu.edu.eg\/faculties\/dent\/%d9%81%d9%88%d8%b2-%d9%83%d9%84%d9%8a%d8%a9-%d8%b7%d8%a8-%d8%a7%d9%84%d9%81%d9%85-%d9%88-%d8%a7%d9%84%d8%a7%d8%b3%d9%86%d8%a7%d9%86-%d8%a8%d8%a7%d9%84%d9%85%d8%b1%d9%83%d8%b2-%d8%a7%d9%84%d8%a3%d9%88\/\" title=\"11:55 am\" rel=\"bookmark\"><time class=\"entry-date\" datetime=\"2026-03-30T11:55:04+00:00\">March 30, 2026<\/time><\/a><time class=\"updated\" datetime=\"2026-03-30T11:55:04+00:00\">March 30, 2026<\/time>  \t\t\t\t<\/div><!-- .entry-meta -->\n\t\t\t\n\t\t<\/header><!-- .entry-header -->\n\n\t\t\t\t\t<div class=\"entry-content\">\n\t\t\t\t<p>\u0628\u0631\u0639\u0627\u064a\u0629 \u0645\u0639\u0627\u0644\u0649 \u0627\u0644\u0648\u0632\u064a\u0631 \u0627\u0644\u0645\u0648\u0642\u0631 \u0627\u062f\/ \u0627\u062d\u0645\u062f \u0639\u0643\u0627\u0648\u0649 \u0627\u0642\u064a\u0645\u062a \u0641\u0639\u0627\u0644\u064a\u0629 \u0645\u0639\u0627\u064a\u062f\u0629 \u0628\u062c\u0627\u0645\u0639\u0629 \u0642\u0646\u0627 \u0648 \u0641\u0648\u0632 \u0643\u0644\u064a\u0629 \u0637\u0628 \u0627\u0644\u0641\u0645 \u0648 \u0627\u0644\u0627\u0633\u0646\u0627\u0646 \u0628\u0627\u0644\u0645\u0631\u0643\u0632 \u0627\u0644\u0623\u0648\u0644 \u0641\u0649 \u0627\u0641\u0636\u0644 \u0645\u0639\u0627\u064a\u062f\u0629 \u0628\u0645\u0646\u0627\u0633\u0628\u0629 \u0639\u064a\u062f \u0627\u0644\u0641\u0637\u0631 \u0627\u0644\u0645\u0628\u0627\u0631\u0643 \u0628\u062d\u0636\u0648\u0631 \u0633\u064a\u0627\u062f\u0629 [&hellip;]<\/p>\n\t\t\t\t\t\t\t\t<a class=\"more-link\" href=\"https:\/\/www.svu.edu.eg\/faculties\/dent\/%d9%81%d9%88%d8%b2-%d9%83%d9%84%d9%8a%d8%a9-%d8%b7%d8%a8-%d8%a7%d9%84%d9%81%d9%85-%d9%88-%d8%a7%d9%84%d8%a7%d8%b3%d9%86%d8%a7%d9%86-%d8%a8%d8%a7%d9%84%d9%85%d8%b1%d9%83%d8%b2-%d8%a7%d9%84%d8%a3%d9%88\/\">\u0627\u0644\u0645\u0632\u064a\u062f<span class=\"meta-nav\">&rarr;<\/span><\/a>\t\t\t\t\t\t\t<\/div><!-- .entry-content -->\n\t\t\n\t\t\n\t<\/div>\n\n<\/article><!-- #post-2187 -->\n\n<article id=\"post-2176\" class=\"post-2176 post type-post status-publish format-standard hentry category-announce category-news\">\n\n\t\n\t<div class=\"entry-main\">\n\n\t\t\n\t\t<header class=\"entry-header\">\n\t\t\t\n\t\t\t<h1 class=\"entry-title\"><a href=\"https:\/\/www.svu.edu.eg\/faculties\/dent\/%d8%ac%d8%a7%d9%85%d8%b9%d8%a9-%d9%82%d9%86%d8%a7-%d8%aa%d9%88%d9%82%d8%b9-%d8%a8%d8%b1%d9%88%d8%aa%d9%88%d9%83%d9%88%d9%84-%d8%aa%d8%b9%d8%a7%d9%88%d9%86-%d9%85%d8%b9-%d9%85%d8%af%d9%8a%d8%b1%d9%8a\/\" title=\"Permalink to \u062c\u0627\u0645\u0639\u0629 \u0642\u0646\u0627 \u062a\u0648\u0642\u0639 \u0628\u0631\u0648\u062a\u0648\u0643\u0648\u0644 \u062a\u0639\u0627\u0648\u0646 \u0645\u0639 \u0645\u062f\u064a\u0631\u064a\u0629 \u0627\u0644\u0635\u062d\u0629 \u0644\u062a\u0639\u0632\u064a\u0632 \u062e\u062f\u0645\u0627\u062a \u0637\u0628 \u0627\u0644\u0641\u0645 \u0648\u0627\u0644\u0623\u0633\u0646\u0627\u0646 \u0628\u0627\u0644\u0645\u062d\u0627\u0641\u0638\u0629\" rel=\"bookmark\">\u062c\u0627\u0645\u0639\u0629 \u0642\u0646\u0627 \u062a\u0648\u0642\u0639 \u0628\u0631\u0648\u062a\u0648\u0643\u0648\u0644 \u062a\u0639\u0627\u0648\u0646 \u0645\u0639 \u0645\u062f\u064a\u0631\u064a\u0629 \u0627\u0644\u0635\u062d\u0629 \u0644\u062a\u0639\u0632\u064a\u0632 \u062e\u062f\u0645\u0627\u062a \u0637\u0628 \u0627\u0644\u0641\u0645 \u0648\u0627\u0644\u0623\u0633\u0646\u0627\u0646 \u0628\u0627\u0644\u0645\u062d\u0627\u0641\u0638\u0629<\/a><\/h1>\n\n\t\t\t\t\t\t\t<div class=\"entry-meta\">\n\t\t\t\t\tPosted on <a href=\"https:\/\/www.svu.edu.eg\/faculties\/dent\/%d8%ac%d8%a7%d9%85%d8%b9%d8%a9-%d9%82%d9%86%d8%a7-%d8%aa%d9%88%d9%82%d8%b9-%d8%a8%d8%b1%d9%88%d8%aa%d9%88%d9%83%d9%88%d9%84-%d8%aa%d8%b9%d8%a7%d9%88%d9%86-%d9%85%d8%b9-%d9%85%d8%af%d9%8a%d8%b1%d9%8a\/\" title=\"7:38 am\" rel=\"bookmark\"><time class=\"entry-date\" datetime=\"2026-03-11T07:38:42+00:00\">March 11, 2026<\/time><\/a><time class=\"updated\" datetime=\"2026-03-11T07:38:42+00:00\">March 11, 2026<\/time>  \t\t\t\t<\/div><!-- .entry-meta -->\n\t\t\t\n\t\t<\/header><!-- .entry-header -->\n\n\t\t\t\t\t<div class=\"entry-content\">\n\t\t\t\t<p>\u062c\u0627\u0645\u0639\u0629 \u0642\u0646\u0627 \u062a\u0648\u0642\u0639 \u0628\u0631\u0648\u062a\u0648\u0643\u0648\u0644 \u062a\u0639\u0627\u0648\u0646 \u0645\u0639 \u0645\u062f\u064a\u0631\u064a\u0629 \u0627\u0644\u0635\u062d\u0629 \u0644\u062a\u0639\u0632\u064a\u0632 \u062e\u062f\u0645\u0627\u062a \u0637\u0628 \u0627\u0644\u0641\u0645 \u0648\u0627\u0644\u0623\u0633\u0646\u0627\u0646 \u0628\u0627\u0644\u0645\u062d\u0627\u0641\u0638\u0629 \u0627\u0646\u0637\u0644\u0627\u0642\u064b\u0627 \u0645\u0646 \u0627\u0644\u062f\u0648\u0631 \u0627\u0644\u0645\u062c\u062a\u0645\u0639\u064a \u0644\u062c\u0627\u0645\u0639\u0629 \u0642\u0646\u0627 \u0648\u062d\u0631\u0635\u0647\u0627 \u0639\u0644\u0649 \u062a\u0637\u0648\u064a\u0631 \u0645\u0633\u062a\u0648\u0649 \u0627\u0644\u062e\u062f\u0645\u0627\u062a \u0627\u0644\u0635\u062d\u064a\u0629 \u0627\u0644\u0645\u0642\u062f\u0645\u0629 \u0644\u0623\u0628\u0646\u0627\u0621 \u0645\u062d\u0627\u0641\u0638\u0629 \u0642\u0646\u0627\u060c [&hellip;]<\/p>\n\t\t\t\t\t\t\t\t<a class=\"more-link\" href=\"https:\/\/www.svu.edu.eg\/faculties\/dent\/%d8%ac%d8%a7%d9%85%d8%b9%d8%a9-%d9%82%d9%86%d8%a7-%d8%aa%d9%88%d9%82%d8%b9-%d8%a8%d8%b1%d9%88%d8%aa%d9%88%d9%83%d9%88%d9%84-%d8%aa%d8%b9%d8%a7%d9%88%d9%86-%d9%85%d8%b9-%d9%85%d8%af%d9%8a%d8%b1%d9%8a\/\">\u0627\u0644\u0645\u0632\u064a\u062f<span class=\"meta-nav\">&rarr;<\/span><\/a>\t\t\t\t\t\t\t<\/div><!-- .entry-content -->\n\t\t\n\t\t\n\t<\/div>\n\n<\/article><!-- #post-2176 -->\n<\/div><\/div><\/div><\/div><div id=\"pg-1076-3\"  class=\"panel-grid panel-no-style\" ><div id=\"pgc-1076-3-0\"  class=\"panel-grid-cell\" ><div id=\"panel-1076-3-0-0\" class=\"so-panel widget widget_text panel-first-child panel-last-child\" data-index=\"2\" >\t\t\t<div class=\"textwidget\"><p style=\"direction: ltr;\"><a href=\"http:\/\/www.svu.edu.eg\/faculties\/dent\/category\/news_fr\">Plus de nouvelles<\/a><\/p>\n<\/div>\n\t\t<\/div><\/div><\/div><div id=\"pg-1076-4\"  class=\"panel-grid panel-no-style\" ><div id=\"pgc-1076-4-0\"  class=\"panel-grid-cell\" ><div id=\"panel-1076-4-0-0\" class=\"so-panel widget widget_xyz_insert_php_widget panel-first-child panel-last-child\" data-index=\"3\" >\r\n\t<div class=\"announc\">\r\n      <h2>Conf\u00e9rences<\/h2>\r\n\t<div class=\"announc-body\">\r\n\t<ul>\r\n             \r\n<ul><li style=\"text-align:left;\"><a href=\"..\/category\/conf_fr\/\">plus<\/a><\/li>\r\n<\/ul>   <\/ul>\r\n\t<\/div>\r\n\t<\/div><\/div><\/div><div id=\"pgc-1076-4-1\"  class=\"panel-grid-cell\" ><div id=\"panel-1076-4-1-0\" class=\"so-panel widget widget_media_video panel-first-child panel-last-child\" data-index=\"4\" ><a class=\"wp-embedded-video\" href=\"https:\/\/www.svu.edu.eg\/faculties\/dent\/wp-content\/uploads\/2019\/11\/Wildlife.wmv\">https:\/\/www.svu.edu.eg\/faculties\/dent\/wp-content\/uploads\/2019\/11\/Wildlife.wmv<\/a><\/div><\/div><div id=\"pgc-1076-4-2\"  class=\"panel-grid-cell\" ><div id=\"panel-1076-4-2-0\" class=\"so-panel widget widget_xyz_insert_php_widget panel-first-child panel-last-child\" data-index=\"5\" >\r\n\t<div class=\"announc\">\r\n      <h2> Annonces<\/h2>\r\n\t<div class=\"announc-body\">\r\n\t<ul>\r\n             \r\n<ul>        <li> <a href=\" https:\/\/www.svu.edu.eg\/faculties\/dent\/fr\/une-importante-declaration\/\" title=\"une importante d\u00e9claration\">\r\n\t\t\tune importante d\u00e9claration<\/a> <\/li>\r\n        <li> <a href=\" https:\/\/www.svu.edu.eg\/faculties\/dent\/fr\/une-importante-declaration-2\/\" title=\"Une importante d\u00e9claration\">\r\n\t\t\tUne importante d\u00e9claration<\/a> <\/li>\r\n        <li> <a href=\" https:\/\/www.svu.edu.eg\/faculties\/dent\/fr\/inauguration-de-la-foire-du-livre-a-luniversite-du-sud-de-la-vallee\/\" title=\"Inauguration de la foire du livre  \u00e0 l&#8217;Universit\u00e9 du Sud de la Vall\u00e9e\">\r\n\t\t\tInauguration de la foire du...<\/a> <\/li>\r\n<li style=\"text-align:left;\"><a href=\"..\/category\/annonces\/\">plus<\/a><\/li>\r\n<\/ul>   <\/ul>\r\n\t<\/div>\r\n\t<\/div><\/div><\/div><\/div><div id=\"pg-1076-5\"  class=\"panel-grid panel-has-style\" ><div style=\"background-color: #c4eeff; \" class=\"panel-row-style panel-row-style-for-1076-5\" ><div id=\"pgc-1076-5-0\"  class=\"panel-grid-cell\" ><div id=\"panel-1076-5-0-0\" class=\"so-panel widget widget_circleicon-widget panel-first-child panel-last-child\" data-index=\"6\" >\t\t<div class=\"circle-icon-box circle-icon-position-top circle-icon-hide-box circle-icon-size-small \">\n\t\t\t\t\t\t\t<div class=\"circle-icon-wrapper\">\n\t\t\t\t\t\t\t\t\t\t<div class=\"circle-icon\" >\n\t\t\t\t\t\t\t\t\t\t\t\t\t<div class=\"fa fa-address-book\" ><\/div>\n\t\t\t\t\t\t\t\t\t\t\t<\/div> \n\t\t\t\t\t\t\t\t\t<\/div>\n\t\t\t\n\t\t\t\t\t\t\t\t\t\t<h4 >\n\t\t\t\t\tLa cr\u00e9ation\t\t\t\t<\/h4>\n\t\t\t\t\t\t\n\t\t\t\t\t\t\t<p class=\"text\" >  Selon la d\u00e9cision de premier ministre n (1231) le 30\/ 10\/2013, la facult\u00e9 de m\u00e9decine dentaire a \u00e9t\u00e9 cr\u00e9\u00e9 \u00e0 l'Universit\u00e9 du Sud de la vall\u00e9e et a commenc\u00e9 \u00e0 \u00e9tudier au d\u00e9but de l'ann\u00e9e acad\u00e9mique 2013\/2014.<\/p>\n\t\t\t\t\t\t\t\t<\/div>\n\t\t<\/div><\/div><div id=\"pgc-1076-5-1\"  class=\"panel-grid-cell\" ><div id=\"panel-1076-5-1-0\" class=\"so-panel widget widget_circleicon-widget panel-first-child panel-last-child\" data-index=\"7\" >\t\t<div class=\"circle-icon-box circle-icon-position-top circle-icon-hide-box circle-icon-size-small \">\n\t\t\t\t\t\t\t<div class=\"circle-icon-wrapper\">\n\t\t\t\t\t\t\t\t\t\t<div class=\"circle-icon icon-style-set\" style=\"background-color: #1e73be\">\n\t\t\t\t\t\t\t\t\t\t\t\t\t<div class=\"fa fa-check-circle-o\" style=\"color: #ffffff\"><\/div>\n\t\t\t\t\t\t\t\t\t\t\t<\/div> \n\t\t\t\t\t\t\t\t\t<\/div>\n\t\t\t\n\t\t\t\t\t\t\t\t\t\t<h4 >\n\t\t\t\t\tLa vision\t\t\t\t<\/h4>\n\t\t\t\t\t\t\n\t\t\t\t\t\t\t<p class=\"text\" >Excellence dans l\u2019enseignement et l\u2019apprentissage, la recherche et le service communautaire, ce qui signifie que la facult\u00e9 sera une passerelle vers la science et la connaissance dans la sant\u00e9 buccodentaire et dentaire au niveau du Sud, un pionnier dans le domaine de la recherche scientifique, et un phare de l\u2019\u00e9ducation m\u00e9dicale moderne qui se fonde sur des donn\u00e9es probantes et qui cr\u00e9e un environnement acad\u00e9mique motivant \u00e0 la cr\u00e9ativit\u00e9 pour les \u00e9tudiants et les membres du corps professoral.<\/p>\n\t\t\t\t\t\t\t\t<\/div>\n\t\t<\/div><\/div><div id=\"pgc-1076-5-2\"  class=\"panel-grid-cell\" ><div id=\"panel-1076-5-2-0\" class=\"so-panel widget widget_circleicon-widget panel-first-child panel-last-child\" data-index=\"8\" >\t\t<div class=\"circle-icon-box circle-icon-position-top circle-icon-hide-box circle-icon-size-small \">\n\t\t\t\t\t\t\t<div class=\"circle-icon-wrapper\">\n\t\t\t\t\t\t\t\t\t\t<div class=\"circle-icon icon-style-set\" style=\"background-color: #1e73be\">\n\t\t\t\t\t\t\t\t\t\t\t\t\t<div class=\"fa fa-pencil\" ><\/div>\n\t\t\t\t\t\t\t\t\t\t\t<\/div> \n\t\t\t\t\t\t\t\t\t<\/div>\n\t\t\t\n\t\t\t\t\t\t\t\t\t\t<h4 >\n\t\t\t\t\tLa mission\t\t\t\t<\/h4>\n\t\t\t\t\t\t\n\t\t\t\t\t\t\t<p class=\"text\" >Fournir une \u00e9ducation m\u00e9dicale de qualit\u00e9 aux \u00e9tudiants dans le domaine de la sant\u00e9 buccodentaire et dentaire et pr\u00e9parer les dipl\u00f4m\u00e9s qualifi\u00e9s  et professionnels capables de r\u00e9pondre aux besoins de la soci\u00e9t\u00e9 dans diff\u00e9rents domaines de la m\u00e9decine buccodentaire et dentaire, et de suivre les cadres modernes de la recherche scientifique, la formation m\u00e9dicale continue et l\u2019innovation dans la prestation de services de pr\u00e9vention \u00e0 la communaut\u00e9 au niveau du Sud.<\/p>\n\t\t\t\t\t\t\t\t<\/div>\n\t\t<\/div><\/div><\/div><\/div><\/div>","protected":false},"excerpt":{"rendered":"<p>Plus de nouvelles<\/p>\n","protected":false},"author":1,"featured_media":0,"parent":0,"menu_order":0,"comment_status":"closed","ping_status":"closed","template":"home-panels.php","meta":[],"_links":{"self":[{"href":"https:\/\/www.svu.edu.eg\/faculties\/dent\/wp-json\/wp\/v2\/pages\/1076"}],"collection":[{"href":"https:\/\/www.svu.edu.eg\/faculties\/dent\/wp-json\/wp\/v2\/pages"}],"about":[{"href":"https:\/\/www.svu.edu.eg\/faculties\/dent\/wp-json\/wp\/v2\/types\/page"}],"author":[{"embeddable":true,"href":"https:\/\/www.svu.edu.eg\/faculties\/dent\/wp-json\/wp\/v2\/users\/1"}],"replies":[{"embeddable":true,"href":"https:\/\/www.svu.edu.eg\/faculties\/dent\/wp-json\/wp\/v2\/comments?post=1076"}],"version-history":[{"count":12,"href":"https:\/\/www.svu.edu.eg\/faculties\/dent\/wp-json\/wp\/v2\/pages\/1076\/revisions"}],"predecessor-version":[{"id":1121,"href":"https:\/\/www.svu.edu.eg\/faculties\/dent\/wp-json\/wp\/v2\/pages\/1076\/revisions\/1121"}],"wp:attachment":[{"href":"https:\/\/www.svu.edu.eg\/faculties\/dent\/wp-json\/wp\/v2\/media?parent=1076"}],"curies":[{"name":"wp","href":"https:\/\/api.w.org\/{rel}","templated":true}]}}