{"id":7214,"date":"2021-12-11T09:57:11","date_gmt":"2021-12-11T09:57:11","guid":{"rendered":"http:\/\/www.svu.edu.eg\/faculties\/com\/?page_id=7214"},"modified":"2021-12-11T20:19:35","modified_gmt":"2021-12-11T20:19:35","slug":"les-employes","status":"publish","type":"page","link":"https:\/\/www.svu.edu.eg\/faculties\/com\/fr\/les-employes\/","title":{"rendered":"Les employ\u00e9s"},"content":{"rendered":"<table>\n<tbody>\n<tr>\n<td width=\"319\">\n<p style=\"text-align: left;\"><span style=\"font-family: arial, helvetica, sans-serif;\">Harby Ahmed Hofny Rashwan<\/span><\/p>\n<\/td>\n<td width=\"319\">\n<p style=\"text-align: center;\"><span style=\"font-family: arial, helvetica, sans-serif;\">Secr\u00e9taire<\/span><\/p>\n<\/td>\n<\/tr>\n<tr>\n<td width=\"319\"><span style=\"font-family: arial, helvetica, sans-serif;\">Taha Mohamed Mahmoud Taha<\/span><\/td>\n<td width=\"319\">\n<p style=\"text-align: center;\"><span style=\"font-family: arial, helvetica, sans-serif;\">Entr\u00e9e et conservation<\/span><\/p>\n<\/td>\n<\/tr>\n<tr>\n<td width=\"319\"><span style=\"font-family: arial, helvetica, sans-serif;\">Ragab Mohamed Abdelrahem<\/span><\/td>\n<td width=\"319\">\n<p style=\"text-align: center;\"><span style=\"font-family: arial, helvetica, sans-serif;\">Employ\u00e9<\/span><\/p>\n<\/td>\n<\/tr>\n<tr>\n<td width=\"319\"><span style=\"font-family: arial, helvetica, sans-serif;\">Anwar Abdel-kader Saed Gad<\/span><\/td>\n<td width=\"319\">\n<p style=\"text-align: center;\"><span style=\"font-family: arial, helvetica, sans-serif;\">Employ\u00e9<\/span><\/p>\n<\/td>\n<\/tr>\n<tr>\n<td width=\"319\">\n<table style=\"height: 65px;\" width=\"342\">\n<tbody>\n<tr>\n<td width=\"319\"><span style=\"font-family: arial, helvetica, sans-serif;\">Om Hashem Ashor Hesen Mohamed<\/span><\/td>\n<\/tr>\n<\/tbody>\n<\/table>\n<\/td>\n<td width=\"319\">\n<table>\n<tbody>\n<tr>\n<td width=\"319\">\n<p style=\"text-align: center;\"><span style=\"font-family: arial, helvetica, sans-serif;\">Employ\u00e9e<\/span><\/p>\n<\/td>\n<\/tr>\n<\/tbody>\n<\/table>\n<\/td>\n<\/tr>\n<\/tbody>\n<\/table>\n\n\n<p><\/p>\n","protected":false},"excerpt":{"rendered":"<p>Harby Ahmed Hofny Rashwan Secr\u00e9taire Taha Mohamed Mahmoud Taha Entr\u00e9e et conservation Ragab Mohamed Abdelrahem Employ\u00e9 Anwar Abdel-kader Saed Gad Employ\u00e9 Om Hashem Ashor Hesen Mohamed Employ\u00e9e<\/p>\n","protected":false},"author":2,"featured_media":0,"parent":0,"menu_order":0,"comment_status":"closed","ping_status":"closed","template":"","meta":[],"_links":{"self":[{"href":"https:\/\/www.svu.edu.eg\/faculties\/com\/wp-json\/wp\/v2\/pages\/7214"}],"collection":[{"href":"https:\/\/www.svu.edu.eg\/faculties\/com\/wp-json\/wp\/v2\/pages"}],"about":[{"href":"https:\/\/www.svu.edu.eg\/faculties\/com\/wp-json\/wp\/v2\/types\/page"}],"author":[{"embeddable":true,"href":"https:\/\/www.svu.edu.eg\/faculties\/com\/wp-json\/wp\/v2\/users\/2"}],"replies":[{"embeddable":true,"href":"https:\/\/www.svu.edu.eg\/faculties\/com\/wp-json\/wp\/v2\/comments?post=7214"}],"version-history":[{"count":3,"href":"https:\/\/www.svu.edu.eg\/faculties\/com\/wp-json\/wp\/v2\/pages\/7214\/revisions"}],"predecessor-version":[{"id":7286,"href":"https:\/\/www.svu.edu.eg\/faculties\/com\/wp-json\/wp\/v2\/pages\/7214\/revisions\/7286"}],"wp:attachment":[{"href":"https:\/\/www.svu.edu.eg\/faculties\/com\/wp-json\/wp\/v2\/media?parent=7214"}],"curies":[{"name":"wp","href":"https:\/\/api.w.org\/{rel}","templated":true}]}}