{"id":7209,"date":"2021-12-11T09:46:09","date_gmt":"2021-12-11T09:46:09","guid":{"rendered":"http:\/\/www.svu.edu.eg\/faculties\/com\/?page_id=7209"},"modified":"2021-12-11T19:56:13","modified_gmt":"2021-12-11T19:56:13","slug":"definition-de-la-gestion","status":"publish","type":"page","link":"https:\/\/www.svu.edu.eg\/faculties\/com\/fr\/achats\/definition-de-la-gestion\/","title":{"rendered":"D\u00e9finition de la gestion"},"content":{"rendered":"<p><span style=\"font-size: 14pt;\">Le service de l\u2019approvisionnement ach\u00e8te tous les mat\u00e9riaux n\u00e9cessaires (acupuncture scientifique, machines \u00e0 \u00e9crire, acoustique, plomberie, etc.).<\/span><\/p>\n","protected":false},"excerpt":{"rendered":"<p>Le service de l\u2019approvisionnement ach\u00e8te tous les mat\u00e9riaux n\u00e9cessaires (acupuncture scientifique, machines \u00e0 \u00e9crire, acoustique, plomberie, etc.).<\/p>\n","protected":false},"author":2,"featured_media":0,"parent":4833,"menu_order":0,"comment_status":"closed","ping_status":"closed","template":"","meta":[],"_links":{"self":[{"href":"https:\/\/www.svu.edu.eg\/faculties\/com\/wp-json\/wp\/v2\/pages\/7209"}],"collection":[{"href":"https:\/\/www.svu.edu.eg\/faculties\/com\/wp-json\/wp\/v2\/pages"}],"about":[{"href":"https:\/\/www.svu.edu.eg\/faculties\/com\/wp-json\/wp\/v2\/types\/page"}],"author":[{"embeddable":true,"href":"https:\/\/www.svu.edu.eg\/faculties\/com\/wp-json\/wp\/v2\/users\/2"}],"replies":[{"embeddable":true,"href":"https:\/\/www.svu.edu.eg\/faculties\/com\/wp-json\/wp\/v2\/comments?post=7209"}],"version-history":[{"count":1,"href":"https:\/\/www.svu.edu.eg\/faculties\/com\/wp-json\/wp\/v2\/pages\/7209\/revisions"}],"predecessor-version":[{"id":7210,"href":"https:\/\/www.svu.edu.eg\/faculties\/com\/wp-json\/wp\/v2\/pages\/7209\/revisions\/7210"}],"up":[{"embeddable":true,"href":"https:\/\/www.svu.edu.eg\/faculties\/com\/wp-json\/wp\/v2\/pages\/4833"}],"wp:attachment":[{"href":"https:\/\/www.svu.edu.eg\/faculties\/com\/wp-json\/wp\/v2\/media?parent=7209"}],"curies":[{"name":"wp","href":"https:\/\/api.w.org\/{rel}","templated":true}]}}