{"id":7198,"date":"2021-12-11T09:39:01","date_gmt":"2021-12-11T09:39:01","guid":{"rendered":"http:\/\/www.svu.edu.eg\/faculties\/com\/?page_id=7198"},"modified":"2021-12-11T19:37:58","modified_gmt":"2021-12-11T19:37:58","slug":"participation-aux-activites-et-comites","status":"publish","type":"page","link":"https:\/\/www.svu.edu.eg\/faculties\/com\/fr\/protection-de-la-jeunesse\/participation-aux-activites-et-comites\/","title":{"rendered":"Participation aux activit\u00e9s et comit\u00e9s"},"content":{"rendered":"<p><span style=\"font-size: 14pt;\">Pour participer aux comit\u00e9s, vous devez vous pr\u00e9senter \u00e0 l\u2019\u00e9lection au Syndicat \u00e9tudiant, que le Coll\u00e8ge annoncera comme secr\u00e9taire ou secr\u00e9taire adjoint de l\u2019un de ces comit\u00e9s du Syndicat \u00e9tudiant du Coll\u00e8ge \u00e0 son niveau divisionnaire, coll\u00e9gial ou universitaire.&nbsp;<\/span><\/p>\n","protected":false},"excerpt":{"rendered":"<p>Pour participer aux comit\u00e9s, vous devez vous pr\u00e9senter \u00e0 l\u2019\u00e9lection au Syndicat \u00e9tudiant, que le Coll\u00e8ge annoncera comme secr\u00e9taire ou secr\u00e9taire adjoint de l\u2019un de ces comit\u00e9s du Syndicat \u00e9tudiant [&hellip;]<\/p>\n","protected":false},"author":2,"featured_media":0,"parent":4826,"menu_order":0,"comment_status":"closed","ping_status":"closed","template":"","meta":[],"_links":{"self":[{"href":"https:\/\/www.svu.edu.eg\/faculties\/com\/wp-json\/wp\/v2\/pages\/7198"}],"collection":[{"href":"https:\/\/www.svu.edu.eg\/faculties\/com\/wp-json\/wp\/v2\/pages"}],"about":[{"href":"https:\/\/www.svu.edu.eg\/faculties\/com\/wp-json\/wp\/v2\/types\/page"}],"author":[{"embeddable":true,"href":"https:\/\/www.svu.edu.eg\/faculties\/com\/wp-json\/wp\/v2\/users\/2"}],"replies":[{"embeddable":true,"href":"https:\/\/www.svu.edu.eg\/faculties\/com\/wp-json\/wp\/v2\/comments?post=7198"}],"version-history":[{"count":2,"href":"https:\/\/www.svu.edu.eg\/faculties\/com\/wp-json\/wp\/v2\/pages\/7198\/revisions"}],"predecessor-version":[{"id":7200,"href":"https:\/\/www.svu.edu.eg\/faculties\/com\/wp-json\/wp\/v2\/pages\/7198\/revisions\/7200"}],"up":[{"embeddable":true,"href":"https:\/\/www.svu.edu.eg\/faculties\/com\/wp-json\/wp\/v2\/pages\/4826"}],"wp:attachment":[{"href":"https:\/\/www.svu.edu.eg\/faculties\/com\/wp-json\/wp\/v2\/media?parent=7198"}],"curies":[{"name":"wp","href":"https:\/\/api.w.org\/{rel}","templated":true}]}}