{"id":7195,"date":"2021-12-11T09:32:40","date_gmt":"2021-12-11T09:32:40","guid":{"rendered":"http:\/\/www.svu.edu.eg\/faculties\/com\/?page_id=7195"},"modified":"2021-12-11T19:37:00","modified_gmt":"2021-12-11T19:37:00","slug":"formation-des-syndicats-etudiants-et-de-leurs-comites","status":"publish","type":"page","link":"https:\/\/www.svu.edu.eg\/faculties\/com\/fr\/protection-de-la-jeunesse\/formation-des-syndicats-etudiants-et-de-leurs-comites\/","title":{"rendered":"Formation des syndicats \u00e9tudiants et de leurs comit\u00e9s"},"content":{"rendered":"<p><span style=\"font-size: 14pt;\"><strong>1. Comit\u00e9 des sports :<\/strong><\/span><\/p>\n<p><span style=\"font-size: 14pt;\">Il vise \u00e0 inculquer un esprit de comp\u00e9tition entre les \u00e9l\u00e8ves dans diverses activit\u00e9s sportives (tant en groupe que dans des jeux individuels) &#8211; pour d\u00e9velopper la conscience athl\u00e9tique &#8211; encourager les \u00e9tudiants non inscrits \u00e0 participer \u00e0 l\u2019activit\u00e9 en s\u00e9lectionnant les meilleurs \u00e9l\u00e9ments pour repr\u00e9senter le coll\u00e8ge ou l\u2019universit\u00e9 dans des activit\u00e9s externes.<\/span><\/p>\n<p><span style=\"font-size: 14pt;\"><strong>2.&nbsp; Comit\u00e9 sociale et excursions :<\/strong><\/span><\/p>\n<p><span style=\"font-size: 14pt;\">Il vise \u00e0 d\u00e9velopper et cr\u00e9er l\u2019innovation, former les \u00e9tudiants \u00e0 acqu\u00e9rir de l\u2019exp\u00e9rience et leur fournir des informations qui am\u00e9lioreront leur culture et d\u00e9velopper un sentiment de loyaut\u00e9 et de patriotisme en identifiant les caract\u00e9ristiques arch\u00e9ologiques et touristiques de la patrie.<\/span><\/p>\n<p><span style=\"font-size: 14pt;\"><strong>3.&nbsp; Comit\u00e9 culturel :<\/strong><\/span><\/p>\n<p><span style=\"font-size: 14pt;\">Il vise \u00e0 promouvoir la pens\u00e9e et la culture des \u00e9tudiants, \u00e0 promouvoir les jeunes talents dans toutes les sph\u00e8res culturelles, litt\u00e9raires, scientifiques, religieuses et nationales, et \u00e0 relier les jeunes aux questions de leur soci\u00e9t\u00e9 et de leur patrie.<\/span><\/p>\n","protected":false},"excerpt":{"rendered":"<p>1. Comit\u00e9 des sports : Il vise \u00e0 inculquer un esprit de comp\u00e9tition entre les \u00e9l\u00e8ves dans diverses activit\u00e9s sportives (tant en groupe que dans des jeux individuels) &#8211; pour [&hellip;]<\/p>\n","protected":false},"author":2,"featured_media":0,"parent":4826,"menu_order":0,"comment_status":"closed","ping_status":"closed","template":"","meta":[],"_links":{"self":[{"href":"https:\/\/www.svu.edu.eg\/faculties\/com\/wp-json\/wp\/v2\/pages\/7195"}],"collection":[{"href":"https:\/\/www.svu.edu.eg\/faculties\/com\/wp-json\/wp\/v2\/pages"}],"about":[{"href":"https:\/\/www.svu.edu.eg\/faculties\/com\/wp-json\/wp\/v2\/types\/page"}],"author":[{"embeddable":true,"href":"https:\/\/www.svu.edu.eg\/faculties\/com\/wp-json\/wp\/v2\/users\/2"}],"replies":[{"embeddable":true,"href":"https:\/\/www.svu.edu.eg\/faculties\/com\/wp-json\/wp\/v2\/comments?post=7195"}],"version-history":[{"count":3,"href":"https:\/\/www.svu.edu.eg\/faculties\/com\/wp-json\/wp\/v2\/pages\/7195\/revisions"}],"predecessor-version":[{"id":7257,"href":"https:\/\/www.svu.edu.eg\/faculties\/com\/wp-json\/wp\/v2\/pages\/7195\/revisions\/7257"}],"up":[{"embeddable":true,"href":"https:\/\/www.svu.edu.eg\/faculties\/com\/wp-json\/wp\/v2\/pages\/4826"}],"wp:attachment":[{"href":"https:\/\/www.svu.edu.eg\/faculties\/com\/wp-json\/wp\/v2\/media?parent=7195"}],"curies":[{"name":"wp","href":"https:\/\/api.w.org\/{rel}","templated":true}]}}