{"id":7193,"date":"2021-12-11T09:22:58","date_gmt":"2021-12-11T09:22:58","guid":{"rendered":"http:\/\/www.svu.edu.eg\/faculties\/com\/?page_id=7193"},"modified":"2021-12-11T19:36:16","modified_gmt":"2021-12-11T19:36:16","slug":"definition-de-la-gestion","status":"publish","type":"page","link":"https:\/\/www.svu.edu.eg\/faculties\/com\/fr\/protection-de-la-jeunesse\/definition-de-la-gestion\/","title":{"rendered":"D\u00e9finition de la gestion"},"content":{"rendered":"<p><span style=\"font-size: 14pt;\">L\u2019objectif de la Politique coll\u00e9giale sur le bien-\u00eatre des jeunes est de s\u2019occuper des activit\u00e9s \u00e9tudiantes dans tous les domaines (sports, activit\u00e9s sociales, culturelles, artistiques, tourn\u00e9es, fonctionnaires, familles d\u2019\u00e9tudiants, sciences et technologie). et de fournir une assistance sociale aux \u00e9tudiants en relevant la souffrance des \u00e9tudiants gr\u00e2ce au Fonds de solidarit\u00e9 sociale.<\/span><\/p>\n","protected":false},"excerpt":{"rendered":"<p>L\u2019objectif de la Politique coll\u00e9giale sur le bien-\u00eatre des jeunes est de s\u2019occuper des activit\u00e9s \u00e9tudiantes dans tous les domaines (sports, activit\u00e9s sociales, culturelles, artistiques, tourn\u00e9es, fonctionnaires, familles d\u2019\u00e9tudiants, sciences [&hellip;]<\/p>\n","protected":false},"author":2,"featured_media":0,"parent":4826,"menu_order":0,"comment_status":"closed","ping_status":"closed","template":"","meta":[],"_links":{"self":[{"href":"https:\/\/www.svu.edu.eg\/faculties\/com\/wp-json\/wp\/v2\/pages\/7193"}],"collection":[{"href":"https:\/\/www.svu.edu.eg\/faculties\/com\/wp-json\/wp\/v2\/pages"}],"about":[{"href":"https:\/\/www.svu.edu.eg\/faculties\/com\/wp-json\/wp\/v2\/types\/page"}],"author":[{"embeddable":true,"href":"https:\/\/www.svu.edu.eg\/faculties\/com\/wp-json\/wp\/v2\/users\/2"}],"replies":[{"embeddable":true,"href":"https:\/\/www.svu.edu.eg\/faculties\/com\/wp-json\/wp\/v2\/comments?post=7193"}],"version-history":[{"count":1,"href":"https:\/\/www.svu.edu.eg\/faculties\/com\/wp-json\/wp\/v2\/pages\/7193\/revisions"}],"predecessor-version":[{"id":7194,"href":"https:\/\/www.svu.edu.eg\/faculties\/com\/wp-json\/wp\/v2\/pages\/7193\/revisions\/7194"}],"up":[{"embeddable":true,"href":"https:\/\/www.svu.edu.eg\/faculties\/com\/wp-json\/wp\/v2\/pages\/4826"}],"wp:attachment":[{"href":"https:\/\/www.svu.edu.eg\/faculties\/com\/wp-json\/wp\/v2\/media?parent=7193"}],"curies":[{"name":"wp","href":"https:\/\/api.w.org\/{rel}","templated":true}]}}