{"id":7188,"date":"2021-12-11T08:11:58","date_gmt":"2021-12-11T08:11:58","guid":{"rendered":"http:\/\/www.svu.edu.eg\/faculties\/com\/?page_id=7188"},"modified":"2021-12-11T19:29:18","modified_gmt":"2021-12-11T19:29:18","slug":"fonction-de-gestion","status":"publish","type":"page","link":"https:\/\/www.svu.edu.eg\/faculties\/com\/fr\/les-etudes-superieurs\/fonction-de-gestion\/","title":{"rendered":"Fonction de gestion"},"content":{"rendered":"<p><span style=\"font-size: 14pt;\"><strong>Fonctions et comp\u00e9tences du D\u00e9partement des \u00e9tudes sup\u00e9rieures et de la recherche :<\/strong><\/span><\/p>\n<ol>\n<li><span style=\"font-size: 14pt;\">Annoncer la date \u00e0 laquelle l\u2019inscription et l\u2019inscription des \u00e9tudiants de troisi\u00e8me cycle au Coll\u00e8ge seront ouvertes au d\u00e9but de chaque nouvelle ann\u00e9e scolaire.<\/span><\/li>\n<li><span style=\"font-size: 14pt;\">Publicit\u00e9 des d\u00e9partements disponibles au Coll\u00e8ge pour les \u00e9tudiants qui souhaitent terminer leurs \u00e9tudes sup\u00e9rieures.<\/span><\/li>\n<li><span style=\"font-size: 14pt;\">La publicit\u00e9 des dipl\u00f4mes disponibles dans les d\u00e9partements de la facult\u00e9 pour ceux qui souhaitent les recevoir.<\/span><\/li>\n<\/ol>\n<ol start=\"4\">\n<li><span style=\"font-size: 14pt;\">Le D\u00e9partement re\u00e7oit les demandes et documents pour les \u00e9tudiants qui souhaitent s\u2019inscrire \u00e0 des \u00e9tudes sup\u00e9rieures, sous r\u00e9serve d\u2019examen, lois et d\u00e9cisions \u00e9mises par les autorit\u00e9s comp\u00e9tentes.<\/span><\/li>\n<li><span style=\"font-size: 14pt;\">Le D\u00e9partement adopte des proc\u00e9dures d\u2019inscription et d\u2019inscription pour les \u00e9tudiants des conseils concern\u00e9s.<\/span><\/li>\n<\/ol>\n","protected":false},"excerpt":{"rendered":"<p>Fonctions et comp\u00e9tences du D\u00e9partement des \u00e9tudes sup\u00e9rieures et de la recherche : Annoncer la date \u00e0 laquelle l\u2019inscription et l\u2019inscription des \u00e9tudiants de troisi\u00e8me cycle au Coll\u00e8ge seront ouvertes [&hellip;]<\/p>\n","protected":false},"author":2,"featured_media":0,"parent":4823,"menu_order":0,"comment_status":"closed","ping_status":"closed","template":"","meta":[],"_links":{"self":[{"href":"https:\/\/www.svu.edu.eg\/faculties\/com\/wp-json\/wp\/v2\/pages\/7188"}],"collection":[{"href":"https:\/\/www.svu.edu.eg\/faculties\/com\/wp-json\/wp\/v2\/pages"}],"about":[{"href":"https:\/\/www.svu.edu.eg\/faculties\/com\/wp-json\/wp\/v2\/types\/page"}],"author":[{"embeddable":true,"href":"https:\/\/www.svu.edu.eg\/faculties\/com\/wp-json\/wp\/v2\/users\/2"}],"replies":[{"embeddable":true,"href":"https:\/\/www.svu.edu.eg\/faculties\/com\/wp-json\/wp\/v2\/comments?post=7188"}],"version-history":[{"count":1,"href":"https:\/\/www.svu.edu.eg\/faculties\/com\/wp-json\/wp\/v2\/pages\/7188\/revisions"}],"predecessor-version":[{"id":7189,"href":"https:\/\/www.svu.edu.eg\/faculties\/com\/wp-json\/wp\/v2\/pages\/7188\/revisions\/7189"}],"up":[{"embeddable":true,"href":"https:\/\/www.svu.edu.eg\/faculties\/com\/wp-json\/wp\/v2\/pages\/4823"}],"wp:attachment":[{"href":"https:\/\/www.svu.edu.eg\/faculties\/com\/wp-json\/wp\/v2\/media?parent=7188"}],"curies":[{"name":"wp","href":"https:\/\/api.w.org\/{rel}","templated":true}]}}