{"id":7176,"date":"2021-12-11T07:53:17","date_gmt":"2021-12-11T07:53:17","guid":{"rendered":"http:\/\/www.svu.edu.eg\/faculties\/com\/?page_id=7176"},"modified":"2021-12-11T18:45:46","modified_gmt":"2021-12-11T18:45:46","slug":"les-services-fournis-par-le-departement","status":"publish","type":"page","link":"https:\/\/www.svu.edu.eg\/faculties\/com\/fr\/affaires-etudiants\/les-services-fournis-par-le-departement\/","title":{"rendered":"Les services fournis par le D\u00e9partement"},"content":{"rendered":"<p>Le D\u00e9partement des affaires \u00e9tudiantes est l\u2019un des d\u00e9partements les plus proches &#8211; avec ses relations directes avec les \u00e9tudiants, et avec ses nombreux &#8211; services et conseils n\u00e9cessaires, en particulier pour les nouveaux \u00e9tudiants dans les domaines de l\u2019\u00e9ducation et des affaires \u00e9tudiantes. L\u2019ordinateur est utilis\u00e9 pour saisir les donn\u00e9es des \u00e9tudiants et imprimer les r\u00e9sultats des cours adapt\u00e9s aux technologies de l\u2019information et \u00e0 la technologie modernes.<\/p>\n<p><u>&nbsp;<\/u><\/p>\n","protected":false},"excerpt":{"rendered":"<p>Le D\u00e9partement des affaires \u00e9tudiantes est l\u2019un des d\u00e9partements les plus proches &#8211; avec ses relations directes avec les \u00e9tudiants, et avec ses nombreux &#8211; services et conseils n\u00e9cessaires, en [&hellip;]<\/p>\n","protected":false},"author":2,"featured_media":0,"parent":4815,"menu_order":0,"comment_status":"closed","ping_status":"closed","template":"","meta":[],"_links":{"self":[{"href":"https:\/\/www.svu.edu.eg\/faculties\/com\/wp-json\/wp\/v2\/pages\/7176"}],"collection":[{"href":"https:\/\/www.svu.edu.eg\/faculties\/com\/wp-json\/wp\/v2\/pages"}],"about":[{"href":"https:\/\/www.svu.edu.eg\/faculties\/com\/wp-json\/wp\/v2\/types\/page"}],"author":[{"embeddable":true,"href":"https:\/\/www.svu.edu.eg\/faculties\/com\/wp-json\/wp\/v2\/users\/2"}],"replies":[{"embeddable":true,"href":"https:\/\/www.svu.edu.eg\/faculties\/com\/wp-json\/wp\/v2\/comments?post=7176"}],"version-history":[{"count":2,"href":"https:\/\/www.svu.edu.eg\/faculties\/com\/wp-json\/wp\/v2\/pages\/7176\/revisions"}],"predecessor-version":[{"id":7178,"href":"https:\/\/www.svu.edu.eg\/faculties\/com\/wp-json\/wp\/v2\/pages\/7176\/revisions\/7178"}],"up":[{"embeddable":true,"href":"https:\/\/www.svu.edu.eg\/faculties\/com\/wp-json\/wp\/v2\/pages\/4815"}],"wp:attachment":[{"href":"https:\/\/www.svu.edu.eg\/faculties\/com\/wp-json\/wp\/v2\/media?parent=7176"}],"curies":[{"name":"wp","href":"https:\/\/api.w.org\/{rel}","templated":true}]}}