{"id":4933,"date":"2020-12-20T07:16:53","date_gmt":"2020-12-20T07:16:53","guid":{"rendered":"http:\/\/www.svu.edu.eg\/faculties\/com\/?page_id=4933"},"modified":"2020-12-20T07:16:59","modified_gmt":"2020-12-20T07:16:59","slug":"services-etudes-superieures","status":"publish","type":"page","link":"https:\/\/www.svu.edu.eg\/faculties\/com\/fr\/services-etudes-superieures\/","title":{"rendered":"Services \u00e9tudes sup\u00e9rieures"},"content":{"rendered":"<ul>\n<li>Pr\u00e9sentation des \u00e9tudes sup\u00e9rieures pour l\u2019ann\u00e9e universitaire<\/li>\n<li>Lien vers les progr\u00e8s des \u00e9tudes sup\u00e9rieures<\/li>\n<li>Le r\u00e9sultat des \u00e9tudes sup\u00e9rieures (ancienne r\u00e9glementation )<\/li>\n<li>R\u00e9sultat Master Comptabilit\u00e9 professionnelle-Gestion d\u2019entreprise-Economie<\/li>\n<li>Tableau de distribution des cours pour les \u00e9tudes sup\u00e9rieures Trimestre d\u2019\u00e9t\u00e9 de l\u2019ann\u00e9e Universit\u00e9 2019-2020<\/li>\n<\/ul>\n","protected":false},"excerpt":{"rendered":"<p>Pr\u00e9sentation des \u00e9tudes sup\u00e9rieures pour l\u2019ann\u00e9e universitaire Lien vers les progr\u00e8s des \u00e9tudes sup\u00e9rieures Le r\u00e9sultat des \u00e9tudes sup\u00e9rieures (ancienne r\u00e9glementation ) R\u00e9sultat Master Comptabilit\u00e9 professionnelle-Gestion d\u2019entreprise-Economie Tableau de distribution [&hellip;]<\/p>\n","protected":false},"author":2,"featured_media":0,"parent":0,"menu_order":0,"comment_status":"closed","ping_status":"closed","template":"","meta":[],"_links":{"self":[{"href":"https:\/\/www.svu.edu.eg\/faculties\/com\/wp-json\/wp\/v2\/pages\/4933"}],"collection":[{"href":"https:\/\/www.svu.edu.eg\/faculties\/com\/wp-json\/wp\/v2\/pages"}],"about":[{"href":"https:\/\/www.svu.edu.eg\/faculties\/com\/wp-json\/wp\/v2\/types\/page"}],"author":[{"embeddable":true,"href":"https:\/\/www.svu.edu.eg\/faculties\/com\/wp-json\/wp\/v2\/users\/2"}],"replies":[{"embeddable":true,"href":"https:\/\/www.svu.edu.eg\/faculties\/com\/wp-json\/wp\/v2\/comments?post=4933"}],"version-history":[{"count":1,"href":"https:\/\/www.svu.edu.eg\/faculties\/com\/wp-json\/wp\/v2\/pages\/4933\/revisions"}],"predecessor-version":[{"id":4934,"href":"https:\/\/www.svu.edu.eg\/faculties\/com\/wp-json\/wp\/v2\/pages\/4933\/revisions\/4934"}],"wp:attachment":[{"href":"https:\/\/www.svu.edu.eg\/faculties\/com\/wp-json\/wp\/v2\/media?parent=4933"}],"curies":[{"name":"wp","href":"https:\/\/api.w.org\/{rel}","templated":true}]}}