{"id":4922,"date":"2020-12-20T07:04:41","date_gmt":"2020-12-20T07:04:41","guid":{"rendered":"http:\/\/www.svu.edu.eg\/faculties\/com\/?page_id=4922"},"modified":"2020-12-20T07:04:48","modified_gmt":"2020-12-20T07:04:48","slug":"les-cours","status":"publish","type":"page","link":"https:\/\/www.svu.edu.eg\/faculties\/com\/fr\/centre-de-formation-et-detudes-commerciales\/les-cours\/","title":{"rendered":"Les cours"},"content":{"rendered":"<p><strong>Le centre offre de nombreux cours, y compris :-<\/strong><\/p>\n<p>1- Pr\u00e9paration et perfectionnement des comp\u00e9tences des comptables<\/p>\n<p>2- Excel commercial<\/p>\n<p>3- La bourse et d&#8217;analyse financi\u00e8re<\/p>\n<p>4-&nbsp; Utiliser SPSS dans l\u2019analyse statistique<\/p>\n<p>5- \u00c9tudes de faisabilit\u00e9 et \u00e9valuation de projet<\/p>\n<p>6- D\u00e9veloppement des ressources humaines<\/p>\n<p>7- Pr\u00e9paration biographique et entrevues personnelles<\/p>\n<p>8- Une vari\u00e9t\u00e9 d\u2019autres cours<\/p>\n","protected":false},"excerpt":{"rendered":"<p>Le centre offre de nombreux cours, y compris :- 1- Pr\u00e9paration et perfectionnement des comp\u00e9tences des comptables 2- Excel commercial 3- La bourse et d&#8217;analyse financi\u00e8re 4-&nbsp; Utiliser SPSS dans [&hellip;]<\/p>\n","protected":false},"author":2,"featured_media":0,"parent":4906,"menu_order":0,"comment_status":"closed","ping_status":"closed","template":"","meta":[],"_links":{"self":[{"href":"https:\/\/www.svu.edu.eg\/faculties\/com\/wp-json\/wp\/v2\/pages\/4922"}],"collection":[{"href":"https:\/\/www.svu.edu.eg\/faculties\/com\/wp-json\/wp\/v2\/pages"}],"about":[{"href":"https:\/\/www.svu.edu.eg\/faculties\/com\/wp-json\/wp\/v2\/types\/page"}],"author":[{"embeddable":true,"href":"https:\/\/www.svu.edu.eg\/faculties\/com\/wp-json\/wp\/v2\/users\/2"}],"replies":[{"embeddable":true,"href":"https:\/\/www.svu.edu.eg\/faculties\/com\/wp-json\/wp\/v2\/comments?post=4922"}],"version-history":[{"count":2,"href":"https:\/\/www.svu.edu.eg\/faculties\/com\/wp-json\/wp\/v2\/pages\/4922\/revisions"}],"predecessor-version":[{"id":4924,"href":"https:\/\/www.svu.edu.eg\/faculties\/com\/wp-json\/wp\/v2\/pages\/4922\/revisions\/4924"}],"up":[{"embeddable":true,"href":"https:\/\/www.svu.edu.eg\/faculties\/com\/wp-json\/wp\/v2\/pages\/4906"}],"wp:attachment":[{"href":"https:\/\/www.svu.edu.eg\/faculties\/com\/wp-json\/wp\/v2\/media?parent=4922"}],"curies":[{"name":"wp","href":"https:\/\/api.w.org\/{rel}","templated":true}]}}