{"id":4919,"date":"2020-12-20T06:57:19","date_gmt":"2020-12-20T06:57:19","guid":{"rendered":"http:\/\/www.svu.edu.eg\/faculties\/com\/?page_id=4919"},"modified":"2020-12-20T06:57:26","modified_gmt":"2020-12-20T06:57:26","slug":"objectifs","status":"publish","type":"page","link":"https:\/\/www.svu.edu.eg\/faculties\/com\/fr\/centre-de-formation-et-detudes-commerciales\/objectifs\/","title":{"rendered":"Objectifs"},"content":{"rendered":"<p>1- Aider l\u2019Universit\u00e9 dans le domaine de l\u2019\u00e9ducation des \u00e9tudiants et de la formation en recherche .<\/p>\n<p>2- Aider l\u2019activit\u00e9 productive \u00e0 r\u00e9soudre les probl\u00e8mes r\u00e9els de l\u2019activit\u00e9 .<\/p>\n<p>3- Formation des membres de la soci\u00e9t\u00e9 \u00e0 l\u2019utilisation des m\u00e9thodes scientifiques et techniques et \u00e0 l\u2019am\u00e9lioration de leur efficacit\u00e9 productive .<\/p>\n<p>4- Contribution \u00e0 la mise en \u0153uvre des projets de l\u2019Universit\u00e9 .<\/p>\n<p>5- \u00e9lever le niveau scientifique des \u00e9tudiants et des dipl\u00f4m\u00e9s .<\/p>\n<p>6- Au service de la communaut\u00e9 universitaire et de l\u2019environnement environnant par le d\u00e9veloppement et la formation de composantes humaines et la prestation de services consultatifs .<\/p>\n","protected":false},"excerpt":{"rendered":"<p>1- Aider l\u2019Universit\u00e9 dans le domaine de l\u2019\u00e9ducation des \u00e9tudiants et de la formation en recherche . 2- Aider l\u2019activit\u00e9 productive \u00e0 r\u00e9soudre les probl\u00e8mes r\u00e9els de l\u2019activit\u00e9 . 3- [&hellip;]<\/p>\n","protected":false},"author":2,"featured_media":0,"parent":4906,"menu_order":0,"comment_status":"closed","ping_status":"closed","template":"","meta":[],"_links":{"self":[{"href":"https:\/\/www.svu.edu.eg\/faculties\/com\/wp-json\/wp\/v2\/pages\/4919"}],"collection":[{"href":"https:\/\/www.svu.edu.eg\/faculties\/com\/wp-json\/wp\/v2\/pages"}],"about":[{"href":"https:\/\/www.svu.edu.eg\/faculties\/com\/wp-json\/wp\/v2\/types\/page"}],"author":[{"embeddable":true,"href":"https:\/\/www.svu.edu.eg\/faculties\/com\/wp-json\/wp\/v2\/users\/2"}],"replies":[{"embeddable":true,"href":"https:\/\/www.svu.edu.eg\/faculties\/com\/wp-json\/wp\/v2\/comments?post=4919"}],"version-history":[{"count":1,"href":"https:\/\/www.svu.edu.eg\/faculties\/com\/wp-json\/wp\/v2\/pages\/4919\/revisions"}],"predecessor-version":[{"id":4920,"href":"https:\/\/www.svu.edu.eg\/faculties\/com\/wp-json\/wp\/v2\/pages\/4919\/revisions\/4920"}],"up":[{"embeddable":true,"href":"https:\/\/www.svu.edu.eg\/faculties\/com\/wp-json\/wp\/v2\/pages\/4906"}],"wp:attachment":[{"href":"https:\/\/www.svu.edu.eg\/faculties\/com\/wp-json\/wp\/v2\/media?parent=4919"}],"curies":[{"name":"wp","href":"https:\/\/api.w.org\/{rel}","templated":true}]}}