{"id":4912,"date":"2020-12-20T06:50:15","date_gmt":"2020-12-20T06:50:15","guid":{"rendered":"http:\/\/www.svu.edu.eg\/faculties\/com\/?page_id=4912"},"modified":"2020-12-20T06:50:28","modified_gmt":"2020-12-20T06:50:28","slug":"communiquer","status":"publish","type":"page","link":"https:\/\/www.svu.edu.eg\/faculties\/com\/fr\/centre-de-formation-et-detudes-commerciales\/communiquer\/","title":{"rendered":"Communiquer"},"content":{"rendered":"<p>M\/ Gamal Abdelwahed ( Directeur du laboratoire \u00e0 la Facult\u00e9 de commerce )<\/p>\n<p>T\/ 01224187512&nbsp;&nbsp;&nbsp;&nbsp;&nbsp;&nbsp;&nbsp;&nbsp;&nbsp;&nbsp;&nbsp;&nbsp;&nbsp;&nbsp;&nbsp;&nbsp;&nbsp; T\u00e9l\u00e9copie : 0963217207<\/p>\n<p>Ou par l\u2019interm\u00e9diaire du Facebook Centre { Centre de formation \u00e9tudies de la Facult\u00e9 de Commerce \u00e0 Qena }<\/p>\n","protected":false},"excerpt":{"rendered":"<p>M\/ Gamal Abdelwahed ( Directeur du laboratoire \u00e0 la Facult\u00e9 de commerce ) T\/ 01224187512&nbsp;&nbsp;&nbsp;&nbsp;&nbsp;&nbsp;&nbsp;&nbsp;&nbsp;&nbsp;&nbsp;&nbsp;&nbsp;&nbsp;&nbsp;&nbsp;&nbsp; T\u00e9l\u00e9copie : 0963217207 Ou par l\u2019interm\u00e9diaire du Facebook Centre { Centre de formation \u00e9tudies de [&hellip;]<\/p>\n","protected":false},"author":2,"featured_media":0,"parent":4906,"menu_order":0,"comment_status":"closed","ping_status":"closed","template":"","meta":[],"_links":{"self":[{"href":"https:\/\/www.svu.edu.eg\/faculties\/com\/wp-json\/wp\/v2\/pages\/4912"}],"collection":[{"href":"https:\/\/www.svu.edu.eg\/faculties\/com\/wp-json\/wp\/v2\/pages"}],"about":[{"href":"https:\/\/www.svu.edu.eg\/faculties\/com\/wp-json\/wp\/v2\/types\/page"}],"author":[{"embeddable":true,"href":"https:\/\/www.svu.edu.eg\/faculties\/com\/wp-json\/wp\/v2\/users\/2"}],"replies":[{"embeddable":true,"href":"https:\/\/www.svu.edu.eg\/faculties\/com\/wp-json\/wp\/v2\/comments?post=4912"}],"version-history":[{"count":2,"href":"https:\/\/www.svu.edu.eg\/faculties\/com\/wp-json\/wp\/v2\/pages\/4912\/revisions"}],"predecessor-version":[{"id":4914,"href":"https:\/\/www.svu.edu.eg\/faculties\/com\/wp-json\/wp\/v2\/pages\/4912\/revisions\/4914"}],"up":[{"embeddable":true,"href":"https:\/\/www.svu.edu.eg\/faculties\/com\/wp-json\/wp\/v2\/pages\/4906"}],"wp:attachment":[{"href":"https:\/\/www.svu.edu.eg\/faculties\/com\/wp-json\/wp\/v2\/media?parent=4912"}],"curies":[{"name":"wp","href":"https:\/\/api.w.org\/{rel}","templated":true}]}}