{"id":4909,"date":"2020-12-20T06:46:02","date_gmt":"2020-12-20T06:46:02","guid":{"rendered":"http:\/\/www.svu.edu.eg\/faculties\/com\/?page_id=4909"},"modified":"2020-12-20T06:46:08","modified_gmt":"2020-12-20T06:46:08","slug":"mot-de-directeur","status":"publish","type":"page","link":"https:\/\/www.svu.edu.eg\/faculties\/com\/fr\/centre-de-formation-et-detudes-commerciales\/mot-de-directeur\/","title":{"rendered":"Mot de directeur"},"content":{"rendered":"<p>Je suis heureux d\u2019annoncer la reprise de l\u2019activit\u00e9 de centre de formation et d\u2019\u00e9tudes commerciales \u00e0 la Facult\u00e9 de commerce \u00e0 partir de 1\/10\/2019 et c\u2019est une occasion pr\u00e9cieuse pour les \u00e9tudiants d\u2019acqu\u00e9rir une gamme de comp\u00e9tences qui soutiennent leurs connaissances et d\u2019\u00e9tudier pendant l\u2019inscription \u00e0 l\u2019\u00e9cole p\u00e9riode, pr\u00e9parer un dipl\u00f4m\u00e9 hautement qualifi\u00e9 et comp\u00e9titif sur le march\u00e9 du travail.<\/p>\n<p>Directeur du Centre de formation et d\u2019\u00e9tudes commerciales, Dr\/ Ramadan Aref Ramadan<\/p>\n","protected":false},"excerpt":{"rendered":"<p>Je suis heureux d\u2019annoncer la reprise de l\u2019activit\u00e9 de centre de formation et d\u2019\u00e9tudes commerciales \u00e0 la Facult\u00e9 de commerce \u00e0 partir de 1\/10\/2019 et c\u2019est une occasion pr\u00e9cieuse pour [&hellip;]<\/p>\n","protected":false},"author":2,"featured_media":0,"parent":4906,"menu_order":0,"comment_status":"closed","ping_status":"closed","template":"","meta":[],"_links":{"self":[{"href":"https:\/\/www.svu.edu.eg\/faculties\/com\/wp-json\/wp\/v2\/pages\/4909"}],"collection":[{"href":"https:\/\/www.svu.edu.eg\/faculties\/com\/wp-json\/wp\/v2\/pages"}],"about":[{"href":"https:\/\/www.svu.edu.eg\/faculties\/com\/wp-json\/wp\/v2\/types\/page"}],"author":[{"embeddable":true,"href":"https:\/\/www.svu.edu.eg\/faculties\/com\/wp-json\/wp\/v2\/users\/2"}],"replies":[{"embeddable":true,"href":"https:\/\/www.svu.edu.eg\/faculties\/com\/wp-json\/wp\/v2\/comments?post=4909"}],"version-history":[{"count":1,"href":"https:\/\/www.svu.edu.eg\/faculties\/com\/wp-json\/wp\/v2\/pages\/4909\/revisions"}],"predecessor-version":[{"id":4910,"href":"https:\/\/www.svu.edu.eg\/faculties\/com\/wp-json\/wp\/v2\/pages\/4909\/revisions\/4910"}],"up":[{"embeddable":true,"href":"https:\/\/www.svu.edu.eg\/faculties\/com\/wp-json\/wp\/v2\/pages\/4906"}],"wp:attachment":[{"href":"https:\/\/www.svu.edu.eg\/faculties\/com\/wp-json\/wp\/v2\/media?parent=4909"}],"curies":[{"name":"wp","href":"https:\/\/api.w.org\/{rel}","templated":true}]}}