{"id":4903,"date":"2020-12-20T06:40:26","date_gmt":"2020-12-20T06:40:26","guid":{"rendered":"http:\/\/www.svu.edu.eg\/faculties\/com\/?page_id=4903"},"modified":"2020-12-20T06:40:33","modified_gmt":"2020-12-20T06:40:33","slug":"communiquer","status":"publish","type":"page","link":"https:\/\/www.svu.edu.eg\/faculties\/com\/fr\/qualite-et-certification\/communiquer\/","title":{"rendered":"Communiquer"},"content":{"rendered":"<p>Sixi\u00e8me \u00e9tage &#8211; b\u00e2timent de la Facult\u00e9 de Commerce Qena &#8211; Universit\u00e9 du Sud La vall\u00e9e<\/p>\n<p>T\u00e9l\u00e9copie : 0965211279<\/p>\n<p>Pour communiquer par courriel<\/p>\n<p><a href=\"mailto:qacom@com.svu.edu.eg\">qacom@com.svu.edu.eg<\/a><\/p>\n","protected":false},"excerpt":{"rendered":"<p>Sixi\u00e8me \u00e9tage &#8211; b\u00e2timent de la Facult\u00e9 de Commerce Qena &#8211; Universit\u00e9 du Sud La vall\u00e9e T\u00e9l\u00e9copie : 0965211279 Pour communiquer par courriel qacom@com.svu.edu.eg<\/p>\n","protected":false},"author":2,"featured_media":0,"parent":4881,"menu_order":0,"comment_status":"closed","ping_status":"closed","template":"","meta":[],"_links":{"self":[{"href":"https:\/\/www.svu.edu.eg\/faculties\/com\/wp-json\/wp\/v2\/pages\/4903"}],"collection":[{"href":"https:\/\/www.svu.edu.eg\/faculties\/com\/wp-json\/wp\/v2\/pages"}],"about":[{"href":"https:\/\/www.svu.edu.eg\/faculties\/com\/wp-json\/wp\/v2\/types\/page"}],"author":[{"embeddable":true,"href":"https:\/\/www.svu.edu.eg\/faculties\/com\/wp-json\/wp\/v2\/users\/2"}],"replies":[{"embeddable":true,"href":"https:\/\/www.svu.edu.eg\/faculties\/com\/wp-json\/wp\/v2\/comments?post=4903"}],"version-history":[{"count":1,"href":"https:\/\/www.svu.edu.eg\/faculties\/com\/wp-json\/wp\/v2\/pages\/4903\/revisions"}],"predecessor-version":[{"id":4904,"href":"https:\/\/www.svu.edu.eg\/faculties\/com\/wp-json\/wp\/v2\/pages\/4903\/revisions\/4904"}],"up":[{"embeddable":true,"href":"https:\/\/www.svu.edu.eg\/faculties\/com\/wp-json\/wp\/v2\/pages\/4881"}],"wp:attachment":[{"href":"https:\/\/www.svu.edu.eg\/faculties\/com\/wp-json\/wp\/v2\/media?parent=4903"}],"curies":[{"name":"wp","href":"https:\/\/api.w.org\/{rel}","templated":true}]}}