{"id":4864,"date":"2020-12-19T11:18:54","date_gmt":"2020-12-19T11:18:54","guid":{"rendered":"http:\/\/www.svu.edu.eg\/faculties\/com\/?page_id=4864"},"modified":"2020-12-19T11:19:03","modified_gmt":"2020-12-19T11:19:03","slug":"lequipe","status":"publish","type":"page","link":"https:\/\/www.svu.edu.eg\/faculties\/com\/fr\/services-electronique\/lequipe\/","title":{"rendered":"L&#8217;\u00e9quipe"},"content":{"rendered":"<p><img decoding=\"async\" class=\"aligncenter\" src=\"http:\/\/www.svu.edu.eg\/faculties\/com\/wp-content\/uploads\/2019\/12\/ahmed-bakhet1.jpg\"><\/p>\n<p style=\"text-align: center;\">Dr\/ Ahmed Bakhet EL-Ansary<\/p>\n<p style=\"text-align: center;\">Directeur<\/p>\n<p style=\"text-align: center;\"><img decoding=\"async\" src=\"http:\/\/www.svu.edu.eg\/faculties\/com\/wp-content\/uploads\/2019\/12\/D8ADD985D8A7D8AFD8A9_D985D8ADD985D8AFD8A7D984D8B3D98AD8AF1.jpg\"><\/p>\n<p style=\"text-align: center;\">Hamada Mohamed El-saied El-shehk<\/p>\n<p style=\"text-align: center;\">Responsable r\u00e9seaux et la maintenance<\/p>\n<p style=\"text-align: center;\"><img decoding=\"async\" class=\"aligncenter\" src=\"http:\/\/www.svu.edu.eg\/faculties\/com\/wp-content\/uploads\/2019\/12\/hassan20181.png\"> Hassan Mahmoud Hassan<\/p>\n<p style=\"text-align: center;\">Responsable du portail et de la biblioth\u00e8que num\u00e9rique<\/p>\n<p><img decoding=\"async\" class=\"aligncenter\" src=\"http:\/\/www.svu.edu.eg\/faculties\/com\/wp-content\/uploads\/2019\/12\/mahmoud1-1.jpg\"><\/p>\n<p style=\"text-align: center;\"><strong>Mahmoud Ahmed Mahmoud<\/strong><\/p>\n<p style=\"text-align: center;\"><strong>Responsable des syst\u00e8mes d\u2019information<\/strong><\/p>\n<p style=\"text-align: center;\">\n<p>&nbsp;<\/p>\n<p>&nbsp;<\/p>\n","protected":false},"excerpt":{"rendered":"<p>Dr\/ Ahmed Bakhet EL-Ansary Directeur Hamada Mohamed El-saied El-shehk Responsable r\u00e9seaux et la maintenance Hassan Mahmoud Hassan Responsable du portail et de la biblioth\u00e8que num\u00e9rique Mahmoud Ahmed Mahmoud Responsable des [&hellip;]<\/p>\n","protected":false},"author":2,"featured_media":0,"parent":4855,"menu_order":0,"comment_status":"closed","ping_status":"closed","template":"","meta":[],"_links":{"self":[{"href":"https:\/\/www.svu.edu.eg\/faculties\/com\/wp-json\/wp\/v2\/pages\/4864"}],"collection":[{"href":"https:\/\/www.svu.edu.eg\/faculties\/com\/wp-json\/wp\/v2\/pages"}],"about":[{"href":"https:\/\/www.svu.edu.eg\/faculties\/com\/wp-json\/wp\/v2\/types\/page"}],"author":[{"embeddable":true,"href":"https:\/\/www.svu.edu.eg\/faculties\/com\/wp-json\/wp\/v2\/users\/2"}],"replies":[{"embeddable":true,"href":"https:\/\/www.svu.edu.eg\/faculties\/com\/wp-json\/wp\/v2\/comments?post=4864"}],"version-history":[{"count":2,"href":"https:\/\/www.svu.edu.eg\/faculties\/com\/wp-json\/wp\/v2\/pages\/4864\/revisions"}],"predecessor-version":[{"id":4866,"href":"https:\/\/www.svu.edu.eg\/faculties\/com\/wp-json\/wp\/v2\/pages\/4864\/revisions\/4866"}],"up":[{"embeddable":true,"href":"https:\/\/www.svu.edu.eg\/faculties\/com\/wp-json\/wp\/v2\/pages\/4855"}],"wp:attachment":[{"href":"https:\/\/www.svu.edu.eg\/faculties\/com\/wp-json\/wp\/v2\/media?parent=4864"}],"curies":[{"name":"wp","href":"https:\/\/api.w.org\/{rel}","templated":true}]}}