{"id":4790,"date":"2020-12-19T07:49:23","date_gmt":"2020-12-19T07:49:23","guid":{"rendered":"http:\/\/www.svu.edu.eg\/faculties\/com\/?page_id=4790"},"modified":"2020-12-19T07:49:38","modified_gmt":"2020-12-19T07:49:38","slug":"vice-doyen-de-leducation-et-des-affaires-etudiantes","status":"publish","type":"page","link":"https:\/\/www.svu.edu.eg\/faculties\/com\/fr\/vice-doyen-de-leducation-et-des-affaires-etudiantes\/","title":{"rendered":"Vice-doyen de l\u2019\u00e9ducation et des affaires \u00e9tudiantes"},"content":{"rendered":"<p><img decoding=\"async\" loading=\"lazy\" class=\"aligncenter\" src=\"http:\/\/www.svu.edu.eg\/faculties\/com\/wp-content\/uploads\/2019\/11\/abo-elhamd1-1.jpg\" width=\"156\" height=\"218\"><\/p>\n<p>Dr\/ Abo-Elhamd Mostafa Saleh Osman<\/p>\n<p>Mes fils et filles \u00e9tudiants \u00e0 la Facult\u00e9 de commerce. Bonne ann\u00e9e et je vous souhaite le meilleur dans l\u2019\u00e9tude et la pratique des activit\u00e9s culturelles, sociales et sportives, que le Coll\u00e8ge offre toutes les possibilit\u00e9s qui contribuent \u00e0 l\u2019avancement du processus \u00e9ducatif et des activit\u00e9s \u00e9tudiantes, ce qui exige de nous tous en tant que professeurs, administratifs et \u00e9tudiants en tant qu\u2019\u00e9quipe .<\/p>\n","protected":false},"excerpt":{"rendered":"<p>Dr\/ Abo-Elhamd Mostafa Saleh Osman Mes fils et filles \u00e9tudiants \u00e0 la Facult\u00e9 de commerce. Bonne ann\u00e9e et je vous souhaite le meilleur dans l\u2019\u00e9tude et la pratique des activit\u00e9s [&hellip;]<\/p>\n","protected":false},"author":2,"featured_media":0,"parent":0,"menu_order":0,"comment_status":"closed","ping_status":"closed","template":"","meta":[],"_links":{"self":[{"href":"https:\/\/www.svu.edu.eg\/faculties\/com\/wp-json\/wp\/v2\/pages\/4790"}],"collection":[{"href":"https:\/\/www.svu.edu.eg\/faculties\/com\/wp-json\/wp\/v2\/pages"}],"about":[{"href":"https:\/\/www.svu.edu.eg\/faculties\/com\/wp-json\/wp\/v2\/types\/page"}],"author":[{"embeddable":true,"href":"https:\/\/www.svu.edu.eg\/faculties\/com\/wp-json\/wp\/v2\/users\/2"}],"replies":[{"embeddable":true,"href":"https:\/\/www.svu.edu.eg\/faculties\/com\/wp-json\/wp\/v2\/comments?post=4790"}],"version-history":[{"count":2,"href":"https:\/\/www.svu.edu.eg\/faculties\/com\/wp-json\/wp\/v2\/pages\/4790\/revisions"}],"predecessor-version":[{"id":4792,"href":"https:\/\/www.svu.edu.eg\/faculties\/com\/wp-json\/wp\/v2\/pages\/4790\/revisions\/4792"}],"wp:attachment":[{"href":"https:\/\/www.svu.edu.eg\/faculties\/com\/wp-json\/wp\/v2\/media?parent=4790"}],"curies":[{"name":"wp","href":"https:\/\/api.w.org\/{rel}","templated":true}]}}