{"id":4734,"date":"2020-12-12T07:38:41","date_gmt":"2020-12-12T07:38:41","guid":{"rendered":"http:\/\/www.svu.edu.eg\/faculties\/com\/?page_id=4734"},"modified":"2020-12-12T07:42:31","modified_gmt":"2020-12-12T07:42:31","slug":"regalement-scolaire-de-la-faculte-de-commerce","status":"publish","type":"page","link":"https:\/\/www.svu.edu.eg\/faculties\/com\/fr\/regalement-scolaire-de-la-faculte-de-commerce\/","title":{"rendered":"R\u00e9galement scolaire de la facult\u00e9 de commerce"},"content":{"rendered":"<ul>\n<li>&nbsp;&nbsp; R\u00e9galement de l&#8217;\u00e9tape du baccalaur\u00e9at de la facult\u00e9 de commerce<\/li>\n<li>&nbsp; &nbsp;R\u00e9galement des \u00e9tudes sup\u00e9rieures \u00e0 la Facult\u00e9 de commerce<\/li>\n<\/ul>\n","protected":false},"excerpt":{"rendered":"<p>&nbsp;&nbsp; R\u00e9galement de l&#8217;\u00e9tape du baccalaur\u00e9at de la facult\u00e9 de commerce &nbsp; &nbsp;R\u00e9galement des \u00e9tudes sup\u00e9rieures \u00e0 la Facult\u00e9 de commerce<\/p>\n","protected":false},"author":2,"featured_media":0,"parent":0,"menu_order":0,"comment_status":"closed","ping_status":"closed","template":"","meta":[],"_links":{"self":[{"href":"https:\/\/www.svu.edu.eg\/faculties\/com\/wp-json\/wp\/v2\/pages\/4734"}],"collection":[{"href":"https:\/\/www.svu.edu.eg\/faculties\/com\/wp-json\/wp\/v2\/pages"}],"about":[{"href":"https:\/\/www.svu.edu.eg\/faculties\/com\/wp-json\/wp\/v2\/types\/page"}],"author":[{"embeddable":true,"href":"https:\/\/www.svu.edu.eg\/faculties\/com\/wp-json\/wp\/v2\/users\/2"}],"replies":[{"embeddable":true,"href":"https:\/\/www.svu.edu.eg\/faculties\/com\/wp-json\/wp\/v2\/comments?post=4734"}],"version-history":[{"count":2,"href":"https:\/\/www.svu.edu.eg\/faculties\/com\/wp-json\/wp\/v2\/pages\/4734\/revisions"}],"predecessor-version":[{"id":4736,"href":"https:\/\/www.svu.edu.eg\/faculties\/com\/wp-json\/wp\/v2\/pages\/4734\/revisions\/4736"}],"wp:attachment":[{"href":"https:\/\/www.svu.edu.eg\/faculties\/com\/wp-json\/wp\/v2\/media?parent=4734"}],"curies":[{"name":"wp","href":"https:\/\/api.w.org\/{rel}","templated":true}]}}