{"id":4725,"date":"2020-12-12T07:20:25","date_gmt":"2020-12-12T07:20:25","guid":{"rendered":"http:\/\/www.svu.edu.eg\/faculties\/com\/?page_id=4725"},"modified":"2020-12-12T07:23:41","modified_gmt":"2020-12-12T07:23:41","slug":"histoire-de-faculte","status":"publish","type":"page","link":"https:\/\/www.svu.edu.eg\/faculties\/com\/fr\/histoire-de-faculte\/","title":{"rendered":"Histoire de facult\u00e9"},"content":{"rendered":"<p>L\u2019\u00e9tude a d\u00e9but\u00e9 \u00e0 la Facult\u00e9 de Commerce \u00e0 Qena en tant que branche de la Facult\u00e9 de Commerce de l\u2019Universit\u00e9 de Suhaj de la Vall\u00e9e du sud en 2000\/2001 L\u2019\u00e9tude a \u00e9t\u00e9 la division arabe et, en 2001\/2002 la Division a \u00e9t\u00e9 ouverte en anglais, et le Prof\/ Osman Mohamed Yessin Faraj, professeur de comptabilit\u00e9 et d\u2019audit, a \u00e9t\u00e9 nomm\u00e9 superviseur de la Facult\u00e9 de commerce au cours de la p\u00e9riode ( 2000-2003) Le directeur de l\u2019Universit\u00e9 \u00e9tait Prof\/Abdel-Matin Mousa .<\/p>\n<p>Dr\/ Mohamed Nashaat Fouad Mohamed, professeur de comptabilit\u00e9 et d&#8217;audit , a \u00e9t\u00e9 nomm\u00e9 superviseur de la Facult\u00e9 au cours de la p\u00e9riode 2003-2006.<\/p>\n<p>Depuis l\u2019inauguration de l\u2019Universit\u00e9 de Sohag, Prof\/ Abbas Mohammed Mansour en 2006, un d\u00e9cret r\u00e9publicain n\u00b0 129 de 2006, \u00e9tablissant l\u2019ind\u00e9pendance de la Facult\u00e9 de Commerce, est rest\u00e9 un coll\u00e8ge ind\u00e9pendant \u00e0 l\u2019Universit\u00e9 de la vall\u00e9e du sud , la Facult\u00e9 de Commerce de l\u2019Universit\u00e9 de Sohag et son directeur, Et il en a pris la direction Prof\/ Osman Mohamed Yasen , ont pris leur retraite en 2007.<\/p>\n<p>Le vice-pr\u00e9sident des \u00e9tudes sup\u00e9rieures et de la recherche de l\u2019Universit\u00e9, Prof\/ Abdul-Fattah Mohammad Hashem, a \u00e9t\u00e9 nomm\u00e9 superviseur de la facult\u00e9 pour un an \u00e0 compter de 2008. Le directeur de la facult\u00e9, Prof\/ Jamal Ibrahim Hassan, a \u00e9t\u00e9 nomm\u00e9 professeur d\u2019\u00e9conomie de juillet 2008 \u00e0 juillet 2017.<\/p>\n<p>Depuis ao\u00fbt 2017, la Facult\u00e9 d\u2019\u00e9ducation est dirig\u00e9e par Prof\/ Alaa Taj Edin Mohamed, professeur de la gestion et vice-doyen aux \u00e9tudes sup\u00e9rieures et \u00e0 la recherche , En mars 2018, Dr\/ Mahmoud Hamid Mahmoud Abdel-Razek, professeur d\u2019\u00e9conomie et vice-doyen de la Facult\u00e9 des affaires environnementales et du service communautaire, a repris les travaux du doyen de la facult\u00e9 jusqu\u2019\u00e0 pr\u00e9sent.<\/p>\n<p>la premi\u00e8re promotion du coll\u00e8ge a obtenu grad\u00e9 en tant que branche de la facult\u00e9 de commerce en 2004 est titulaire du Baccalaur\u00e9at Computations en arabe, en 2005 la premi\u00e8re promotion \u00e9tant un Baccalaur\u00e9at Computations en anglais.<\/p>\n<p>Apr\u00e8s avoir \u00e9t\u00e9 s\u00e9par\u00e9e comme un coll\u00e8ge ind\u00e9pendant \u00e0 l\u2019Universit\u00e9 de la Vall\u00e9e du Sud, elle a obtenu son premier dipl\u00f4me L\u2019ann\u00e9e 2009 a \u00e9t\u00e9 une classe de la Division de comptabilit\u00e9 arabe et anglais ,\u00a0 Le Coll\u00e8ge s\u2019est ensuite d\u00e9velopp\u00e9 avec les d\u00e9cisions du Conseil universitaire en 2006\/2007<\/p>\n<p>Le Conseil de l\u2019Universit\u00e9 a d\u00e9cid\u00e9 d\u2019ouvrir des hautes \u00e9tudes (doctorat, ma\u00eetrise, dipl\u00f4me) a \u00e9t\u00e9 ouvert et une d\u00e9cision a \u00e9t\u00e9 rendue en 2007\/2008 par le Conseil La premi\u00e8re \u00e9tape est d\u2019ouvrir toutes les divisions de la facult\u00e9, \u00e0 savoir l\u2019\u00e9conomie, la gestion des affaires et les m\u00e9thodes quantitatives, que ce soit en arabe ou en anglais.<\/p>\n<p>Puis en 2018 , une d\u00e9cision du Cabinet n\u00b0 4974 a \u00e9t\u00e9 rendue le 25\/10\/2018 en \u00e9mettant un nouveau r\u00e8glement pour la phase d\u2019\u00e9tudes Le Conseil supr\u00eame des universit\u00e9s (4975) a publi\u00e9 un nouveau r\u00e8glement pour le stade des \u00e9tudes de troisi\u00e8me cycle avec le syst\u00e8me d\u2019heures approuv\u00e9, puis en 2018, la d\u00e9cision a \u00e9t\u00e9 rendue par le ministre de l\u2019enseignement sup\u00e9rieur et le pr\u00e9sident du Conseil supr\u00eame des universit\u00e9s (4975) 25\/10\/2018 , d\u2019ajouter le master professionnel pour les dipl\u00f4mes sup\u00e9rieurs d\u00e9livr\u00e9s par la Facult\u00e9 de Commerce de l\u2019Universit\u00e9 de la Vall\u00e9e du Sud au niveau du troisi\u00e8me cycle.<\/p>\n<p>Le Conseil de l\u2019Universit\u00e9 a rendu sa d\u00e9cision de sa r\u00e9union n\u00b0 264 le 26\/11\/2018, pour ouvrir la demande et l\u2019\u00e9tude d\u2019une ma\u00eetrise professionnelle de la Facult\u00e9 de commerce, \u00e0 compter du 1\/12\/2018m dans les disciplines (comptabilit\u00e9, \u00e9conomie de la sant\u00e9, syst\u00e8mes d\u2019information, administration des affaires<\/p>\n<p>Pour le b\u00e2timent du Coll\u00e8ge, quand le Coll\u00e8ge \u00e9tait une branche du Coll\u00e8ge du Commerce L\u2019Universit\u00e9 de Sohag n\u2019avait pas de b\u00e2timent s\u00e9par\u00e9 \u00e0 l\u2019universit\u00e9 , qui a enseign\u00e9 des conf\u00e9rences \u00e0 une facult\u00e9 des sciences et a \u00e9t\u00e9 dipl\u00f4m\u00e9 d\u2019une facult\u00e9 des arts et apr\u00e8s des classes de la facult\u00e9 des sciences b\u00e2timent de classe, et g\u00e9r\u00e9 dans diff\u00e9rents endroits dans l\u2019universit\u00e9.<\/p>\n<p>apr\u00e8s la s\u00e9paration du coll\u00e8ge , Prof\/ Osman Mohamed Yassin a propos\u00e9 la cr\u00e9ation d\u2019un b\u00e2timent priv\u00e9 dans le coll\u00e8ge en raison de sa grande Dans son \u00e9laboration, la proposition a \u00e9t\u00e9 approuv\u00e9e par son Excellence Prof \/Abbas Mohamed Mansour, le recteur de l\u2019Universit\u00e9, Le b\u00e2timent a \u00e9t\u00e9 construit pour inclure les \u00e9coles, les d\u00e9partements et les bureaux des membres du corps professoral et leurs assistants au plus haut niveau du b\u00e2timent (actuellement les deux facult\u00e9s de commerce et de droite ) \u00a0.<\/p>\n","protected":false},"excerpt":{"rendered":"<p>L\u2019\u00e9tude a d\u00e9but\u00e9 \u00e0 la Facult\u00e9 de Commerce \u00e0 Qena en tant que branche de la Facult\u00e9 de Commerce de l\u2019Universit\u00e9 de Suhaj de la Vall\u00e9e du sud en 2000\/2001 [&hellip;]<\/p>\n","protected":false},"author":2,"featured_media":0,"parent":0,"menu_order":0,"comment_status":"closed","ping_status":"closed","template":"","meta":[],"_links":{"self":[{"href":"https:\/\/www.svu.edu.eg\/faculties\/com\/wp-json\/wp\/v2\/pages\/4725"}],"collection":[{"href":"https:\/\/www.svu.edu.eg\/faculties\/com\/wp-json\/wp\/v2\/pages"}],"about":[{"href":"https:\/\/www.svu.edu.eg\/faculties\/com\/wp-json\/wp\/v2\/types\/page"}],"author":[{"embeddable":true,"href":"https:\/\/www.svu.edu.eg\/faculties\/com\/wp-json\/wp\/v2\/users\/2"}],"replies":[{"embeddable":true,"href":"https:\/\/www.svu.edu.eg\/faculties\/com\/wp-json\/wp\/v2\/comments?post=4725"}],"version-history":[{"count":3,"href":"https:\/\/www.svu.edu.eg\/faculties\/com\/wp-json\/wp\/v2\/pages\/4725\/revisions"}],"predecessor-version":[{"id":4728,"href":"https:\/\/www.svu.edu.eg\/faculties\/com\/wp-json\/wp\/v2\/pages\/4725\/revisions\/4728"}],"wp:attachment":[{"href":"https:\/\/www.svu.edu.eg\/faculties\/com\/wp-json\/wp\/v2\/media?parent=4725"}],"curies":[{"name":"wp","href":"https:\/\/api.w.org\/{rel}","templated":true}]}}