{"id":4644,"date":"2020-11-29T08:05:55","date_gmt":"2020-11-29T08:05:55","guid":{"rendered":"http:\/\/www.svu.edu.eg\/faculties\/com\/?page_id=4644"},"modified":"2020-11-29T08:06:34","modified_gmt":"2020-11-29T08:06:34","slug":"vision-et-mission","status":"publish","type":"page","link":"https:\/\/www.svu.edu.eg\/faculties\/com\/fr\/vision-et-mission\/","title":{"rendered":"Vision et Mission"},"content":{"rendered":"<p><u>La vision <\/u><\/p>\n<p>La facult\u00e9 de Commerce est une institution scientifique qui cherche de la distinction dans le domaine de la science commerciale \u00e0 la lumi\u00e8re des normes de l\u2019Autorit\u00e9 nationale pour la qualit\u00e9 de l\u2019\u00e9ducation.<\/p>\n<p><u>La mission<\/u><\/p>\n<p>Pr\u00e9parer un dipl\u00f4m\u00e9 distingu\u00e9 scientifiquement et professionnellement qui est capable de rivaliser dans l\u2019environnement des affaires, ce qui rend la facult\u00e9 attrayant pour les \u00e9tudiants \u00e9gyptiens. Fournir des recherches distingu\u00e9es et participer activement au service de la soci\u00e9t\u00e9 et le d\u00e9veloppement de l\u2019environnement.<\/p>\n","protected":false},"excerpt":{"rendered":"<p>La vision La facult\u00e9 de Commerce est une institution scientifique qui cherche de la distinction dans le domaine de la science commerciale \u00e0 la lumi\u00e8re des normes de l\u2019Autorit\u00e9 nationale [&hellip;]<\/p>\n","protected":false},"author":2,"featured_media":0,"parent":0,"menu_order":0,"comment_status":"closed","ping_status":"closed","template":"","meta":[],"_links":{"self":[{"href":"https:\/\/www.svu.edu.eg\/faculties\/com\/wp-json\/wp\/v2\/pages\/4644"}],"collection":[{"href":"https:\/\/www.svu.edu.eg\/faculties\/com\/wp-json\/wp\/v2\/pages"}],"about":[{"href":"https:\/\/www.svu.edu.eg\/faculties\/com\/wp-json\/wp\/v2\/types\/page"}],"author":[{"embeddable":true,"href":"https:\/\/www.svu.edu.eg\/faculties\/com\/wp-json\/wp\/v2\/users\/2"}],"replies":[{"embeddable":true,"href":"https:\/\/www.svu.edu.eg\/faculties\/com\/wp-json\/wp\/v2\/comments?post=4644"}],"version-history":[{"count":1,"href":"https:\/\/www.svu.edu.eg\/faculties\/com\/wp-json\/wp\/v2\/pages\/4644\/revisions"}],"predecessor-version":[{"id":4645,"href":"https:\/\/www.svu.edu.eg\/faculties\/com\/wp-json\/wp\/v2\/pages\/4644\/revisions\/4645"}],"wp:attachment":[{"href":"https:\/\/www.svu.edu.eg\/faculties\/com\/wp-json\/wp\/v2\/media?parent=4644"}],"curies":[{"name":"wp","href":"https:\/\/api.w.org\/{rel}","templated":true}]}}