{"id":2985,"date":"2022-02-19T09:21:59","date_gmt":"2022-02-19T09:21:59","guid":{"rendered":"http:\/\/www.svu.edu.eg\/faculties\/arch\/?page_id=2985"},"modified":"2022-02-19T09:31:17","modified_gmt":"2022-02-19T09:31:17","slug":"a-propos-de-lunite","status":"publish","type":"page","link":"https:\/\/www.svu.edu.eg\/faculties\/arch\/fr\/assurance-qualite\/a-propos-de-lunite\/","title":{"rendered":"\u00c0 propos de l&#8217;unit\u00e9"},"content":{"rendered":"<p><span style=\"color: #000080; font-family: georgia, palatino;\"><em><strong><span style=\"font-size: 18pt;\">Cr\u00e9ation de l\u2019Unit\u00e9<\/span><\/strong><\/em><\/span><\/p>\n<p><span style=\"font-family: georgia, palatino;\"><em><strong><span style=\"font-size: 14pt;\">L\u2019unit\u00e9 a \u00e9t\u00e9 cr\u00e9\u00e9e le 4\/10\/2009 conform\u00e9ment \u00e0 l&#8217;arr\u00eat\u00e9 de doyen de la facult\u00e9 et approuv\u00e9 par pr\u00e9sident de l&#8217;Universit\u00e9 , qui comprenait premi\u00e8rement : la cr\u00e9ation de l&#8217;unit\u00e9, que le Dr. Abdo Abd El-Lah Omran soit le directeur de cette unit\u00e9 et le directeur ex\u00e9cutif du projet, et que l&#8217;unit\u00e9 si\u00e8ge social soit dans les deux salles (311, 312) au si\u00e8ge de la facult\u00e9 .<\/span><\/strong><\/em><\/span><br \/>\n<span style=\"font-family: georgia, palatino;\"><em><strong><span style=\"font-size: 14pt;\">Selon le contrat d&#8217;accord du 04\/02\/2009 pour le financement du projet de mise en place d&#8217;un syst\u00e8me interne de qualit\u00e9.Le Projet de d\u00e9veloppement Continu et de qualification pour l&#8217;accr\u00e9ditation (CIQAP) situ\u00e9 au 96 rue Ahmed Orabi &#8211; Mohandessin &#8211; Le Caire.<\/span><\/strong><\/em><\/span><\/p>\n","protected":false},"excerpt":{"rendered":"<p>Cr\u00e9ation de l\u2019Unit\u00e9 L\u2019unit\u00e9 a \u00e9t\u00e9 cr\u00e9\u00e9e le 4\/10\/2009 conform\u00e9ment \u00e0 l&#8217;arr\u00eat\u00e9 de doyen de la facult\u00e9 et approuv\u00e9 par pr\u00e9sident de l&#8217;Universit\u00e9 , qui comprenait premi\u00e8rement : la cr\u00e9ation [&hellip;]<\/p>\n","protected":false},"author":2,"featured_media":0,"parent":2042,"menu_order":0,"comment_status":"closed","ping_status":"closed","template":"","meta":[],"_links":{"self":[{"href":"https:\/\/www.svu.edu.eg\/faculties\/arch\/wp-json\/wp\/v2\/pages\/2985"}],"collection":[{"href":"https:\/\/www.svu.edu.eg\/faculties\/arch\/wp-json\/wp\/v2\/pages"}],"about":[{"href":"https:\/\/www.svu.edu.eg\/faculties\/arch\/wp-json\/wp\/v2\/types\/page"}],"author":[{"embeddable":true,"href":"https:\/\/www.svu.edu.eg\/faculties\/arch\/wp-json\/wp\/v2\/users\/2"}],"replies":[{"embeddable":true,"href":"https:\/\/www.svu.edu.eg\/faculties\/arch\/wp-json\/wp\/v2\/comments?post=2985"}],"version-history":[{"count":3,"href":"https:\/\/www.svu.edu.eg\/faculties\/arch\/wp-json\/wp\/v2\/pages\/2985\/revisions"}],"predecessor-version":[{"id":2999,"href":"https:\/\/www.svu.edu.eg\/faculties\/arch\/wp-json\/wp\/v2\/pages\/2985\/revisions\/2999"}],"up":[{"embeddable":true,"href":"https:\/\/www.svu.edu.eg\/faculties\/arch\/wp-json\/wp\/v2\/pages\/2042"}],"wp:attachment":[{"href":"https:\/\/www.svu.edu.eg\/faculties\/arch\/wp-json\/wp\/v2\/media?parent=2985"}],"curies":[{"name":"wp","href":"https:\/\/api.w.org\/{rel}","templated":true}]}}