{"id":2981,"date":"2022-02-19T09:03:00","date_gmt":"2022-02-19T09:03:00","guid":{"rendered":"http:\/\/www.svu.edu.eg\/faculties\/arch\/?page_id=2981"},"modified":"2022-02-19T09:47:33","modified_gmt":"2022-02-19T09:47:33","slug":"la-vision-et-la-mission-de-lunite","status":"publish","type":"page","link":"https:\/\/www.svu.edu.eg\/faculties\/arch\/fr\/assurance-qualite\/la-vision-et-la-mission-de-lunite\/","title":{"rendered":"La vision et la mission de l&#8217;unit\u00e9"},"content":{"rendered":"<p><span style=\"color: #0000ff; font-size: 18pt;\"><em><strong>l<span style=\"font-family: georgia, palatino;\">a mission <\/span><\/strong><\/em><\/span><\/p>\n<p><span style=\"font-family: georgia, palatino;\"><em><strong><span style=\"font-size: 14pt;\">La Facult\u00e9 d&#8217;arch\u00e9ologie de Qena cherche \u00e0 fournir les connaissances n\u00e9cessaires dans le domaine des \u00e9tudes tant acad\u00e9miques que de terrain,et \u00e0 cr\u00e9er un climat propice \u00e0 la recherche scientifique pour r\u00e9pondre aux besoins de la communaut\u00e9.<\/span><\/strong><\/em><\/span><\/p>\n<p><span style=\"color: #0000ff; font-size: 18pt; font-family: georgia, palatino;\"><em><strong>La vision<\/strong><\/em><\/span><\/p>\n<p><span style=\"font-family: georgia, palatino;\"><em><strong><span style=\"font-size: 14pt;\">Leadership et excellence en arch\u00e9ologie, en particulier dans sud de la vall\u00e9e.<\/span><\/strong><\/em><\/span><\/p>\n","protected":false},"excerpt":{"rendered":"<p>la mission La Facult\u00e9 d&#8217;arch\u00e9ologie de Qena cherche \u00e0 fournir les connaissances n\u00e9cessaires dans le domaine des \u00e9tudes tant acad\u00e9miques que de terrain,et \u00e0 cr\u00e9er un climat propice \u00e0 la [&hellip;]<\/p>\n","protected":false},"author":2,"featured_media":0,"parent":2042,"menu_order":0,"comment_status":"closed","ping_status":"closed","template":"","meta":[],"_links":{"self":[{"href":"https:\/\/www.svu.edu.eg\/faculties\/arch\/wp-json\/wp\/v2\/pages\/2981"}],"collection":[{"href":"https:\/\/www.svu.edu.eg\/faculties\/arch\/wp-json\/wp\/v2\/pages"}],"about":[{"href":"https:\/\/www.svu.edu.eg\/faculties\/arch\/wp-json\/wp\/v2\/types\/page"}],"author":[{"embeddable":true,"href":"https:\/\/www.svu.edu.eg\/faculties\/arch\/wp-json\/wp\/v2\/users\/2"}],"replies":[{"embeddable":true,"href":"https:\/\/www.svu.edu.eg\/faculties\/arch\/wp-json\/wp\/v2\/comments?post=2981"}],"version-history":[{"count":5,"href":"https:\/\/www.svu.edu.eg\/faculties\/arch\/wp-json\/wp\/v2\/pages\/2981\/revisions"}],"predecessor-version":[{"id":3001,"href":"https:\/\/www.svu.edu.eg\/faculties\/arch\/wp-json\/wp\/v2\/pages\/2981\/revisions\/3001"}],"up":[{"embeddable":true,"href":"https:\/\/www.svu.edu.eg\/faculties\/arch\/wp-json\/wp\/v2\/pages\/2042"}],"wp:attachment":[{"href":"https:\/\/www.svu.edu.eg\/faculties\/arch\/wp-json\/wp\/v2\/media?parent=2981"}],"curies":[{"name":"wp","href":"https:\/\/api.w.org\/{rel}","templated":true}]}}