{"id":2978,"date":"2022-02-19T08:52:55","date_gmt":"2022-02-19T08:52:55","guid":{"rendered":"http:\/\/www.svu.edu.eg\/faculties\/arch\/?page_id=2978"},"modified":"2022-02-19T09:30:26","modified_gmt":"2022-02-19T09:30:26","slug":"les-objectifs","status":"publish","type":"page","link":"https:\/\/www.svu.edu.eg\/faculties\/arch\/fr\/assurance-qualite\/les-objectifs\/","title":{"rendered":"Les objectifs"},"content":{"rendered":"<p><span style=\"font-family: georgia, palatino;\"><em><strong><span style=\"font-size: 14pt;\"><span style=\"font-size: 18pt;\">L<span style=\"color: #000080;\">es objectifs de l&#8217;unit\u00e9<\/span><\/span><\/span><\/strong><\/em><\/span><\/p>\n<p><span style=\"font-family: georgia, palatino;\"><strong><em><span style=\"font-size: 14pt;\"> -Diffuser la culture de la qualit\u00e9 parmi le corps professoral, les employ\u00e9s et les \u00e9tudiants de la facult\u00e9.<\/span><\/em><\/strong><\/span><\/p>\n<p><span style=\"font-family: georgia, palatino;\"><strong><em><span style=\"font-size: 14pt;\">-Aider \u00e0 l\u2019\u00e9tablissement des laboratoires, des ateliers et des \u00e9quipements et fournir des auditoriums avec des moyens \u00a0p\u00e9dagogiques modernes.<\/span><\/em><\/strong><\/span><\/p>\n<p><span style=\"font-family: georgia, palatino;\"><strong><em><span style=\"font-size: 14pt;\">-Encourager la recherche scientifique parmi le corps professoral, les chercheurs et les \u00e9tudiants.<\/span><\/em><\/strong><\/span><\/p>\n<p><span style=\"font-family: georgia, palatino;\"><strong><em><span style=\"font-size: 14pt;\">-Trouver des moyens appropri\u00e9s pour pr\u00e9parer des dipl\u00f4m\u00e9s qualifi\u00e9s capables de concourir dans le travail.<\/span><\/em><\/strong><\/span><\/p>\n<p><span style=\"font-family: georgia, palatino;\"><strong><em><span style=\"font-size: 14pt;\">-\u00c9laborer un syst\u00e8me interne d\u00e9finissant les r\u00e8gles n\u00e9cessaires pour mesurer le syst\u00e8me et la performance de la facult\u00e9.<\/span><\/em><\/strong><\/span><\/p>\n<p><span style=\"font-family: georgia, palatino;\"><strong><em><span style=\"font-size: 14pt;\">-\u00c9tablir un syst\u00e8me de technologie de l\u2019information efficace pour assurer le transfert permanent des connaissances et de l\u2019information par le R\u00e9seau international de l\u2019information, les biblioth\u00e8ques num\u00e9riques et les revues scientifiques \u00e9lectroniques.<\/span><\/em><\/strong><\/span><\/p>\n<p><span style=\"font-family: georgia, palatino;\"><strong><em><span style=\"font-size: 14pt;\">-Trouver des moyens \u00e9ducatifs modernes qui encouragent la cr\u00e9ativit\u00e9, les comp\u00e9tences et l&#8217;innovation et \u00e9liminent les m\u00e9thodes d&#8217;endoctrinement, de m\u00e9morisation et d&#8217;assimilation, ce qui aide \u00e0 former des g\u00e9n\u00e9rations capables de pens\u00e9e critique dans la recherche scientifique et les domaines cr\u00e9atifs.<\/span><\/em><\/strong><\/span><\/p>\n<p><span style=\"font-family: georgia, palatino;\"><strong><em><span style=\"font-size: 14pt;\">-Interagir avec les probl\u00e8mes locaux et apporter des solutions scientifiques appropri\u00e9es.<\/span><\/em><\/strong><\/span><\/p>\n","protected":false},"excerpt":{"rendered":"<p>Les objectifs de l&#8217;unit\u00e9 -Diffuser la culture de la qualit\u00e9 parmi le corps professoral, les employ\u00e9s et les \u00e9tudiants de la facult\u00e9. -Aider \u00e0 l\u2019\u00e9tablissement des laboratoires, des ateliers et [&hellip;]<\/p>\n","protected":false},"author":2,"featured_media":0,"parent":2042,"menu_order":0,"comment_status":"closed","ping_status":"closed","template":"","meta":[],"_links":{"self":[{"href":"https:\/\/www.svu.edu.eg\/faculties\/arch\/wp-json\/wp\/v2\/pages\/2978"}],"collection":[{"href":"https:\/\/www.svu.edu.eg\/faculties\/arch\/wp-json\/wp\/v2\/pages"}],"about":[{"href":"https:\/\/www.svu.edu.eg\/faculties\/arch\/wp-json\/wp\/v2\/types\/page"}],"author":[{"embeddable":true,"href":"https:\/\/www.svu.edu.eg\/faculties\/arch\/wp-json\/wp\/v2\/users\/2"}],"replies":[{"embeddable":true,"href":"https:\/\/www.svu.edu.eg\/faculties\/arch\/wp-json\/wp\/v2\/comments?post=2978"}],"version-history":[{"count":4,"href":"https:\/\/www.svu.edu.eg\/faculties\/arch\/wp-json\/wp\/v2\/pages\/2978\/revisions"}],"predecessor-version":[{"id":2997,"href":"https:\/\/www.svu.edu.eg\/faculties\/arch\/wp-json\/wp\/v2\/pages\/2978\/revisions\/2997"}],"up":[{"embeddable":true,"href":"https:\/\/www.svu.edu.eg\/faculties\/arch\/wp-json\/wp\/v2\/pages\/2042"}],"wp:attachment":[{"href":"https:\/\/www.svu.edu.eg\/faculties\/arch\/wp-json\/wp\/v2\/media?parent=2978"}],"curies":[{"name":"wp","href":"https:\/\/api.w.org\/{rel}","templated":true}]}}