{"id":2946,"date":"2022-02-16T09:48:46","date_gmt":"2022-02-16T09:48:46","guid":{"rendered":"http:\/\/www.svu.edu.eg\/faculties\/arch\/?page_id=2946"},"modified":"2022-02-16T10:09:18","modified_gmt":"2022-02-16T10:09:18","slug":"activites-et-objectifs-du-projet","status":"publish","type":"page","link":"https:\/\/www.svu.edu.eg\/faculties\/arch\/fr\/services-electroniques\/activites-et-objectifs-du-projet\/","title":{"rendered":"Activit\u00e9s et objectifs du projet"},"content":{"rendered":"<p><span style=\"color: #000000;\"><em><span style=\"font-size: 14pt;\">Cette unit\u00e9 vise \u00e0 accro\u00eetre l&#8217;efficacit\u00e9 des projets en plus d&#8217;accro\u00eetre l&#8217;efficacit\u00e9 des projets universitaires (r\u00e9seau &#8211; syst\u00e8mes d&#8217;information &#8211; formation &#8211; biblioth\u00e8que num\u00e9rique &#8211; portail num\u00e9rique) et \u00e0 fournir des services distingu\u00e9s en technologie de l&#8217;information.<\/span><\/em><\/span><\/p>\n<p><span style=\"font-size: 14pt;\"><em><strong>*<span style=\"font-size: 18pt;\">Activit\u00e9s et objectifs du projet:-<\/span><\/strong><\/em><\/span><\/p>\n<p><em><span style=\"font-size: 14pt;\">*<span style=\"color: #000000;\">Augmenter l&#8217;efficacit\u00e9 et am\u00e9liorer le r\u00e9seau d&#8217;information interne.<\/span><\/span><\/em><br \/>\n<span style=\"color: #000000;\"><em><span style=\"font-size: 14pt;\">*Maintenance du r\u00e9seau d&#8217;information.<\/span><\/em><\/span><br \/>\n<span style=\"color: #000000;\"><em><span style=\"font-size: 14pt;\">*Suivre l&#8217;utilisation technique du r\u00e9seau et fournir un support technique \u00e0 tous les utilisateurs.<\/span><\/em><\/span><br \/>\n<span style=\"color: #000000;\"><em><span style=\"font-size: 14pt;\">*R\u00e9aliser les extensions n\u00e9cessaires d&#8217;un r\u00e9seau en coordination avec le r\u00e9seau universitaire.\u200e<\/span><\/em><\/span><br \/>\n<span style=\"color: #000000;\"><em><span style=\"font-size: 14pt;\">*Augmenter l&#8217;efficacit\u00e9 de l&#8217;infrastructure des r\u00e9seaux d&#8217;information.<\/span><\/em><\/span><br \/>\n<span style=\"color: #000000;\"><em><span style=\"font-size: 14pt;\">*Superviser l&#8217;entretien p\u00e9riodique des ordinateurs et de leurs accessoires.<\/span><\/em><\/span><br \/>\n<span style=\"color: #000000;\"><em><span style=\"font-size: 14pt;\">*\u00c9tudier les lacunes, analyser les probl\u00e8mes et d\u00e9velopper des solutions appropri\u00e9es pour les syst\u00e8mes.<\/span><\/em><\/span><br \/>\n<span style=\"color: #000000;\"><em><span style=\"font-size: 14pt;\">*L\u00e9galisation du mode d&#8217;utilisation des syst\u00e8mes d&#8217;exploitation, des logiciels et du mat\u00e9riel de protection contre les virus.<\/span><\/em><\/span><br \/>\n<span style=\"color: #000000;\"><em><span style=\"font-size: 14pt;\">*Travailler \u00e0 d\u00e9velopper le processus \u00e9ducatif en renfor\u00e7ant l&#8217;interaction entre les \u00e9tudiants et les membres du corps professoral.<\/span><\/em><\/span><\/p>\n","protected":false},"excerpt":{"rendered":"<p>Cette unit\u00e9 vise \u00e0 accro\u00eetre l&#8217;efficacit\u00e9 des projets en plus d&#8217;accro\u00eetre l&#8217;efficacit\u00e9 des projets universitaires (r\u00e9seau &#8211; syst\u00e8mes d&#8217;information &#8211; formation &#8211; biblioth\u00e8que num\u00e9rique &#8211; portail num\u00e9rique) et \u00e0 fournir [&hellip;]<\/p>\n","protected":false},"author":2,"featured_media":0,"parent":2045,"menu_order":0,"comment_status":"closed","ping_status":"closed","template":"","meta":[],"_links":{"self":[{"href":"https:\/\/www.svu.edu.eg\/faculties\/arch\/wp-json\/wp\/v2\/pages\/2946"}],"collection":[{"href":"https:\/\/www.svu.edu.eg\/faculties\/arch\/wp-json\/wp\/v2\/pages"}],"about":[{"href":"https:\/\/www.svu.edu.eg\/faculties\/arch\/wp-json\/wp\/v2\/types\/page"}],"author":[{"embeddable":true,"href":"https:\/\/www.svu.edu.eg\/faculties\/arch\/wp-json\/wp\/v2\/users\/2"}],"replies":[{"embeddable":true,"href":"https:\/\/www.svu.edu.eg\/faculties\/arch\/wp-json\/wp\/v2\/comments?post=2946"}],"version-history":[{"count":4,"href":"https:\/\/www.svu.edu.eg\/faculties\/arch\/wp-json\/wp\/v2\/pages\/2946\/revisions"}],"predecessor-version":[{"id":2960,"href":"https:\/\/www.svu.edu.eg\/faculties\/arch\/wp-json\/wp\/v2\/pages\/2946\/revisions\/2960"}],"up":[{"embeddable":true,"href":"https:\/\/www.svu.edu.eg\/faculties\/arch\/wp-json\/wp\/v2\/pages\/2045"}],"wp:attachment":[{"href":"https:\/\/www.svu.edu.eg\/faculties\/arch\/wp-json\/wp\/v2\/media?parent=2946"}],"curies":[{"name":"wp","href":"https:\/\/api.w.org\/{rel}","templated":true}]}}