{"id":2943,"date":"2022-02-16T09:25:46","date_gmt":"2022-02-16T09:25:46","guid":{"rendered":"http:\/\/www.svu.edu.eg\/faculties\/arch\/?page_id=2943"},"modified":"2022-02-16T09:54:18","modified_gmt":"2022-02-16T09:54:18","slug":"2943-2","status":"publish","type":"page","link":"https:\/\/www.svu.edu.eg\/faculties\/arch\/fr\/services-electroniques\/2943-2\/","title":{"rendered":"\u00c9quipe de travail"},"content":{"rendered":"<p><img decoding=\"async\" loading=\"lazy\" class=\"aligncenter\" src=\"https:\/\/www.svu.edu.eg\/faculties\/arch\/wp-content\/uploads\/2019\/12\/11-218x300.jpg\" width=\"165\" height=\"227\" \/><\/p>\n<p style=\"text-align: center;\"><span style=\"font-size: 18pt; color: #000000;\"><strong><em>Directeur d&#8217;unit\u00e9<\/em><\/strong><\/span><br \/>\n<span style=\"color: #000000;\"><strong><span style=\"font-size: 14pt;\"><em>Dr. Abo Bakr Abd El -Salam Mustafa<\/em><\/span><\/strong><\/span><br \/>\n<span style=\"color: #000000;\"><em><span style=\"font-size: 14pt;\">Enseignant au D\u00e9partement des antiquit\u00e9s \u00e9gyptiennes<\/span><\/em><\/span><\/p>\n<p style=\"text-align: center;\"><span style=\"font-size: 18pt; color: #000000;\"><strong><em>\u00c9quipe ex\u00e9cutive<\/em><\/strong><\/span><br \/>\n<span style=\"color: #000000;\"><strong><em><span style=\"font-size: 14pt;\">M.Haitham Abd El -Rahman Al-Nabawi<\/span><\/em><\/strong><\/span><br \/>\n<span style=\"color: #000000;\"><em><span style=\"font-size: 14pt;\">Administrateur de biblioth\u00e8que num\u00e9rique, administrateur d&#8217;infrastructure de r\u00e9seau d&#8217;information<\/span><\/em><\/span><\/p>\n<p style=\"text-align: center;\"><span style=\"color: #000000;\"><strong><em><span style=\"font-size: 14pt;\">M.Taha Abd El -Rahim Taha<\/span><\/em><\/strong><\/span><br \/>\n<span style=\"color: #000000;\"><em><span style=\"font-size: 14pt;\">Administrateur des syst\u00e8mes d&#8217;information (MIS)<\/span><\/em><\/span><\/p>\n<p style=\"text-align: center;\"><span style=\"color: #000000;\"><strong><em><span style=\"font-size: 14pt;\">M.Sami Hamada Ali<\/span><\/em><\/strong><\/span><br \/>\n<span style=\"color: #000000;\"><em><span style=\"font-size: 14pt;\">Administrateur du portail \u00e9lectronique<\/span><\/em><\/span><\/p>\n","protected":false},"excerpt":{"rendered":"<p>Directeur d&#8217;unit\u00e9 Dr. Abo Bakr Abd El -Salam Mustafa Enseignant au D\u00e9partement des antiquit\u00e9s \u00e9gyptiennes \u00c9quipe ex\u00e9cutive M.Haitham Abd El -Rahman Al-Nabawi Administrateur de biblioth\u00e8que num\u00e9rique, administrateur d&#8217;infrastructure de r\u00e9seau [&hellip;]<\/p>\n","protected":false},"author":2,"featured_media":0,"parent":2045,"menu_order":0,"comment_status":"closed","ping_status":"closed","template":"","meta":[],"_links":{"self":[{"href":"https:\/\/www.svu.edu.eg\/faculties\/arch\/wp-json\/wp\/v2\/pages\/2943"}],"collection":[{"href":"https:\/\/www.svu.edu.eg\/faculties\/arch\/wp-json\/wp\/v2\/pages"}],"about":[{"href":"https:\/\/www.svu.edu.eg\/faculties\/arch\/wp-json\/wp\/v2\/types\/page"}],"author":[{"embeddable":true,"href":"https:\/\/www.svu.edu.eg\/faculties\/arch\/wp-json\/wp\/v2\/users\/2"}],"replies":[{"embeddable":true,"href":"https:\/\/www.svu.edu.eg\/faculties\/arch\/wp-json\/wp\/v2\/comments?post=2943"}],"version-history":[{"count":4,"href":"https:\/\/www.svu.edu.eg\/faculties\/arch\/wp-json\/wp\/v2\/pages\/2943\/revisions"}],"predecessor-version":[{"id":2951,"href":"https:\/\/www.svu.edu.eg\/faculties\/arch\/wp-json\/wp\/v2\/pages\/2943\/revisions\/2951"}],"up":[{"embeddable":true,"href":"https:\/\/www.svu.edu.eg\/faculties\/arch\/wp-json\/wp\/v2\/pages\/2045"}],"wp:attachment":[{"href":"https:\/\/www.svu.edu.eg\/faculties\/arch\/wp-json\/wp\/v2\/media?parent=2943"}],"curies":[{"name":"wp","href":"https:\/\/api.w.org\/{rel}","templated":true}]}}