{"id":2030,"date":"2020-12-28T11:17:58","date_gmt":"2020-12-28T11:17:58","guid":{"rendered":"http:\/\/www.svu.edu.eg\/faculties\/arch\/?page_id=2030"},"modified":"2022-02-16T08:11:40","modified_gmt":"2022-02-16T08:11:40","slug":"protection-de-la-jeunesse","status":"publish","type":"page","link":"https:\/\/www.svu.edu.eg\/faculties\/arch\/fr\/protection-de-la-jeunesse\/","title":{"rendered":"Protection de la jeunesse"},"content":{"rendered":"\n\n\n<p style=\"text-align:left\" class=\"has-medium-font-size\"><strong><em>La struction d\u2019administration<\/em><\/strong><\/p>\n\n\n\n<p style=\"text-align:left\" class=\"has-medium-font-size\"><em>M\/Abd El- Razak Farghaly<\/em><\/p>\n\n\n\n<p style=\"text-align:left\" class=\"has-medium-font-size\"><strong><em>Directeur protection de la jeunesse<\/em><\/strong><\/p>\n\n\n\n<p style=\"text-align:left\" class=\"has-medium-font-size\"><em> M\u00a0\/Hamde Mouhab<\/em> <\/p>\n\n\n\n<p style=\"text-align:left\" class=\"has-medium-font-size\"><em>Mme\/ Hanna Ahmed<\/em><\/p>\n\n\n\n<p style=\"text-align:left\" class=\"has-medium-font-size\" dir=\"ltr\">  <em><strong>les objectifs <\/strong><\/em><\/p>\n\n\n\n<p class=\"has-medium-font-size\" dir=\"ltr\"><em>-Inculquer des valeurs morales et diff\u00e9rentes comp\u00e9tences aux \u00e9tudiants.<\/em><\/p>\n\n\n\n<p style=\"text-align:left\" class=\"has-medium-font-size\"><em>.D\u00e9velopper les valeurs spirituelles et morales chez les \u00e9tudiants<\/em>&#8211;<\/p>\n\n\n\n<p style=\"text-align:left\" class=\"has-medium-font-size\" dir=\"ltr\">&#8211;<em>D\u00e9velopper le leadership et donner \u00e0 chaque \u00e9tudiant l\u2019occasion d\u2019exprimer son opinion.<\/em><\/p>\n\n\n\n<p style=\"text-align:left\" class=\"has-medium-font-size\" dir=\"ltr\">&#8211;<em>D\u00e9couvrir et encourager le talent des \u00e9tudiants.<\/em><\/p>\n\n\n\n<p style=\"text-align:left\" class=\"has-medium-font-size\" dir=\"ltr\">&#8211;<em>L\u2019esprit universitaire a \u00e9t\u00e9 \u00e9tabli et les liens entre les \u00e9tudiants et les membres du corps professoral.<\/em><\/p>\n\n\n\n<p style=\"text-align:left\" class=\"has-medium-font-size\" dir=\"ltr\">&#8211;<em>Publiez des activit\u00e9s sportives, culturelles, artistiques et scoutes et encouragez les personnes de haut niveau.<\/em><\/p>\n\n\n\n<p class=\"has-medium-font-size\" dir=\"ltr\">\u00a0<strong><em>les activit\u00e9s <\/em><\/strong><\/p>\n\n\n\n<p style=\"text-align:left\" class=\"has-medium-font-size\" dir=\"ltr\"><em>1-Cr\u00e9er un camp d\u2019accueil pour les nouveaux \u00e9tudiants afin d\u2019aider les \u00e9tudiants \u00e0 acc\u00e9der aux d\u00e9partements concern\u00e9s de la facult\u00e9 et de l\u2019universit\u00e9.<\/em><\/p>\n\n\n\n<p style=\"text-align:left\" class=\"has-medium-font-size\" dir=\"ltr\"><em>2-Organiser une comp\u00e9tition d\u2019information de niveau universit\u00e9.<\/em><\/p>\n\n\n\n<p style=\"text-align:left\" class=\"has-medium-font-size\" dir=\"ltr\"><em>3-Organiser une comp\u00e9tition d\u2019\u00e9checs de niveau universit\u00e9.<\/em><\/p>\n\n\n\n<p style=\"text-align:left\" class=\"has-medium-font-size\" dir=\"ltr\"><em>4-Organiser une comp\u00e9tition d\u2019\u00e9tudiant id\u00e9al de niveau universit\u00e9.<\/em><\/p>\n\n\n\n<p style=\"text-align:left\" class=\"has-medium-font-size\" dir=\"ltr\"><em>5-Participation au concours sectoriel de la Ligue de l\u2019Universit\u00e9.<\/em><\/p>\n\n\n\n<p style=\"text-align:left\" class=\"has-medium-font-size\" dir=\"ltr\"><em>6-Participation de la facult\u00e9 \u00e0 la comp\u00e9tition de football quintuple de niveau universit\u00e9.<\/em><\/p>\n\n\n\n<p style=\"text-align:left\" class=\"has-medium-font-size\" dir=\"ltr\">\u00a0<em>7- La mise en place de protection de la jeunesse des comp\u00e9titions dans les domaines suivants\u00a0:<br> Histoire &#8211; &#8211; Article &#8211; l\u2019\u00e9checs &#8211; \u00c9tudiant id\u00e9al &#8211; Ligue de footballe<\/em><\/p>\n\n\n\n<p style=\"text-align:left\" class=\"has-medium-font-size\" dir=\"ltr\"><em>8-protection de la jeunesse sont r\u00e9serv\u00e9s aux balcons ext\u00e9rieurs des \u00e9tudiants.<\/em><\/p>\n","protected":false},"excerpt":{"rendered":"<p>La struction d\u2019administration M\/Abd El- Razak Farghaly Directeur protection de la jeunesse M\u00a0\/Hamde Mouhab Mme\/ Hanna Ahmed les objectifs -Inculquer des valeurs morales et diff\u00e9rentes comp\u00e9tences aux \u00e9tudiants. .D\u00e9velopper les [&hellip;]<\/p>\n","protected":false},"author":2,"featured_media":0,"parent":0,"menu_order":0,"comment_status":"closed","ping_status":"closed","template":"","meta":[],"_links":{"self":[{"href":"https:\/\/www.svu.edu.eg\/faculties\/arch\/wp-json\/wp\/v2\/pages\/2030"}],"collection":[{"href":"https:\/\/www.svu.edu.eg\/faculties\/arch\/wp-json\/wp\/v2\/pages"}],"about":[{"href":"https:\/\/www.svu.edu.eg\/faculties\/arch\/wp-json\/wp\/v2\/types\/page"}],"author":[{"embeddable":true,"href":"https:\/\/www.svu.edu.eg\/faculties\/arch\/wp-json\/wp\/v2\/users\/2"}],"replies":[{"embeddable":true,"href":"https:\/\/www.svu.edu.eg\/faculties\/arch\/wp-json\/wp\/v2\/comments?post=2030"}],"version-history":[{"count":7,"href":"https:\/\/www.svu.edu.eg\/faculties\/arch\/wp-json\/wp\/v2\/pages\/2030\/revisions"}],"predecessor-version":[{"id":2937,"href":"https:\/\/www.svu.edu.eg\/faculties\/arch\/wp-json\/wp\/v2\/pages\/2030\/revisions\/2937"}],"wp:attachment":[{"href":"https:\/\/www.svu.edu.eg\/faculties\/arch\/wp-json\/wp\/v2\/media?parent=2030"}],"curies":[{"name":"wp","href":"https:\/\/api.w.org\/{rel}","templated":true}]}}