{"id":2023,"date":"2020-12-28T11:08:16","date_gmt":"2020-12-28T11:08:16","guid":{"rendered":"http:\/\/www.svu.edu.eg\/faculties\/arch\/?page_id=2023"},"modified":"2022-02-16T07:47:27","modified_gmt":"2022-02-16T07:47:27","slug":"les-etudes-superieures","status":"publish","type":"page","link":"https:\/\/www.svu.edu.eg\/faculties\/arch\/fr\/les-etudes-superieures\/","title":{"rendered":"Les \u00e9tudes sup\u00e9rieures"},"content":{"rendered":"\n<p style=\"text-align:left\" class=\"has-medium-font-size\"><strong><em>Le d\u00e9partement des \u00e9tudes sup\u00e9rieures se compose d\u2019inscrit<\/em><\/strong><\/p>\n\n\n\n<p style=\"text-align:left\" class=\"has-medium-font-size\"><em>M\/Mouhamed Ali Mousa<\/em><\/p>\n\n\n\n<p style=\"text-align:left\" class=\"has-medium-font-size\"><strong>Les responsables<\/strong><\/p>\n\n\n\n<p style=\"text-align:left\" class=\"has-medium-font-size\"><em>Mme\/El-Zahra Mouhamed Fathy<\/em><\/p>\n\n\n\n<p style=\"text-align:left\" class=\"has-medium-font-size\"><em>Mme\/Asmaa Hasan El-Nouby<\/em><\/p>\n\n\n\n<p style=\"text-align:left\" class=\"has-medium-font-size\" dir=\"ltr\">&nbsp;<em>Le d\u00e9partement des \u00e9tudes sup\u00e9rieures enregistre les \u00e9tudiants (monuments \u00e9gyptiens &#8211; monuments islamiques &#8211; restauration des monuments) C\u2019est dans le dipl\u00f4me et l\u2019ann\u00e9e d\u2019introduction du master.<\/em><\/p>\n\n\n\n<p style=\"text-align:left\" class=\"has-medium-font-size\"><strong><em>Les\u00a0programmes d&#8217;enseignement<\/em><\/strong><\/p>\n\n\n\n<p style=\"text-align:left\" class=\"has-medium-font-size\"><em>&nbsp;Programme des monuments \u00e9gyptiens<\/em><\/p>\n\n\n\n<p style=\"text-align:left\" class=\"has-medium-font-size\">&nbsp;<em>Programme restauration des monuments<\/em><\/p>\n\n\n\n<p style=\"text-align:left\" class=\"has-medium-font-size\"><em> Programme des monuments islamiques<\/em> <\/p>\n","protected":false},"excerpt":{"rendered":"<p>Le d\u00e9partement des \u00e9tudes sup\u00e9rieures se compose d\u2019inscrit M\/Mouhamed Ali Mousa Les responsables Mme\/El-Zahra Mouhamed Fathy Mme\/Asmaa Hasan El-Nouby &nbsp;Le d\u00e9partement des \u00e9tudes sup\u00e9rieures enregistre les \u00e9tudiants (monuments \u00e9gyptiens &#8211; [&hellip;]<\/p>\n","protected":false},"author":2,"featured_media":0,"parent":0,"menu_order":0,"comment_status":"closed","ping_status":"closed","template":"","meta":[],"_links":{"self":[{"href":"https:\/\/www.svu.edu.eg\/faculties\/arch\/wp-json\/wp\/v2\/pages\/2023"}],"collection":[{"href":"https:\/\/www.svu.edu.eg\/faculties\/arch\/wp-json\/wp\/v2\/pages"}],"about":[{"href":"https:\/\/www.svu.edu.eg\/faculties\/arch\/wp-json\/wp\/v2\/types\/page"}],"author":[{"embeddable":true,"href":"https:\/\/www.svu.edu.eg\/faculties\/arch\/wp-json\/wp\/v2\/users\/2"}],"replies":[{"embeddable":true,"href":"https:\/\/www.svu.edu.eg\/faculties\/arch\/wp-json\/wp\/v2\/comments?post=2023"}],"version-history":[{"count":6,"href":"https:\/\/www.svu.edu.eg\/faculties\/arch\/wp-json\/wp\/v2\/pages\/2023\/revisions"}],"predecessor-version":[{"id":2935,"href":"https:\/\/www.svu.edu.eg\/faculties\/arch\/wp-json\/wp\/v2\/pages\/2023\/revisions\/2935"}],"wp:attachment":[{"href":"https:\/\/www.svu.edu.eg\/faculties\/arch\/wp-json\/wp\/v2\/media?parent=2023"}],"curies":[{"name":"wp","href":"https:\/\/api.w.org\/{rel}","templated":true}]}}