{"id":2022,"date":"2020-12-28T11:13:22","date_gmt":"2020-12-28T11:13:22","guid":{"rendered":"http:\/\/www.svu.edu.eg\/faculties\/arch\/?page_id=2022"},"modified":"2022-02-16T07:40:32","modified_gmt":"2022-02-16T07:40:32","slug":"bibliotheque","status":"publish","type":"page","link":"https:\/\/www.svu.edu.eg\/faculties\/arch\/fr\/bibliotheque\/","title":{"rendered":"Biblioth\u00e8que"},"content":{"rendered":"<p><em><span style=\"font-size: 18pt;\"><strong><u>*<span style=\"font-family: georgia, palatino;\">Structure administrative<\/span><\/u><\/strong><span style=\"font-family: georgia, palatino;\"><strong><u>:-<\/u><\/strong><\/span><\/span><\/em><\/p>\n<p><span style=\"font-family: georgia, palatino;\"><em><span style=\"font-size: 14pt;\">Directeur de la biblioth\u00e8que<\/span><\/em><\/span><\/p>\n<p><span style=\"font-family: georgia, palatino;\"><em><span style=\"font-size: 14pt;\">M\/Haitham Abd El -Rahman Al-Nabawi<\/span><\/em><\/span><\/p>\n<p><em><span style=\"font-size: 18pt; font-family: georgia, palatino;\"><strong>L\u2019arch\u00e9ologue<\/strong><\/span><\/em><\/p>\n<p><em><span style=\"font-size: 18pt; font-family: georgia, palatino;\">*<strong><u>Les secr\u00e9taires:-<\/u><\/strong><\/span><\/em><\/p>\n<p><em><span style=\"font-size: 14pt; font-family: georgia, palatino;\">Mme\/Moshera Mohamed Yassin<\/span><\/em><\/p>\n<p><em><span style=\"font-size: 14pt; font-family: georgia, palatino;\">Mme\/Ola Ali maher<\/span><\/em><\/p>\n<p><em><span style=\"font-size: 14pt; font-family: georgia, palatino;\">M\/Abd El- Naser Mahros Ali<\/span><\/em><\/p>\n<p><span style=\"font-family: georgia, palatino;\"><em><span style=\"font-size: 18pt;\"><strong><u>*Une br\u00e8ve de la biblioth\u00e8que:-<\/u><\/strong><\/span><\/em><\/span><\/p>\n<p><strong>&#8211;<\/strong><span style=\"font-family: georgia, palatino; font-size: 14pt;\">La biblioth\u00e8que de la Facult\u00e9 d\u2019arch\u00e9ologie est situ\u00e9e au rez-de-chauss\u00e9e \u00e0 droite de l\u2019entr\u00e9e.<\/span><\/p>\n<p><span style=\"font-family: georgia, palatino; font-size: 14pt;\"><strong>&#8211;<\/strong>La biblioth\u00e8que contient des livres sp\u00e9cialis\u00e9s dans les monuments \u00e9gyptiens, islamiques et coptes, et la restauration des monuments.<\/span><\/p>\n<p><em><span style=\"font-size: 18pt; font-family: georgia, palatino;\"><strong><u><span style=\"color: #000000;\">*<\/span><\/u><\/strong><u><span style=\"color: #000000;\">Objectifs de la biblioth\u00e8que<\/span><\/u><u>:-<\/u><\/span><\/em><\/p>\n<p style=\"text-align: left;\"><span style=\"font-family: georgia, palatino;\"><em><span style=\"font-size: 14pt;\"><strong>&#8211;<\/strong>La Biblioth\u00e8que universitaire tire son existence et ses objectifs de l\u2019Universit\u00e9 elle-m\u00eame, ses objectifs sont les objectifs de l\u2019Universit\u00e9 et la mission de la Biblioth\u00e8que en tant que partie de la mission de l\u2019universit\u00e9 est centr\u00e9e sur l\u2019\u00e9ducation, la recherche scientifique et le service communautaire.<\/span><\/em><\/span><\/p>\n<p style=\"text-align: left;\"><strong><em><span style=\"font-size: 18pt; font-family: georgia, palatino;\">*<\/span><span style=\"font-size: 18pt; font-family: georgia, palatino;\">Ce sont les suivantes:-<\/span><\/em><\/strong><\/p>\n<p style=\"text-align: left;\"><em><span style=\"font-size: 14pt; font-family: georgia, palatino;\">-Fournir les sources d\u2019information n\u00e9cessaires pour permettre \u00e0 l\u2019Universit\u00e9 de s\u2019acquitter de ses t\u00e2ches en mati\u00e8re d\u2019\u00e9ducation et de recherche.<\/span><\/em><br \/>\n<em><span style=\"font-size: 14pt; font-family: georgia, palatino;\">-Prestation de services de bureau et recherche d\u2019informations.<\/span><\/em><br \/>\n<em><span style=\"font-size: 14pt; font-family: georgia, palatino;\">-Organiser ces groupes et leur indexation, classification et extraction.<\/span><\/em><\/p>\n<p><em><span style=\"font-size: 14pt; font-family: georgia, palatino;\">-Coop\u00e9ration et coordination pour b\u00e9n\u00e9ficier des sources d\u2019information.<\/span><\/em><\/p>\n<p><em><span style=\"font-size: 14pt; font-family: georgia, palatino;\">-Recherche , d\u00e9veloppement et enseignement pour l\u2019utilisation de la biblioth\u00e8que.<\/span><\/em><\/p>\n<p><em><span style=\"font-size: 18pt; font-family: georgia, palatino;\"><strong><u>*<\/u><u>services de la biblioth\u00e8que:-<\/u><\/strong><\/span><\/em><\/p>\n<p><em><span style=\"font-size: 14pt; font-family: georgia, palatino;\">-La biblioth\u00e8que de la Facult\u00e9 d\u2019arch\u00e9ologie offre un s\u00e9jour pour les \u00e9tudiants (\u00e9tape Lacans), les \u00e9tudiants des \u00e9tudes sup\u00e9rieures , les membres du corps enseignant et Leurs assistants et ensuite servir la communaut\u00e9 aussi en offrant leurs services \u00e0 tous ceux qui peuvent profiter d\u2019eux.<\/span><\/em><\/p>\n<p style=\"text-align: left;\">\n","protected":false},"excerpt":{"rendered":"<p>*Structure administrative:- Directeur de la biblioth\u00e8que M\/Haitham Abd El -Rahman Al-Nabawi L\u2019arch\u00e9ologue *Les secr\u00e9taires:- Mme\/Moshera Mohamed Yassin Mme\/Ola Ali maher M\/Abd El- Naser Mahros Ali *Une br\u00e8ve de la biblioth\u00e8que:- [&hellip;]<\/p>\n","protected":false},"author":2,"featured_media":0,"parent":0,"menu_order":0,"comment_status":"closed","ping_status":"closed","template":"","meta":[],"_links":{"self":[{"href":"https:\/\/www.svu.edu.eg\/faculties\/arch\/wp-json\/wp\/v2\/pages\/2022"}],"collection":[{"href":"https:\/\/www.svu.edu.eg\/faculties\/arch\/wp-json\/wp\/v2\/pages"}],"about":[{"href":"https:\/\/www.svu.edu.eg\/faculties\/arch\/wp-json\/wp\/v2\/types\/page"}],"author":[{"embeddable":true,"href":"https:\/\/www.svu.edu.eg\/faculties\/arch\/wp-json\/wp\/v2\/users\/2"}],"replies":[{"embeddable":true,"href":"https:\/\/www.svu.edu.eg\/faculties\/arch\/wp-json\/wp\/v2\/comments?post=2022"}],"version-history":[{"count":5,"href":"https:\/\/www.svu.edu.eg\/faculties\/arch\/wp-json\/wp\/v2\/pages\/2022\/revisions"}],"predecessor-version":[{"id":2933,"href":"https:\/\/www.svu.edu.eg\/faculties\/arch\/wp-json\/wp\/v2\/pages\/2022\/revisions\/2933"}],"wp:attachment":[{"href":"https:\/\/www.svu.edu.eg\/faculties\/arch\/wp-json\/wp\/v2\/media?parent=2022"}],"curies":[{"name":"wp","href":"https:\/\/api.w.org\/{rel}","templated":true}]}}