{"id":2019,"date":"2020-12-28T10:50:21","date_gmt":"2020-12-28T10:50:21","guid":{"rendered":"http:\/\/www.svu.edu.eg\/faculties\/arch\/?page_id=2019"},"modified":"2022-03-26T07:30:48","modified_gmt":"2022-03-26T07:30:48","slug":"affaires-etudiantes","status":"publish","type":"page","link":"https:\/\/www.svu.edu.eg\/faculties\/arch\/fr\/affaires-etudiantes\/","title":{"rendered":"Affaires \u00e9tudiantes"},"content":{"rendered":"<p><em><span style=\"font-size: 14pt; font-family: georgia, palatino;\">1- Le responsable des dipl\u00f4m\u00e9s<\/span><\/em><\/p>\n<p><em><span style=\"font-size: 14pt; font-family: georgia, palatino;\"> M. Abo Al-Wafa Mohamed\u00a0<\/span><\/em><\/p>\n<p><em><span style=\"font-size: 14pt; font-family: georgia, palatino;\">2- Responsables de l&#8217;\u00e9quipe acad\u00e9mique<\/span><\/em><\/p>\n<p><em><span style=\"font-size: 14pt; font-family: georgia, palatino;\">Mme. Walaa Abd El -Hakim Taha<\/span><\/em><\/p>\n<p><em><span style=\"font-size: 14pt; font-family: georgia, palatino;\">M .Taha Abd El- Rahem Taha<\/span><\/em><\/p>\n<p><em><span style=\"font-size: 14pt; font-family: georgia, palatino;\">3- L&#8217;administration commence en raison de sa pr\u00e9paration avec de nouveaux \u00e9tudiants.<\/span><\/em><\/p>\n<p><em><span style=\"font-size: 14pt; font-family: georgia, palatino;\">4- Le service des affaires \u00e9tudiantes assure le transfert des \u00e9tudiants vers et depuis la facult\u00e9 selon les conditions en vigueur \u00e0 l&#8217;universit\u00e9.<\/span><\/em><\/p>\n<p><em><span style=\"font-size: 14pt; font-family: georgia, palatino;\">5- Un examen m\u00e9dical est fait pour les nouveaux \u00e9tudiants.<\/span><\/em><\/p>\n","protected":false},"excerpt":{"rendered":"<p>1- Le responsable des dipl\u00f4m\u00e9s M. Abo Al-Wafa Mohamed\u00a0 2- Responsables de l&#8217;\u00e9quipe acad\u00e9mique Mme. Walaa Abd El -Hakim Taha M .Taha Abd El- Rahem Taha 3- L&#8217;administration commence en [&hellip;]<\/p>\n","protected":false},"author":2,"featured_media":0,"parent":0,"menu_order":0,"comment_status":"closed","ping_status":"closed","template":"","meta":[],"_links":{"self":[{"href":"https:\/\/www.svu.edu.eg\/faculties\/arch\/wp-json\/wp\/v2\/pages\/2019"}],"collection":[{"href":"https:\/\/www.svu.edu.eg\/faculties\/arch\/wp-json\/wp\/v2\/pages"}],"about":[{"href":"https:\/\/www.svu.edu.eg\/faculties\/arch\/wp-json\/wp\/v2\/types\/page"}],"author":[{"embeddable":true,"href":"https:\/\/www.svu.edu.eg\/faculties\/arch\/wp-json\/wp\/v2\/users\/2"}],"replies":[{"embeddable":true,"href":"https:\/\/www.svu.edu.eg\/faculties\/arch\/wp-json\/wp\/v2\/comments?post=2019"}],"version-history":[{"count":2,"href":"https:\/\/www.svu.edu.eg\/faculties\/arch\/wp-json\/wp\/v2\/pages\/2019\/revisions"}],"predecessor-version":[{"id":3196,"href":"https:\/\/www.svu.edu.eg\/faculties\/arch\/wp-json\/wp\/v2\/pages\/2019\/revisions\/3196"}],"wp:attachment":[{"href":"https:\/\/www.svu.edu.eg\/faculties\/arch\/wp-json\/wp\/v2\/media?parent=2019"}],"curies":[{"name":"wp","href":"https:\/\/api.w.org\/{rel}","templated":true}]}}