{"id":2002,"date":"2020-12-28T10:14:16","date_gmt":"2020-12-28T10:14:16","guid":{"rendered":"http:\/\/www.svu.edu.eg\/faculties\/arch\/?page_id=2002"},"modified":"2022-09-25T07:53:29","modified_gmt":"2022-09-25T07:53:29","slug":"du-doyen","status":"publish","type":"page","link":"https:\/\/www.svu.edu.eg\/faculties\/arch\/fr\/du-doyen\/","title":{"rendered":"Doyen"},"content":{"rendered":"<p style=\"text-align: center;\"><span style=\"font-size: 18pt; color: #3366ff;\"><em><strong><span style=\"font-family: georgia, palatino;\">Prof.Dr.Wael Bakry Rashidy<\/span><\/strong><\/em><\/span><\/p>\n<p style=\"text-align: center;\"><span style=\"font-size: 18pt; color: #3366ff;\"><em><strong><span style=\"font-family: georgia, palatino;\">Professeur d&#8217;Arch\u00e9ologie Islamique, Facult\u00e9 d&#8217;Arch\u00e9ologie, Qena<\/span><\/strong><\/em><\/span><\/p>\n<p><img decoding=\"async\" loading=\"lazy\" class=\"aligncenter\" src=\"https:\/\/www.svu.edu.eg\/faculties\/arch\/wp-content\/uploads\/2022\/03\/received_304238818302671-Copy-196x300.jpg\" width=\"179\" height=\"275\" \/><\/p>\n","protected":false},"excerpt":{"rendered":"<p>Prof.Dr.Wael Bakry Rashidy Professeur d&#8217;Arch\u00e9ologie Islamique, Facult\u00e9 d&#8217;Arch\u00e9ologie, Qena<\/p>\n","protected":false},"author":2,"featured_media":0,"parent":0,"menu_order":0,"comment_status":"closed","ping_status":"closed","template":"","meta":[],"_links":{"self":[{"href":"https:\/\/www.svu.edu.eg\/faculties\/arch\/wp-json\/wp\/v2\/pages\/2002"}],"collection":[{"href":"https:\/\/www.svu.edu.eg\/faculties\/arch\/wp-json\/wp\/v2\/pages"}],"about":[{"href":"https:\/\/www.svu.edu.eg\/faculties\/arch\/wp-json\/wp\/v2\/types\/page"}],"author":[{"embeddable":true,"href":"https:\/\/www.svu.edu.eg\/faculties\/arch\/wp-json\/wp\/v2\/users\/2"}],"replies":[{"embeddable":true,"href":"https:\/\/www.svu.edu.eg\/faculties\/arch\/wp-json\/wp\/v2\/comments?post=2002"}],"version-history":[{"count":6,"href":"https:\/\/www.svu.edu.eg\/faculties\/arch\/wp-json\/wp\/v2\/pages\/2002\/revisions"}],"predecessor-version":[{"id":3553,"href":"https:\/\/www.svu.edu.eg\/faculties\/arch\/wp-json\/wp\/v2\/pages\/2002\/revisions\/3553"}],"wp:attachment":[{"href":"https:\/\/www.svu.edu.eg\/faculties\/arch\/wp-json\/wp\/v2\/media?parent=2002"}],"curies":[{"name":"wp","href":"https:\/\/api.w.org\/{rel}","templated":true}]}}