{"id":1999,"date":"2020-12-28T09:38:09","date_gmt":"2020-12-28T09:38:09","guid":{"rendered":"http:\/\/www.svu.edu.eg\/faculties\/arch\/?page_id=1999"},"modified":"2022-02-16T08:20:34","modified_gmt":"2022-02-16T08:20:34","slug":"reglement-des-etudes-superieures","status":"publish","type":"page","link":"https:\/\/www.svu.edu.eg\/faculties\/arch\/fr\/reglement-des-etudes-superieures\/","title":{"rendered":"R\u00e8glement des \u00e9tudes sup\u00e9rieures"},"content":{"rendered":"<p>R\u00e8glement des \u00e9tudes sup\u00e9rieures<\/p>\n","protected":false},"excerpt":{"rendered":"<p>R\u00e8glement des \u00e9tudes sup\u00e9rieures<\/p>\n","protected":false},"author":2,"featured_media":0,"parent":0,"menu_order":0,"comment_status":"closed","ping_status":"closed","template":"","meta":[],"_links":{"self":[{"href":"https:\/\/www.svu.edu.eg\/faculties\/arch\/wp-json\/wp\/v2\/pages\/1999"}],"collection":[{"href":"https:\/\/www.svu.edu.eg\/faculties\/arch\/wp-json\/wp\/v2\/pages"}],"about":[{"href":"https:\/\/www.svu.edu.eg\/faculties\/arch\/wp-json\/wp\/v2\/types\/page"}],"author":[{"embeddable":true,"href":"https:\/\/www.svu.edu.eg\/faculties\/arch\/wp-json\/wp\/v2\/users\/2"}],"replies":[{"embeddable":true,"href":"https:\/\/www.svu.edu.eg\/faculties\/arch\/wp-json\/wp\/v2\/comments?post=1999"}],"version-history":[{"count":2,"href":"https:\/\/www.svu.edu.eg\/faculties\/arch\/wp-json\/wp\/v2\/pages\/1999\/revisions"}],"predecessor-version":[{"id":2939,"href":"https:\/\/www.svu.edu.eg\/faculties\/arch\/wp-json\/wp\/v2\/pages\/1999\/revisions\/2939"}],"wp:attachment":[{"href":"https:\/\/www.svu.edu.eg\/faculties\/arch\/wp-json\/wp\/v2\/media?parent=1999"}],"curies":[{"name":"wp","href":"https:\/\/api.w.org\/{rel}","templated":true}]}}