{"id":1994,"date":"2020-12-28T09:30:25","date_gmt":"2020-12-28T09:30:25","guid":{"rendered":"http:\/\/www.svu.edu.eg\/faculties\/arch\/?page_id=1994"},"modified":"2022-02-16T08:18:05","modified_gmt":"2022-02-16T08:18:05","slug":"reglement-affaires-des-etudiants","status":"publish","type":"page","link":"https:\/\/www.svu.edu.eg\/faculties\/arch\/fr\/reglement-affaires-des-etudiants\/","title":{"rendered":"Regl\u00e8ment affaires des \u00e9tudiants"},"content":{"rendered":"<p>Regl\u00e8ment affaires des \u00e9tudiants<\/p>\n","protected":false},"excerpt":{"rendered":"<p>Regl\u00e8ment affaires des \u00e9tudiants<\/p>\n","protected":false},"author":2,"featured_media":0,"parent":0,"menu_order":0,"comment_status":"closed","ping_status":"closed","template":"","meta":[],"_links":{"self":[{"href":"https:\/\/www.svu.edu.eg\/faculties\/arch\/wp-json\/wp\/v2\/pages\/1994"}],"collection":[{"href":"https:\/\/www.svu.edu.eg\/faculties\/arch\/wp-json\/wp\/v2\/pages"}],"about":[{"href":"https:\/\/www.svu.edu.eg\/faculties\/arch\/wp-json\/wp\/v2\/types\/page"}],"author":[{"embeddable":true,"href":"https:\/\/www.svu.edu.eg\/faculties\/arch\/wp-json\/wp\/v2\/users\/2"}],"replies":[{"embeddable":true,"href":"https:\/\/www.svu.edu.eg\/faculties\/arch\/wp-json\/wp\/v2\/comments?post=1994"}],"version-history":[{"count":4,"href":"https:\/\/www.svu.edu.eg\/faculties\/arch\/wp-json\/wp\/v2\/pages\/1994\/revisions"}],"predecessor-version":[{"id":2938,"href":"https:\/\/www.svu.edu.eg\/faculties\/arch\/wp-json\/wp\/v2\/pages\/1994\/revisions\/2938"}],"wp:attachment":[{"href":"https:\/\/www.svu.edu.eg\/faculties\/arch\/wp-json\/wp\/v2\/media?parent=1994"}],"curies":[{"name":"wp","href":"https:\/\/api.w.org\/{rel}","templated":true}]}}