{"id":1991,"date":"2020-12-28T09:15:12","date_gmt":"2020-12-28T09:15:12","guid":{"rendered":"http:\/\/www.svu.edu.eg\/faculties\/arch\/?page_id=1991"},"modified":"2022-02-16T07:17:05","modified_gmt":"2022-02-16T07:17:05","slug":"la-mission","status":"publish","type":"page","link":"https:\/\/www.svu.edu.eg\/faculties\/arch\/fr\/la-mission\/","title":{"rendered":"La mission"},"content":{"rendered":"\n<p style=\"text-align:left\" class=\"has-medium-font-size\" dir=\"ltr\"><em>Se concentrer sur l\u2019acquisition de connaissances en relation avec les \u00e9tudes arch\u00e9ologiques et la pr\u00e9servation sur les art\u00e9facts.Pour atteindre un dipl\u00f4m\u00e9 qualifi\u00e9 qui r\u00e9pond aux besoins des autorit\u00e9s comp\u00e9tentes, surtout dans la r\u00e9gion du sud de la vall\u00e9e. la capacit\u00e9 de poursuivre la recherche scientifique<\/em>.<\/p>\n","protected":false},"excerpt":{"rendered":"<p>Se concentrer sur l\u2019acquisition de connaissances en relation avec les \u00e9tudes arch\u00e9ologiques et la pr\u00e9servation sur les art\u00e9facts.Pour atteindre un dipl\u00f4m\u00e9 qualifi\u00e9 qui r\u00e9pond aux besoins des autorit\u00e9s comp\u00e9tentes, surtout [&hellip;]<\/p>\n","protected":false},"author":2,"featured_media":0,"parent":0,"menu_order":0,"comment_status":"closed","ping_status":"closed","template":"","meta":[],"_links":{"self":[{"href":"https:\/\/www.svu.edu.eg\/faculties\/arch\/wp-json\/wp\/v2\/pages\/1991"}],"collection":[{"href":"https:\/\/www.svu.edu.eg\/faculties\/arch\/wp-json\/wp\/v2\/pages"}],"about":[{"href":"https:\/\/www.svu.edu.eg\/faculties\/arch\/wp-json\/wp\/v2\/types\/page"}],"author":[{"embeddable":true,"href":"https:\/\/www.svu.edu.eg\/faculties\/arch\/wp-json\/wp\/v2\/users\/2"}],"replies":[{"embeddable":true,"href":"https:\/\/www.svu.edu.eg\/faculties\/arch\/wp-json\/wp\/v2\/comments?post=1991"}],"version-history":[{"count":3,"href":"https:\/\/www.svu.edu.eg\/faculties\/arch\/wp-json\/wp\/v2\/pages\/1991\/revisions"}],"predecessor-version":[{"id":2922,"href":"https:\/\/www.svu.edu.eg\/faculties\/arch\/wp-json\/wp\/v2\/pages\/1991\/revisions\/2922"}],"wp:attachment":[{"href":"https:\/\/www.svu.edu.eg\/faculties\/arch\/wp-json\/wp\/v2\/media?parent=1991"}],"curies":[{"name":"wp","href":"https:\/\/api.w.org\/{rel}","templated":true}]}}