{"id":1983,"date":"2020-12-28T08:56:31","date_gmt":"2020-12-28T08:56:31","guid":{"rendered":"http:\/\/www.svu.edu.eg\/faculties\/arch\/?page_id=1983"},"modified":"2022-02-16T07:09:02","modified_gmt":"2022-02-16T07:09:02","slug":"la-creation","status":"publish","type":"page","link":"https:\/\/www.svu.edu.eg\/faculties\/arch\/fr\/la-creation\/","title":{"rendered":"La cr\u00e9ation"},"content":{"rendered":"<p><span style=\"font-size: 14pt;\"><em><span style=\"font-family: georgia, palatino;\">La facult\u00e9 d\u2019arch\u00e9ologie a \u00e9tabli par une d\u00e9cision du conseil de l\u2019Universit\u00e9 et par d\u00e9cret de la R\u00e9publique(129) du 16\\4\\2006 parmi facult\u00e9s de l\u2019universit\u00e9. Cela pour servir en particulier Haute \u00c9gypte Sp\u00e9ciale r\u00e9gion d\u2019Haute- \u00c9gypte, a \u00e9t\u00e9 \u00e0 la prise de mener de telle facult\u00e9 de son \u00e9tude que traite histoire, civilisation \u00e0 travers \u00e2ges.<\/span><\/em><\/span><\/p>\n<p><span style=\"font-size: 14pt;\"><em><span style=\"font-family: georgia, palatino;\">les \u00e9tudes renforcent l\u2019appartenance des enfants et parents de leur patrie, les monuments repr\u00e9sentent diff\u00e9rance de leur \u00e2ge la m\u00e9moire de nation son pr\u00e9sent et son futur, en g\u00e9n\u00e9rale, elles servent tous les gouvernorats \u00e9gyptiens tant \u00e0 Caire ou basse- \u00c9gypte et Sina\u00ef.<\/span><\/em><\/span><\/p>\n","protected":false},"excerpt":{"rendered":"<p>La facult\u00e9 d\u2019arch\u00e9ologie a \u00e9tabli par une d\u00e9cision du conseil de l\u2019Universit\u00e9 et par d\u00e9cret de la R\u00e9publique(129) du 16\\4\\2006 parmi facult\u00e9s de l\u2019universit\u00e9. Cela pour servir en particulier Haute [&hellip;]<\/p>\n","protected":false},"author":2,"featured_media":0,"parent":0,"menu_order":0,"comment_status":"closed","ping_status":"closed","template":"","meta":[],"_links":{"self":[{"href":"https:\/\/www.svu.edu.eg\/faculties\/arch\/wp-json\/wp\/v2\/pages\/1983"}],"collection":[{"href":"https:\/\/www.svu.edu.eg\/faculties\/arch\/wp-json\/wp\/v2\/pages"}],"about":[{"href":"https:\/\/www.svu.edu.eg\/faculties\/arch\/wp-json\/wp\/v2\/types\/page"}],"author":[{"embeddable":true,"href":"https:\/\/www.svu.edu.eg\/faculties\/arch\/wp-json\/wp\/v2\/users\/2"}],"replies":[{"embeddable":true,"href":"https:\/\/www.svu.edu.eg\/faculties\/arch\/wp-json\/wp\/v2\/comments?post=1983"}],"version-history":[{"count":3,"href":"https:\/\/www.svu.edu.eg\/faculties\/arch\/wp-json\/wp\/v2\/pages\/1983\/revisions"}],"predecessor-version":[{"id":2920,"href":"https:\/\/www.svu.edu.eg\/faculties\/arch\/wp-json\/wp\/v2\/pages\/1983\/revisions\/2920"}],"wp:attachment":[{"href":"https:\/\/www.svu.edu.eg\/faculties\/arch\/wp-json\/wp\/v2\/media?parent=1983"}],"curies":[{"name":"wp","href":"https:\/\/api.w.org\/{rel}","templated":true}]}}