{"id":1897,"date":"2020-12-05T09:21:49","date_gmt":"2020-12-05T09:21:49","guid":{"rendered":"http:\/\/www.svu.edu.eg\/faculties\/arch\/?page_id=1897"},"modified":"2022-09-19T08:41:23","modified_gmt":"2022-09-19T08:41:23","slug":"homepage_fr","status":"publish","type":"page","link":"https:\/\/www.svu.edu.eg\/faculties\/arch\/fr\/homepage_fr\/","title":{"rendered":"Homepage_fr"},"content":{"rendered":"<div id=\"pl-1897\"  class=\"panel-layout panel-is-rtl\" ><div id=\"pg-1897-0\"  class=\"panel-grid panel-no-style\" ><div id=\"pgc-1897-0-0\"  class=\"panel-grid-cell panel-grid-cell-empty\" ><\/div><\/div><div id=\"pg-1897-1\"  class=\"panel-grid panel-has-style\" ><div class=\"wide-grey panel-row-style panel-row-style-for-1897-1\" ><div id=\"pgc-1897-1-0\"  class=\"panel-grid-cell\" ><div id=\"panel-1897-1-0-0\" class=\"so-panel widget widget_headline-widget panel-first-child panel-last-child\" data-index=\"0\" >\t\t<h1>La facult\u00e9 d' arch\u00e9ologie accueille de nouveaux \u00e9tudiants<\/h1>\n\t\t<div class=\"decoration\"><div class=\"decoration-inside\"><\/div><\/div>\n\t\t<h3>Bonne ann\u00e9e acad\u00e9mique<\/h3>\n\t\t<\/div><\/div><\/div><\/div><div id=\"pg-1897-2\"  class=\"panel-grid panel-no-style\" ><div id=\"pgc-1897-2-0\"  class=\"panel-grid-cell\" ><div id=\"panel-1897-2-0-0\" class=\"so-panel widget widget_siteorigin-panels-postloop panel-first-child\" data-index=\"1\" ><div class=\"panel-widget-style panel-widget-style-for-1897-2-0-0\" ><h3 class=\"widget-title\">Derni\u00e8res nouvelles<\/h3>\n<article id=\"post-4279\" class=\"post-4279 post type-post status-publish format-standard has-post-thumbnail hentry category-news_fr post-with-thumbnail post-with-thumbnail-icon\">\n\n\t\t\t<div class=\"entry-thumbnail\">\n\t\t\t<a href=\"https:\/\/www.svu.edu.eg\/faculties\/arch\/fr\/larrivee-de-certaines-attestations-de-fin-detudes-pour-les-diplomes-de-lannee-academique-2021-2022\/\"><img width=\"150\" height=\"150\" src=\"https:\/\/www.svu.edu.eg\/faculties\/arch\/wp-content\/uploads\/2023\/03\/images1-150x150.jpg\" class=\"attachment-thumbnail size-thumbnail wp-post-image\" alt=\"\" decoding=\"async\" loading=\"lazy\" srcset=\"https:\/\/www.svu.edu.eg\/faculties\/arch\/wp-content\/uploads\/2023\/03\/images1-150x150.jpg 150w, https:\/\/www.svu.edu.eg\/faculties\/arch\/wp-content\/uploads\/2023\/03\/images1.jpg 225w\" sizes=\"(max-width: 150px) 100vw, 150px\" \/><\/a>\n\t\t<\/div>\n\t\n\t<div class=\"entry-main\">\n\n\t\t\n\t\t<header class=\"entry-header\">\n\t\t\t\n\t\t\t<h1 class=\"entry-title\"><a href=\"https:\/\/www.svu.edu.eg\/faculties\/arch\/fr\/larrivee-de-certaines-attestations-de-fin-detudes-pour-les-diplomes-de-lannee-academique-2021-2022\/\" title=\"Permalink to L&#8217;arriv\u00e9e de certaines attestations de fin d&#8217;\u00e9tudes pour les dipl\u00f4m\u00e9s de l&#8217;ann\u00e9e acad\u00e9mique 2021\/2022\" rel=\"bookmark\">L&#8217;arriv\u00e9e de certaines attestations de fin d&#8217;\u00e9tudes pour les dipl\u00f4m\u00e9s de l&#8217;ann\u00e9e acad\u00e9mique 2021\/2022<\/a><\/h1>\n\n\t\t\t\t\t\t\t<div class=\"entry-meta\">\n\t\t\t\t\tPosted on <a href=\"https:\/\/www.svu.edu.eg\/faculties\/arch\/fr\/larrivee-de-certaines-attestations-de-fin-detudes-pour-les-diplomes-de-lannee-academique-2021-2022\/\" title=\"7:19 \u0635\" rel=\"bookmark\"><time class=\"entry-date\" datetime=\"2023-03-22T07:19:21+00:00\">\u0645\u0627\u0631\u0633 22, 2023<\/time><\/a><time class=\"updated\" datetime=\"2023-03-27T07:23:47+00:00\">\u0645\u0627\u0631\u0633 27, 2023<\/time>  \t\t\t\t<\/div><!-- .entry-meta -->\n\t\t\t\n\t\t<\/header><!-- .entry-header -->\n\n\t\t\t\t\t<div class=\"entry-content\">\n\t\t\t\t<p>Les noms des dipl\u00f4m\u00e9s pour l&#8217;ann\u00e9e acad\u00e9mique 2021\/2022 La livraison commencera le samedi 25\/03\/2023<\/p>\n\t\t\t\t\t\t\t\t<a class=\"more-link\" href=\"https:\/\/www.svu.edu.eg\/faculties\/arch\/fr\/larrivee-de-certaines-attestations-de-fin-detudes-pour-les-diplomes-de-lannee-academique-2021-2022\/\">\u0627\u0644\u0645\u0632\u064a\u062f<span class=\"meta-nav\">&rarr;<\/span><\/a>\t\t\t\t\t\t\t<\/div><!-- .entry-content -->\n\t\t\n\t\t\n\t<\/div>\n\n<\/article><!-- #post-4279 -->\n\n<article id=\"post-4276\" class=\"post-4276 post type-post status-publish format-standard has-post-thumbnail hentry category-news_fr post-with-thumbnail post-with-thumbnail-icon\">\n\n\t\t\t<div class=\"entry-thumbnail\">\n\t\t\t<a href=\"https:\/\/www.svu.edu.eg\/faculties\/arch\/fr\/annonce-de-la-discussion-dune-these-de-maitrise-pour-la-chercheuse-mayada-mohamed-ahmed-assistante-au-departement-darcheologie-islamique\/\"><img width=\"150\" height=\"150\" src=\"https:\/\/www.svu.edu.eg\/faculties\/arch\/wp-content\/uploads\/2023\/03\/images1-150x150.jpg\" class=\"attachment-thumbnail size-thumbnail wp-post-image\" alt=\"\" decoding=\"async\" loading=\"lazy\" srcset=\"https:\/\/www.svu.edu.eg\/faculties\/arch\/wp-content\/uploads\/2023\/03\/images1-150x150.jpg 150w, https:\/\/www.svu.edu.eg\/faculties\/arch\/wp-content\/uploads\/2023\/03\/images1.jpg 225w\" sizes=\"(max-width: 150px) 100vw, 150px\" \/><\/a>\n\t\t<\/div>\n\t\n\t<div class=\"entry-main\">\n\n\t\t\n\t\t<header class=\"entry-header\">\n\t\t\t\n\t\t\t<h1 class=\"entry-title\"><a href=\"https:\/\/www.svu.edu.eg\/faculties\/arch\/fr\/annonce-de-la-discussion-dune-these-de-maitrise-pour-la-chercheuse-mayada-mohamed-ahmed-assistante-au-departement-darcheologie-islamique\/\" title=\"Permalink to Annonce de la discussion d&#8217;une th\u00e8se de ma\u00eetrise pour la chercheuse\/Mayada Mohamed Ahmed &#8211; assistante au d\u00e9partement d&#8217;arch\u00e9ologie islamique.\" rel=\"bookmark\">Annonce de la discussion d&#8217;une th\u00e8se de ma\u00eetrise pour la chercheuse\/Mayada Mohamed Ahmed &#8211; assistante au d\u00e9partement d&#8217;arch\u00e9ologie islamique.<\/a><\/h1>\n\n\t\t\t\t\t\t\t<div class=\"entry-meta\">\n\t\t\t\t\tPosted on <a href=\"https:\/\/www.svu.edu.eg\/faculties\/arch\/fr\/annonce-de-la-discussion-dune-these-de-maitrise-pour-la-chercheuse-mayada-mohamed-ahmed-assistante-au-departement-darcheologie-islamique\/\" title=\"7:13 \u0635\" rel=\"bookmark\"><time class=\"entry-date\" datetime=\"2023-03-15T07:13:19+00:00\">\u0645\u0627\u0631\u0633 15, 2023<\/time><\/a><time class=\"updated\" datetime=\"2023-03-27T07:17:53+00:00\">\u0645\u0627\u0631\u0633 27, 2023<\/time>  \t\t\t\t<\/div><!-- .entry-meta -->\n\t\t\t\n\t\t<\/header><!-- .entry-header -->\n\n\t\t\t\t\t<div class=\"entry-content\">\n\t\t\t\t\t\t\t\t\t\t\t\t<a class=\"more-link\" href=\"https:\/\/www.svu.edu.eg\/faculties\/arch\/fr\/annonce-de-la-discussion-dune-these-de-maitrise-pour-la-chercheuse-mayada-mohamed-ahmed-assistante-au-departement-darcheologie-islamique\/\">\u0627\u0644\u0645\u0632\u064a\u062f<span class=\"meta-nav\">&rarr;<\/span><\/a>\t\t\t\t\t\t\t<\/div><!-- .entry-content -->\n\t\t\n\t\t\n\t<\/div>\n\n<\/article><!-- #post-4276 -->\n\n<article id=\"post-4218\" class=\"post-4218 post type-post status-publish format-standard has-post-thumbnail hentry category-news_fr post-with-thumbnail post-with-thumbnail-icon\">\n\n\t\t\t<div class=\"entry-thumbnail\">\n\t\t\t<a href=\"https:\/\/www.svu.edu.eg\/faculties\/arch\/fr\/annonce-de-la-discussion-de-maitrise-pour-la-chercheuse-marwa-badry-mohamed\/\"><img width=\"150\" height=\"150\" src=\"https:\/\/www.svu.edu.eg\/faculties\/arch\/wp-content\/uploads\/2021\/09\/images1-150x150.jpg\" class=\"attachment-thumbnail size-thumbnail wp-post-image\" alt=\"\" decoding=\"async\" loading=\"lazy\" srcset=\"https:\/\/www.svu.edu.eg\/faculties\/arch\/wp-content\/uploads\/2021\/09\/images1-150x150.jpg 150w, https:\/\/www.svu.edu.eg\/faculties\/arch\/wp-content\/uploads\/2021\/09\/images1.jpg 225w\" sizes=\"(max-width: 150px) 100vw, 150px\" \/><\/a>\n\t\t<\/div>\n\t\n\t<div class=\"entry-main\">\n\n\t\t\n\t\t<header class=\"entry-header\">\n\t\t\t\n\t\t\t<h1 class=\"entry-title\"><a href=\"https:\/\/www.svu.edu.eg\/faculties\/arch\/fr\/annonce-de-la-discussion-de-maitrise-pour-la-chercheuse-marwa-badry-mohamed\/\" title=\"Permalink to Annonce de la discussion de ma\u00eetrise pour la chercheuse \/ Marwa Badry Mohamed\" rel=\"bookmark\">Annonce de la discussion de ma\u00eetrise pour la chercheuse \/ Marwa Badry Mohamed<\/a><\/h1>\n\n\t\t\t\t\t\t\t<div class=\"entry-meta\">\n\t\t\t\t\tPosted on <a href=\"https:\/\/www.svu.edu.eg\/faculties\/arch\/fr\/annonce-de-la-discussion-de-maitrise-pour-la-chercheuse-marwa-badry-mohamed\/\" title=\"8:50 \u0635\" rel=\"bookmark\"><time class=\"entry-date\" datetime=\"2023-03-07T08:50:16+00:00\">\u0645\u0627\u0631\u0633 7, 2023<\/time><\/a><time class=\"updated\" datetime=\"2023-03-14T08:53:15+00:00\">\u0645\u0627\u0631\u0633 14, 2023<\/time>  \t\t\t\t<\/div><!-- .entry-meta -->\n\t\t\t\n\t\t<\/header><!-- .entry-header -->\n\n\t\t\t\t\t<div class=\"entry-content\">\n\t\t\t\t<p>Annonce de la discussion de ma\u00eetrise pour la chercheuse \/ Marwa Badry Mohamed<\/p>\n\t\t\t\t\t\t\t\t<a class=\"more-link\" href=\"https:\/\/www.svu.edu.eg\/faculties\/arch\/fr\/annonce-de-la-discussion-de-maitrise-pour-la-chercheuse-marwa-badry-mohamed\/\">\u0627\u0644\u0645\u0632\u064a\u062f<span class=\"meta-nav\">&rarr;<\/span><\/a>\t\t\t\t\t\t\t<\/div><!-- .entry-content -->\n\t\t\n\t\t\n\t<\/div>\n\n<\/article><!-- #post-4218 -->\n<\/div><\/div><div id=\"panel-1897-2-0-1\" class=\"so-panel widget widget_text panel-last-child\" data-index=\"2\" >\t\t\t<div class=\"textwidget\"><p style=\"direction: ltr;\"><a href=\"https:\/\/www.svu.edu.eg\/faculties\/arch\/fr\/category\/news_fr\/\">Plus de nouvelles<\/a><\/p>\n<\/div>\n\t\t<\/div><\/div><\/div><div id=\"pg-1897-3\"  class=\"panel-grid panel-no-style\" ><div id=\"pgc-1897-3-0\"  class=\"panel-grid-cell\" ><div id=\"panel-1897-3-0-0\" class=\"so-panel widget widget_xyz_insert_php_widget panel-first-child panel-last-child\" data-index=\"3\" >\r\n\t<div class=\"announc\">\r\n      <h2> Conf\u00e9rence<\/h2>\r\n\t<div class=\"announc-body\">\r\n\t<ul>\r\n             \r\n<ul><li style=\"text-align:left;\"><a href=\"category\/conf_fr\/\">Plus<\/a><\/li>\r\n<\/ul>   <\/ul>\r\n\t<\/div>\r\n\t<\/div><\/div><\/div><div id=\"pgc-1897-3-1\"  class=\"panel-grid-cell\" ><div id=\"panel-1897-3-1-0\" class=\"so-panel widget widget_media_video panel-first-child panel-last-child\" data-index=\"4\" ><\/div><\/div><div id=\"pgc-1897-3-2\"  class=\"panel-grid-cell\" ><div id=\"panel-1897-3-2-0\" class=\"so-panel widget widget_xyz_insert_php_widget panel-first-child panel-last-child\" data-index=\"5\" >\r\n\t<div class=\"announc\">\r\n      <h2> Annonces<\/h2>\r\n\t<div class=\"announc-body\">\r\n\t<ul>\r\n             \r\n<ul>        <li> <a href=\" https:\/\/www.svu.edu.eg\/faculties\/arch\/fr\/annonce-de-la-discussion-dun-memoire-de-maitrise-pour-la-chercheuse-yara-mohamed-salah-el-din-mohamed\/\" title=\"Annonce de la discussion d&#8217;un m\u00e9moire de ma\u00eetrise pour la chercheuse \/ Yara Mohamed Salah El-Din Mohamed\">\r\n\t\t\tAnnonce de la discussion d&...<\/a> <\/li>\r\n<li style=\"text-align:left;\"><a href=\"category\/ann_fr\/\">Plus<\/a><\/li>\r\n<\/ul>   <\/ul>\r\n\t<\/div>\r\n\t<\/div><\/div><\/div><\/div><div id=\"pg-1897-4\"  class=\"panel-grid panel-has-style\" ><div style=\"background-color: #c4eeff; \" class=\"panel-row-style panel-row-style-for-1897-4\" ><div id=\"pgc-1897-4-0\"  class=\"panel-grid-cell\" ><div id=\"panel-1897-4-0-0\" class=\"so-panel widget widget_circleicon-widget panel-first-child panel-last-child\" data-index=\"6\" >\t\t<div class=\"circle-icon-box circle-icon-position-top circle-icon-hide-box circle-icon-size-small \">\n\t\t\t\t\t\t\t<div class=\"circle-icon-wrapper\">\n\t\t\t\t\t\t\t\t\t\t<div class=\"circle-icon icon-style-set\" style=\"background-color: #1e73be\">\n\t\t\t\t\t\t\t\t\t\t\t\t\t<div class=\"fa fa-clock-o\" ><\/div>\n\t\t\t\t\t\t\t\t\t\t\t<\/div> \n\t\t\t\t\t\t\t\t\t<\/div>\n\t\t\t\n\t\t\t\t\t\t\t\t\t\t<h4 >\n\t\t\t\t\tCr\u00e9ation de la facult\u00e9\t\t\t\t<\/h4>\n\t\t\t\t\t\t\n\t\t\t\t\t\t\t<p class=\"text\" >La facult\u00e9 d\u2019arch\u00e9ologie a \u00e9t\u00e9 \u00e9tablie par le Conseil de l\u2019Universit\u00e9 et par le d\u00e9cret r\u00e9publicain n\u00b0 129, le 16 avril 2006 \u00e0 l\u2019Universit\u00e9 du Sud de la vall\u00e9e. Ainsi qu' elle a \u00e9t\u00e9 cr\u00e9\u00e9  pour servir l'Haute- \u00c9gypte, qui sont les plus n\u00e9cessaires aux \u00e9tudes de l\u2019histoire, de la civilisation et des monuments de l\u2019 \u00c9gypte car ils repr\u00e9sentent les effets de diff\u00e9rents temps, pr\u00e9sent et futur, et servent g\u00e9n\u00e9ralement tous les gouvernorats \u00e9gyptiens, que ce soit au Caire ou la mer et le Sina\u00ef.<\/p>\n\t\t\t\t\t\t\t\t\t\t<a href=\"#\" class=\"more-button\" >More Info <i><\/i><\/a>\n\t\t\t\t\t<\/div>\n\t\t<\/div><\/div><div id=\"pgc-1897-4-1\"  class=\"panel-grid-cell\" ><div id=\"panel-1897-4-1-0\" class=\"so-panel widget widget_circleicon-widget panel-first-child panel-last-child\" data-index=\"7\" >\t\t<div class=\"circle-icon-box circle-icon-position-top circle-icon-hide-box circle-icon-size-small \">\n\t\t\t\t\t\t\t<div class=\"circle-icon-wrapper\">\n\t\t\t\t\t\t\t\t\t\t<div class=\"circle-icon icon-style-set\" style=\"background-color: #1e73be\">\n\t\t\t\t\t\t\t\t\t\t\t\t\t<div class=\"fa fa-pencil-square-o\" ><\/div>\n\t\t\t\t\t\t\t\t\t\t\t<\/div> \n\t\t\t\t\t\t\t\t\t<\/div>\n\t\t\t\n\t\t\t\t\t\t\t\t\t\t<h4 >\n\t\t\t\t\tLa vision\t\t\t\t<\/h4>\n\t\t\t\t\t\t\n\t\t\t\t\t\t\t<p class=\"text\" >La facult\u00e9 d'arch\u00e9ologie relie entre les domaines acad\u00e9miques, de recherche et op\u00e9rationnels en particulier  le patrimoine arch\u00e9ologique, civilisationnel et historique, et tenir des consultations pour les autorit\u00e9s comp\u00e9tentes, d\u00e9velopper la connaissance arch\u00e9ologique et participer aux services la soci\u00e9t\u00e9  du sud de la vall\u00e9e.<\/p>\n\t\t\t\t\t\t\t\t\t\t<a href=\"#\" class=\"more-button\" >More Info <i><\/i><\/a>\n\t\t\t\t\t<\/div>\n\t\t<\/div><\/div><div id=\"pgc-1897-4-2\"  class=\"panel-grid-cell\" ><div id=\"panel-1897-4-2-0\" class=\"so-panel widget widget_circleicon-widget panel-first-child panel-last-child\" data-index=\"8\" >\t\t<div class=\"circle-icon-box circle-icon-position-top circle-icon-hide-box circle-icon-size-small \">\n\t\t\t\t\t\t\t<div class=\"circle-icon-wrapper\">\n\t\t\t\t\t\t\t\t\t\t<div class=\"circle-icon icon-style-set\" style=\"background-color: #1e73be\">\n\t\t\t\t\t\t\t\t\t\t\t\t\t<div class=\"fa fa-check-circle-o\" style=\"color: #ffffff\"><\/div>\n\t\t\t\t\t\t\t\t\t\t\t<\/div> \n\t\t\t\t\t\t\t\t\t<\/div>\n\t\t\t\n\t\t\t\t\t\t\t\t\t\t<h4 >\n\t\t\t\t\tLa mission\t\t\t\t<\/h4>\n\t\t\t\t\t\t\n\t\t\t\t\t\t\t<p class=\"text\" >La facult\u00e9 d'arch\u00e9ologie vise \u00e0 acqu\u00e9rir la connaissance des \u00e9tudes arch\u00e9ologiques et des m\u00e9thodes de conservation des monuments et d\u00e9velopper les domaines acad\u00e9miques  et op\u00e9rationnels pour atteindre un dipl\u00f4m\u00e9 qualifi\u00e9 qui r\u00e9pond aux besoins des autorit\u00e9s comp\u00e9tentes, du march\u00e9 du travail et de la soci\u00e9t\u00e9, surtout dans la r\u00e9gion du Sud de la vall\u00e9e.  <\/p>\n\t\t\t\t\t\t\t\t\t\t<a href=\"#\" class=\"more-button\" >More Info <i><\/i><\/a>\n\t\t\t\t\t<\/div>\n\t\t<\/div><\/div><\/div><\/div><\/div>","protected":false},"excerpt":{"rendered":"<p>Plus de nouvelles<\/p>\n","protected":false},"author":2,"featured_media":0,"parent":0,"menu_order":0,"comment_status":"closed","ping_status":"closed","template":"home-panels.php","meta":[],"_links":{"self":[{"href":"https:\/\/www.svu.edu.eg\/faculties\/arch\/wp-json\/wp\/v2\/pages\/1897"}],"collection":[{"href":"https:\/\/www.svu.edu.eg\/faculties\/arch\/wp-json\/wp\/v2\/pages"}],"about":[{"href":"https:\/\/www.svu.edu.eg\/faculties\/arch\/wp-json\/wp\/v2\/types\/page"}],"author":[{"embeddable":true,"href":"https:\/\/www.svu.edu.eg\/faculties\/arch\/wp-json\/wp\/v2\/users\/2"}],"replies":[{"embeddable":true,"href":"https:\/\/www.svu.edu.eg\/faculties\/arch\/wp-json\/wp\/v2\/comments?post=1897"}],"version-history":[{"count":13,"href":"https:\/\/www.svu.edu.eg\/faculties\/arch\/wp-json\/wp\/v2\/pages\/1897\/revisions"}],"predecessor-version":[{"id":3546,"href":"https:\/\/www.svu.edu.eg\/faculties\/arch\/wp-json\/wp\/v2\/pages\/1897\/revisions\/3546"}],"wp:attachment":[{"href":"https:\/\/www.svu.edu.eg\/faculties\/arch\/wp-json\/wp\/v2\/media?parent=1897"}],"curies":[{"name":"wp","href":"https:\/\/api.w.org\/{rel}","templated":true}]}}