{"id":4611,"date":"2022-02-04T22:30:55","date_gmt":"2022-02-04T22:30:55","guid":{"rendered":"http:\/\/www.svu.edu.eg\/faculties\/agr\/?page_id=4611"},"modified":"2022-02-04T22:31:03","modified_gmt":"2022-02-04T22:31:03","slug":"objectifs-de-lunite","status":"publish","type":"page","link":"https:\/\/www.svu.edu.eg\/faculties\/agr\/fr\/centre-de-recherche-et-dexperimentation-agricoles\/objectifs-de-lunite\/","title":{"rendered":"Objectifs de l\u2019Unit\u00e9"},"content":{"rendered":"<p><span style=\"font-size: 14pt;\">Reconstruction de terres d\u00e9sertiques \u00e0 l\u2019Universit\u00e9 du Sud de la Vall\u00e9e avec des arbres, des r\u00e9coltes agricoles, les plantes et les animaux.<\/span><\/p>\n<p><span style=\"font-size: 14pt;\">Coop\u00e9ration avec des exp\u00e9riences scientifiques sp\u00e9cialis\u00e9es dans:<\/span><br \/>\n<span style=\"font-size: 14pt;\">&#8211; Extension de l\u2019espace vert dans les vastes zones d\u00e9sertiques appartenant \u00e0 l\u2019Universit\u00e9.<\/span><\/p>\n<p><span style=\"font-size: 14pt;\">&#8211; entreprendre des projets industriels compl\u00e9mentaires \u00e0 la production agricole et animale en vue de la fabrication et de la commercialisation, dans les limites des moyens disponibles et d\u00e9termin\u00e9s par le conseil d\u2019administration, dans les limites de la r\u00e9glementation, les autres lois et r\u00e8glements et le service de l\u2019environnement.<\/span><\/p>\n","protected":false},"excerpt":{"rendered":"<p>Reconstruction de terres d\u00e9sertiques \u00e0 l\u2019Universit\u00e9 du Sud de la Vall\u00e9e avec des arbres, des r\u00e9coltes agricoles, les plantes et les animaux. Coop\u00e9ration avec des exp\u00e9riences scientifiques sp\u00e9cialis\u00e9es dans: &#8211; [&hellip;]<\/p>\n","protected":false},"author":2,"featured_media":0,"parent":2726,"menu_order":0,"comment_status":"closed","ping_status":"closed","template":"","meta":[],"jetpack_sharing_enabled":true,"jetpack-related-posts":[{"id":2717,"url":"https:\/\/www.svu.edu.eg\/faculties\/agr\/fr\/projet-de-developpement-du-systeme-devaluation-des-etudiants-et-des-examens\/","url_meta":{"origin":4611,"position":0},"title":"Projet de d\u00e9veloppement du syst\u00e8me d\u2019\u00e9valuation des \u00e9tudiants et des examens","author":"omar","date":"\u0641\u0628\u0631\u0627\u064a\u0631 4, 2022","format":false,"excerpt":"Dans le cadre des efforts de l\u2019universit\u00e9 pour mettre en \u0153uvre des r\u00e8glements de qualit\u00e9 en coop\u00e9ration avec les universit\u00e9s \u00e9gyptiennes, il est n\u00e9cessaire d\u2019\u00e9valuer les \u00e9tudiants au niveau de licence et de baccalaur\u00e9at afin d\u2019atteindre les r\u00e9sultats scientifiques visant \u00e0 qualifier les dipl\u00f4m\u00e9s au plus haut niveau pour r\u00e9pondre\u2026","rel":"","context":"\u062a\u062f\u0648\u064a\u0646\u0629 \u0645\u0634\u0627\u0628\u0647\u0629","block_context":{"text":"\u062a\u062f\u0648\u064a\u0646\u0629 \u0645\u0634\u0627\u0628\u0647\u0629","link":""},"img":{"alt_text":"","src":"","width":0,"height":0},"classes":[]},{"id":4563,"url":"https:\/\/www.svu.edu.eg\/faculties\/agr\/fr\/projet-de-developpement-du-systeme-devaluation-des-etudiants-et-des-examens\/objectifs-de-lunite\/","url_meta":{"origin":4611,"position":1},"title":"objectifs de l&#8217;Unit\u00e9","author":"omar","date":"\u0641\u0628\u0631\u0627\u064a\u0631 4, 2022","format":false,"excerpt":"1- \u00c9tablissement d\u2019une unit\u00e9 \u00e0 la facult\u00e9 qui g\u00e8re, suit et fournit un soutien technique pour l\u2019orthographie des \u00e9tudiants \u00e0 la facult\u00e9 en conformit\u00e9 avec les r\u00e9sultats du centre pour le d\u00e9veloppement des syst\u00e8mes de calendrier \u00e9tudiant et des examens \u00e0 l\u2019Universit\u00e9 du Sud de la Vall\u00e9e. 2- Pr\u00e9paration d\u2019un\u2026","rel":"","context":"\u062a\u062f\u0648\u064a\u0646\u0629 \u0645\u0634\u0627\u0628\u0647\u0629","block_context":{"text":"\u062a\u062f\u0648\u064a\u0646\u0629 \u0645\u0634\u0627\u0628\u0647\u0629","link":""},"img":{"alt_text":"","src":"","width":0,"height":0},"classes":[]},{"id":4462,"url":"https:\/\/www.svu.edu.eg\/faculties\/agr\/fr\/secteur-du-service-communautaire-et-le-developpement-environnemental\/convois\/","url_meta":{"origin":4611,"position":2},"title":"Convois","author":"omar","date":"\u0641\u0628\u0631\u0627\u064a\u0631 1, 2022","format":false,"excerpt":"Le secteur du service communautaire et du d\u00e9veloppement environnemental de la facult\u00e9 d\u2019Agriculture de l\u2019Universit\u00e9 du Sud de la Vall\u00e9e, avec la participation de membres du corps professoral de la facult\u00e9, met en \u0153uvre des convois\u00a0 agricoles au niveau du centre d\u2019extension dans les villages et les centres des provinces\u2026","rel":"","context":"\u062a\u062f\u0648\u064a\u0646\u0629 \u0645\u0634\u0627\u0628\u0647\u0629","block_context":{"text":"\u062a\u062f\u0648\u064a\u0646\u0629 \u0645\u0634\u0627\u0628\u0647\u0629","link":""},"img":{"alt_text":"","src":"","width":0,"height":0},"classes":[]},{"id":2640,"url":"https:\/\/www.svu.edu.eg\/faculties\/agr\/fr\/secteur-des-affaires-educatives-et-etudiantes\/","url_meta":{"origin":4611,"position":3},"title":"Affaires \u00e9ducatives et \u00e9tudiantes","author":"omar","date":"\u064a\u0646\u0627\u064a\u0631 30, 2022","format":false,"excerpt":"Secteur des affaires \u00e9ducatives et \u00e9tudiantes \u00a0Vice-recteur de la facult\u00e9 pour les affaires \u00e9ducatives et \u00e9tudiantes dirige les affaires des \u00e9tudiants et\u00a0 leur inscription \u00e0 leur licence. T\u00e2ches de l'administration des affaires \u00e9tudiantes la participation \u00e0 l\u2019\u00e9laboration de politiques sur les \u00e9tudes, les examens, l\u2019\u00e9ducation et les affaires \u00e9tudiantes. \u2022\u2026","rel":"","context":"\u062a\u062f\u0648\u064a\u0646\u0629 \u0645\u0634\u0627\u0628\u0647\u0629","block_context":{"text":"\u062a\u062f\u0648\u064a\u0646\u0629 \u0645\u0634\u0627\u0628\u0647\u0629","link":""},"img":{"alt_text":"","src":"","width":0,"height":0},"classes":[]},{"id":4468,"url":"https:\/\/www.svu.edu.eg\/faculties\/agr\/fr\/secteur-du-service-communautaire-et-le-developpement-environnemental\/lunite-de-formation\/","url_meta":{"origin":4611,"position":4},"title":"l&#8217;Unit\u00e9 de formation","author":"omar","date":"\u0641\u0628\u0631\u0627\u064a\u0631 1, 2022","format":false,"excerpt":"Vision de l\u2019unit\u00e9\u00a0: Excellence\u00a0 dans la prestation et l\u2019\u00e9valuation des programmes de formation pour les diverses cibles de la facult\u00e9 afin d\u2019assurer la r\u00e9alisation de la vision de la facult\u00e9. Mission de l\u2019unit\u00e9 : Dans le cadre de la mission de la facult\u00e9, l\u2019Unit\u00e9 s\u2019engage \u00e0 d\u00e9velopper les ressources humaines\u2026","rel":"","context":"\u062a\u062f\u0648\u064a\u0646\u0629 \u0645\u0634\u0627\u0628\u0647\u0629","block_context":{"text":"\u062a\u062f\u0648\u064a\u0646\u0629 \u0645\u0634\u0627\u0628\u0647\u0629","link":""},"img":{"alt_text":"","src":"","width":0,"height":0},"classes":[]},{"id":4425,"url":"https:\/\/www.svu.edu.eg\/faculties\/agr\/fr\/affaires-educatives-et-etudiantes\/","url_meta":{"origin":4611,"position":5},"title":"Affaires \u00e9ducatives et \u00e9tudiantes","author":"omar","date":"\u064a\u0646\u0627\u064a\u0631 31, 2022","format":false,"excerpt":"Secteur des affaires \u00e9ducatives et \u00e9tudiantes \u00a0Vice-recteur de la facult\u00e9 pour les affaires \u00e9ducatives et \u00e9tudiantes dirige les affaires des \u00e9tudiants et\u00a0 leur inscription \u00e0 leur licence. T\u00e2ches de l\u2019administration des affaires \u00e9tudiantes la participation \u00e0 l\u2019\u00e9laboration de politiques sur les \u00e9tudes, les examens, l\u2019\u00e9ducation et les affaires \u00e9tudiantes. \u2022\u2026","rel":"","context":"\u062a\u062f\u0648\u064a\u0646\u0629 \u0645\u0634\u0627\u0628\u0647\u0629","block_context":{"text":"\u062a\u062f\u0648\u064a\u0646\u0629 \u0645\u0634\u0627\u0628\u0647\u0629","link":""},"img":{"alt_text":"","src":"","width":0,"height":0},"classes":[]}],"_links":{"self":[{"href":"https:\/\/www.svu.edu.eg\/faculties\/agr\/wp-json\/wp\/v2\/pages\/4611"}],"collection":[{"href":"https:\/\/www.svu.edu.eg\/faculties\/agr\/wp-json\/wp\/v2\/pages"}],"about":[{"href":"https:\/\/www.svu.edu.eg\/faculties\/agr\/wp-json\/wp\/v2\/types\/page"}],"author":[{"embeddable":true,"href":"https:\/\/www.svu.edu.eg\/faculties\/agr\/wp-json\/wp\/v2\/users\/2"}],"replies":[{"embeddable":true,"href":"https:\/\/www.svu.edu.eg\/faculties\/agr\/wp-json\/wp\/v2\/comments?post=4611"}],"version-history":[{"count":1,"href":"https:\/\/www.svu.edu.eg\/faculties\/agr\/wp-json\/wp\/v2\/pages\/4611\/revisions"}],"predecessor-version":[{"id":4612,"href":"https:\/\/www.svu.edu.eg\/faculties\/agr\/wp-json\/wp\/v2\/pages\/4611\/revisions\/4612"}],"up":[{"embeddable":true,"href":"https:\/\/www.svu.edu.eg\/faculties\/agr\/wp-json\/wp\/v2\/pages\/2726"}],"wp:attachment":[{"href":"https:\/\/www.svu.edu.eg\/faculties\/agr\/wp-json\/wp\/v2\/media?parent=4611"}],"curies":[{"name":"wp","href":"https:\/\/api.w.org\/{rel}","templated":true}]}}