{"id":4575,"date":"2022-02-04T19:18:32","date_gmt":"2022-02-04T19:18:32","guid":{"rendered":"http:\/\/www.svu.edu.eg\/faculties\/agr\/?page_id=4575"},"modified":"2022-02-04T19:18:42","modified_gmt":"2022-02-04T19:18:42","slug":"vision-du-programme","status":"publish","type":"page","link":"https:\/\/www.svu.edu.eg\/faculties\/agr\/fr\/nouvelle-maitrise-en-protection-durable-des-recoltes\/vision-du-programme\/","title":{"rendered":"Vision du programme"},"content":{"rendered":"<p><span style=\"font-size: 14pt;\"><strong>Excellence dans le domaine de la protection durable des plantes aux niveaux national, r\u00e9gional et international par l\u2019engagement \u00e0 la qualit\u00e9, le d\u00e9veloppement continu et la coop\u00e9ration constructive avec la communaut\u00e9 locale et les institutions et instituts scientifiques arabes et \u00e9trangers dans un cadre culturel, social et de valeur pour atteindre le d\u00e9veloppement durable des ressources humaines et de la nature.<\/strong><\/span><\/p>\n","protected":false},"excerpt":{"rendered":"<p>Excellence dans le domaine de la protection durable des plantes aux niveaux national, r\u00e9gional et international par l\u2019engagement \u00e0 la qualit\u00e9, le d\u00e9veloppement continu et la coop\u00e9ration constructive avec la [&hellip;]<\/p>\n","protected":false},"author":2,"featured_media":0,"parent":2720,"menu_order":0,"comment_status":"closed","ping_status":"closed","template":"","meta":[],"jetpack_sharing_enabled":true,"jetpack-related-posts":[{"id":4577,"url":"https:\/\/www.svu.edu.eg\/faculties\/agr\/fr\/nouvelle-maitrise-en-protection-durable-des-recoltes\/mission-du-programme\/","url_meta":{"origin":4575,"position":0},"title":"Mission du programme","author":"omar","date":"\u0641\u0628\u0631\u0627\u064a\u0631 4, 2022","format":false,"excerpt":"Formation de grande qualit\u00e9 pour pr\u00e9parer les cadres et les chercheurs qualifi\u00e9s aux exigences du march\u00e9 du travail; d\u00e9velopper le secteur productif et de la recherche agricole et r\u00e9soudre les probl\u00e8mes li\u00e9s \u00e0 la protection durable des cultures \u00e0 la lumi\u00e8re du d\u00e9veloppement scientifique afin que la communication, le d\u00e9veloppement\u2026","rel":"","context":"\u062a\u062f\u0648\u064a\u0646\u0629 \u0645\u0634\u0627\u0628\u0647\u0629","block_context":{"text":"\u062a\u062f\u0648\u064a\u0646\u0629 \u0645\u0634\u0627\u0628\u0647\u0629","link":""},"img":{"alt_text":"","src":"","width":0,"height":0},"classes":[]},{"id":2720,"url":"https:\/\/www.svu.edu.eg\/faculties\/agr\/fr\/nouvelle-maitrise-en-protection-durable-des-recoltes\/","url_meta":{"origin":4575,"position":1},"title":"Nouvelle ma\u00eetrise en protection durable des r\u00e9coltes","author":"omar","date":"\u0641\u0628\u0631\u0627\u064a\u0631 4, 2022","format":false,"excerpt":"Le programme est l'introduction de d\u00e9veloppement des \u00e9tudes sup\u00e9rieures dans l'enseignement agricole durable \u00e0 l'Universit\u00e9 du Sud de la vall\u00e9e et de facult\u00e9\u00a0 d\u2019Agriculture d'Universit\u00e9\u00a0 d\u2019Al-Zaqazeq, Mansoura, Ain Shams, Canal de Suez, Kafr Sheikh et Assiout en association avec les universit\u00e9s europ\u00e9ennes.","rel":"","context":"\u062a\u062f\u0648\u064a\u0646\u0629 \u0645\u0634\u0627\u0628\u0647\u0629","block_context":{"text":"\u062a\u062f\u0648\u064a\u0646\u0629 \u0645\u0634\u0627\u0628\u0647\u0629","link":""},"img":{"alt_text":"","src":"","width":0,"height":0},"classes":[]},{"id":4388,"url":"https:\/\/www.svu.edu.eg\/faculties\/agr\/fr\/vision-et-mission-du-departement-de-protection-phytosanitaire\/","url_meta":{"origin":4575,"position":2},"title":"Vision et Mission du d\u00e9partement de protection phytosanitaire","author":"omar","date":"\u064a\u0646\u0627\u064a\u0631 29, 2022","format":false,"excerpt":"Vision du d\u00e9partement D\u00e9partement de la protection phytosanitaire cherche \u00e0 devenir un d\u00e9partement scientifique de premier plan et distingu\u00e9 dans le domaine de l\u2019\u00e9ducation, de la recherche scientifique, du service communautaire et de la protection de l\u2019environnement par les membres du corps professoral, les \u00e9tudiants des \u00e9tudes sup\u00e9rieures et dipl\u00f4m\u00e9s\u2026","rel":"","context":"\u062a\u062f\u0648\u064a\u0646\u0629 \u0645\u0634\u0627\u0628\u0647\u0629","block_context":{"text":"\u062a\u062f\u0648\u064a\u0646\u0629 \u0645\u0634\u0627\u0628\u0647\u0629","link":""},"img":{"alt_text":"","src":"","width":0,"height":0},"classes":[]},{"id":4563,"url":"https:\/\/www.svu.edu.eg\/faculties\/agr\/fr\/projet-de-developpement-du-systeme-devaluation-des-etudiants-et-des-examens\/objectifs-de-lunite\/","url_meta":{"origin":4575,"position":3},"title":"objectifs de l&#8217;Unit\u00e9","author":"omar","date":"\u0641\u0628\u0631\u0627\u064a\u0631 4, 2022","format":false,"excerpt":"1- \u00c9tablissement d\u2019une unit\u00e9 \u00e0 la facult\u00e9 qui g\u00e8re, suit et fournit un soutien technique pour l\u2019orthographie des \u00e9tudiants \u00e0 la facult\u00e9 en conformit\u00e9 avec les r\u00e9sultats du centre pour le d\u00e9veloppement des syst\u00e8mes de calendrier \u00e9tudiant et des examens \u00e0 l\u2019Universit\u00e9 du Sud de la Vall\u00e9e. 2- Pr\u00e9paration d\u2019un\u2026","rel":"","context":"\u062a\u062f\u0648\u064a\u0646\u0629 \u0645\u0634\u0627\u0628\u0647\u0629","block_context":{"text":"\u062a\u062f\u0648\u064a\u0646\u0629 \u0645\u0634\u0627\u0628\u0647\u0629","link":""},"img":{"alt_text":"","src":"","width":0,"height":0},"classes":[]},{"id":4511,"url":"https:\/\/www.svu.edu.eg\/faculties\/agr\/fr\/vision-mission-et-objectifs-de-la-qualite\/","url_meta":{"origin":4575,"position":4},"title":"Vision, mission et objectifs de la qualit\u00e9","author":"omar","date":"\u0641\u0628\u0631\u0627\u064a\u0631 2, 2022","format":false,"excerpt":"Mission de l\u2019Unit\u00e9 : Sensibiliser \u00e0 la culture et aux t\u00e2ches de qualit\u00e9 de la facult\u00e9 d\u2019agriculture et am\u00e9liorer le niveau de performance qui ne peut \u00eatre atteint que par les processus de rectification du niveau de performance des membres du corps professoral, les \u00e9tudiants et le personnel et la\u2026","rel":"","context":"\u062a\u062f\u0648\u064a\u0646\u0629 \u0645\u0634\u0627\u0628\u0647\u0629","block_context":{"text":"\u062a\u062f\u0648\u064a\u0646\u0629 \u0645\u0634\u0627\u0628\u0647\u0629","link":""},"img":{"alt_text":"","src":"","width":0,"height":0},"classes":[]},{"id":2646,"url":"https:\/\/www.svu.edu.eg\/faculties\/agr\/fr\/secteur-du-service-communautaire-et-le-developpement-environnemental\/","url_meta":{"origin":4575,"position":5},"title":"Service communautaire et D\u00e9veloppement environnemental","author":"omar","date":"\u0641\u0628\u0631\u0627\u064a\u0631 1, 2022","format":false,"excerpt":"Objectifs du secteur * Renforcement des relations entre la facult\u00e9 et les \u00e9tablissements agricoles dans le domaine de la recherche scientifique. * Activation du r\u00f4le des unit\u00e9s et des centres de services communautaires et de marketing \u00e0 la facult\u00e9. * Sensibilisation au service communautaire de la facult\u00e9 gr\u00e2ce \u00e0 la\u2026","rel":"","context":"\u062a\u062f\u0648\u064a\u0646\u0629 \u0645\u0634\u0627\u0628\u0647\u0629","block_context":{"text":"\u062a\u062f\u0648\u064a\u0646\u0629 \u0645\u0634\u0627\u0628\u0647\u0629","link":""},"img":{"alt_text":"","src":"","width":0,"height":0},"classes":[]}],"_links":{"self":[{"href":"https:\/\/www.svu.edu.eg\/faculties\/agr\/wp-json\/wp\/v2\/pages\/4575"}],"collection":[{"href":"https:\/\/www.svu.edu.eg\/faculties\/agr\/wp-json\/wp\/v2\/pages"}],"about":[{"href":"https:\/\/www.svu.edu.eg\/faculties\/agr\/wp-json\/wp\/v2\/types\/page"}],"author":[{"embeddable":true,"href":"https:\/\/www.svu.edu.eg\/faculties\/agr\/wp-json\/wp\/v2\/users\/2"}],"replies":[{"embeddable":true,"href":"https:\/\/www.svu.edu.eg\/faculties\/agr\/wp-json\/wp\/v2\/comments?post=4575"}],"version-history":[{"count":1,"href":"https:\/\/www.svu.edu.eg\/faculties\/agr\/wp-json\/wp\/v2\/pages\/4575\/revisions"}],"predecessor-version":[{"id":4576,"href":"https:\/\/www.svu.edu.eg\/faculties\/agr\/wp-json\/wp\/v2\/pages\/4575\/revisions\/4576"}],"up":[{"embeddable":true,"href":"https:\/\/www.svu.edu.eg\/faculties\/agr\/wp-json\/wp\/v2\/pages\/2720"}],"wp:attachment":[{"href":"https:\/\/www.svu.edu.eg\/faculties\/agr\/wp-json\/wp\/v2\/media?parent=4575"}],"curies":[{"name":"wp","href":"https:\/\/api.w.org\/{rel}","templated":true}]}}