{"id":4549,"date":"2022-02-02T20:45:34","date_gmt":"2022-02-02T20:45:34","guid":{"rendered":"http:\/\/www.svu.edu.eg\/faculties\/agr\/?page_id=4549"},"modified":"2022-02-02T20:45:41","modified_gmt":"2022-02-02T20:45:41","slug":"activites-de-lunite","status":"publish","type":"page","link":"https:\/\/www.svu.edu.eg\/faculties\/agr\/fr\/unite-de-suivi-des-diplomes\/activites-de-lunite\/","title":{"rendered":"Activit\u00e9s de l&#8217;Unit\u00e9"},"content":{"rendered":"<p><img decoding=\"async\" src=\"https:\/\/i0.wp.com\/www.svu.edu.eg\/faculties\/agr\/wp-content\/uploads\/2019\/12\/news1937-1.gif?w=720\" data-recalc-dims=\"1\"><\/p>\n<p><strong>Cours de formation pour pr\u00e9parer les \u00e9tudiants au march\u00e9 du travail<\/strong><\/p>\n<p><strong>1\/4\/2018<\/strong><\/p>\n<p>Sous les auspices du dr. Mohamed Ali, doyen de la facult\u00e9, et du dr. &nbsp;Abdulaziz Shiba Abdurrahman, vice- doyen de la facult\u00e9 pour le service communautaire et les affaires de d\u00e9veloppement environnemental, dans le cadre de l\u2019int\u00e9r\u00eat de la facult\u00e9 pour ses dipl\u00f4m\u00e9s, des cours de formation pour les \u00e9tudiants ont \u00e9t\u00e9 organis\u00e9e en collaboration avec Soci\u00e9t\u00e9 de d\u00e9veloppement agricole Atlas pour pr\u00e9parer les \u00e9tudiants au march\u00e9 du travail et cr\u00e9er des emplois apr\u00e8s l\u2019obtention de leur dipl\u00f4me.<\/p>\n","protected":false},"excerpt":{"rendered":"<p>Cours de formation pour pr\u00e9parer les \u00e9tudiants au march\u00e9 du travail 1\/4\/2018 Sous les auspices du dr. Mohamed Ali, doyen de la facult\u00e9, et du dr. &nbsp;Abdulaziz Shiba Abdurrahman, vice- [&hellip;]<\/p>\n","protected":false},"author":2,"featured_media":0,"parent":2714,"menu_order":0,"comment_status":"closed","ping_status":"closed","template":"","meta":[],"jetpack_sharing_enabled":true,"jetpack-related-posts":[{"id":2640,"url":"https:\/\/www.svu.edu.eg\/faculties\/agr\/fr\/secteur-des-affaires-educatives-et-etudiantes\/","url_meta":{"origin":4549,"position":0},"title":"Affaires \u00e9ducatives et \u00e9tudiantes","author":"omar","date":"\u064a\u0646\u0627\u064a\u0631 30, 2022","format":false,"excerpt":"Secteur des affaires \u00e9ducatives et \u00e9tudiantes \u00a0Vice-recteur de la facult\u00e9 pour les affaires \u00e9ducatives et \u00e9tudiantes dirige les affaires des \u00e9tudiants et\u00a0 leur inscription \u00e0 leur licence. T\u00e2ches de l'administration des affaires \u00e9tudiantes la participation \u00e0 l\u2019\u00e9laboration de politiques sur les \u00e9tudes, les examens, l\u2019\u00e9ducation et les affaires \u00e9tudiantes. \u2022\u2026","rel":"","context":"\u062a\u062f\u0648\u064a\u0646\u0629 \u0645\u0634\u0627\u0628\u0647\u0629","block_context":{"text":"\u062a\u062f\u0648\u064a\u0646\u0629 \u0645\u0634\u0627\u0628\u0647\u0629","link":""},"img":{"alt_text":"","src":"","width":0,"height":0},"classes":[]},{"id":4425,"url":"https:\/\/www.svu.edu.eg\/faculties\/agr\/fr\/affaires-educatives-et-etudiantes\/","url_meta":{"origin":4549,"position":1},"title":"Affaires \u00e9ducatives et \u00e9tudiantes","author":"omar","date":"\u064a\u0646\u0627\u064a\u0631 31, 2022","format":false,"excerpt":"Secteur des affaires \u00e9ducatives et \u00e9tudiantes \u00a0Vice-recteur de la facult\u00e9 pour les affaires \u00e9ducatives et \u00e9tudiantes dirige les affaires des \u00e9tudiants et\u00a0 leur inscription \u00e0 leur licence. T\u00e2ches de l\u2019administration des affaires \u00e9tudiantes la participation \u00e0 l\u2019\u00e9laboration de politiques sur les \u00e9tudes, les examens, l\u2019\u00e9ducation et les affaires \u00e9tudiantes. \u2022\u2026","rel":"","context":"\u062a\u062f\u0648\u064a\u0646\u0629 \u0645\u0634\u0627\u0628\u0647\u0629","block_context":{"text":"\u062a\u062f\u0648\u064a\u0646\u0629 \u0645\u0634\u0627\u0628\u0647\u0629","link":""},"img":{"alt_text":"","src":"","width":0,"height":0},"classes":[]},{"id":2714,"url":"https:\/\/www.svu.edu.eg\/faculties\/agr\/fr\/unite-de-suivi-des-diplomes\/","url_meta":{"origin":4549,"position":2},"title":"Unit\u00e9 de suivi des dipl\u00f4m\u00e9s","author":"omar","date":"\u0641\u0628\u0631\u0627\u064a\u0631 2, 2022","format":false,"excerpt":"La vision Communication continue avec la soci\u00e9t\u00e9 en faisant un suivi aupr\u00e8s des dipl\u00f4m\u00e9s de la facult\u00e9 pour \u00e9laborer et am\u00e9liorer leurs cours afin de r\u00e9pondre aux exigences des march\u00e9s du travail locaux et r\u00e9gionaux. La mission Ouvrir les voies de communication entre la facult\u00e9 et ses dipl\u00f4m\u00e9s pour une\u2026","rel":"","context":"\u062a\u062f\u0648\u064a\u0646\u0629 \u0645\u0634\u0627\u0628\u0647\u0629","block_context":{"text":"\u062a\u062f\u0648\u064a\u0646\u0629 \u0645\u0634\u0627\u0628\u0647\u0629","link":""},"img":{"alt_text":"","src":"","width":0,"height":0},"classes":[]},{"id":4471,"url":"https:\/\/www.svu.edu.eg\/faculties\/agr\/fr\/secteur-du-service-communautaire-et-le-developpement-environnemental\/securite-et-hygiene\/","url_meta":{"origin":4549,"position":3},"title":"S\u00e9curit\u00e9 et Hygi\u00e8ne","author":"omar","date":"\u0641\u0628\u0631\u0627\u064a\u0631 1, 2022","format":false,"excerpt":"La s\u00e9curit\u00e9 et la sant\u00e9 au travail sont d\u00e9finies comme la science qui vise \u00e0 pr\u00e9server la s\u00e9curit\u00e9 et la sant\u00e9 des personnes en fournissant des environnements de travail s\u00fbrs, exempts d\u2019accidents du travail, de blessures ou de maladies, c\u2019est-\u00e0-dire un ensemble de proc\u00e9dures, des r\u00e8gles et des r\u00e8glements dans\u2026","rel":"","context":"\u062a\u062f\u0648\u064a\u0646\u0629 \u0645\u0634\u0627\u0628\u0647\u0629","block_context":{"text":"\u062a\u062f\u0648\u064a\u0646\u0629 \u0645\u0634\u0627\u0628\u0647\u0629","link":""},"img":{"alt_text":"","src":"","width":0,"height":0},"classes":[]},{"id":4420,"url":"https:\/\/www.svu.edu.eg\/faculties\/agr\/fr\/communaute-scientifique\/","url_meta":{"origin":4549,"position":4},"title":"Communaut\u00e9 scientifique","author":"omar","date":"\u064a\u0646\u0627\u064a\u0631 31, 2022","format":false,"excerpt":"Le conseil de la facult\u00e9 compos\u00e9e de membres du corps professoral aux d\u00e9partements acad\u00e9mique participant \u00e0 un seul programme a form\u00e9 des \"services scientifiques\" internes, avec un maximum de deux membres de chaque d\u00e9partement. T\u00e2ches de communaut\u00e9 scientifique Les cours et toutes les questions p\u00e9dagogiques relatives \u00e0 ce programme leur\u2026","rel":"","context":"\u062a\u062f\u0648\u064a\u0646\u0629 \u0645\u0634\u0627\u0628\u0647\u0629","block_context":{"text":"\u062a\u062f\u0648\u064a\u0646\u0629 \u0645\u0634\u0627\u0628\u0647\u0629","link":""},"img":{"alt_text":"","src":"","width":0,"height":0},"classes":[]},{"id":4468,"url":"https:\/\/www.svu.edu.eg\/faculties\/agr\/fr\/secteur-du-service-communautaire-et-le-developpement-environnemental\/lunite-de-formation\/","url_meta":{"origin":4549,"position":5},"title":"l&#8217;Unit\u00e9 de formation","author":"omar","date":"\u0641\u0628\u0631\u0627\u064a\u0631 1, 2022","format":false,"excerpt":"Vision de l\u2019unit\u00e9\u00a0: Excellence\u00a0 dans la prestation et l\u2019\u00e9valuation des programmes de formation pour les diverses cibles de la facult\u00e9 afin d\u2019assurer la r\u00e9alisation de la vision de la facult\u00e9. Mission de l\u2019unit\u00e9 : Dans le cadre de la mission de la facult\u00e9, l\u2019Unit\u00e9 s\u2019engage \u00e0 d\u00e9velopper les ressources humaines\u2026","rel":"","context":"\u062a\u062f\u0648\u064a\u0646\u0629 \u0645\u0634\u0627\u0628\u0647\u0629","block_context":{"text":"\u062a\u062f\u0648\u064a\u0646\u0629 \u0645\u0634\u0627\u0628\u0647\u0629","link":""},"img":{"alt_text":"","src":"","width":0,"height":0},"classes":[]}],"_links":{"self":[{"href":"https:\/\/www.svu.edu.eg\/faculties\/agr\/wp-json\/wp\/v2\/pages\/4549"}],"collection":[{"href":"https:\/\/www.svu.edu.eg\/faculties\/agr\/wp-json\/wp\/v2\/pages"}],"about":[{"href":"https:\/\/www.svu.edu.eg\/faculties\/agr\/wp-json\/wp\/v2\/types\/page"}],"author":[{"embeddable":true,"href":"https:\/\/www.svu.edu.eg\/faculties\/agr\/wp-json\/wp\/v2\/users\/2"}],"replies":[{"embeddable":true,"href":"https:\/\/www.svu.edu.eg\/faculties\/agr\/wp-json\/wp\/v2\/comments?post=4549"}],"version-history":[{"count":2,"href":"https:\/\/www.svu.edu.eg\/faculties\/agr\/wp-json\/wp\/v2\/pages\/4549\/revisions"}],"predecessor-version":[{"id":4551,"href":"https:\/\/www.svu.edu.eg\/faculties\/agr\/wp-json\/wp\/v2\/pages\/4549\/revisions\/4551"}],"up":[{"embeddable":true,"href":"https:\/\/www.svu.edu.eg\/faculties\/agr\/wp-json\/wp\/v2\/pages\/2714"}],"wp:attachment":[{"href":"https:\/\/www.svu.edu.eg\/faculties\/agr\/wp-json\/wp\/v2\/media?parent=4549"}],"curies":[{"name":"wp","href":"https:\/\/api.w.org\/{rel}","templated":true}]}}