{"id":4491,"date":"2022-02-02T19:11:15","date_gmt":"2022-02-02T19:11:15","guid":{"rendered":"http:\/\/www.svu.edu.eg\/faculties\/agr\/?page_id=4491"},"modified":"2022-02-02T19:11:21","modified_gmt":"2022-02-02T19:11:21","slug":"groupe-de-travail","status":"publish","type":"page","link":"https:\/\/www.svu.edu.eg\/faculties\/agr\/fr\/lunite-des-services-electronique\/groupe-de-travail\/","title":{"rendered":"Groupe de travail"},"content":{"rendered":"<p><img decoding=\"async\" loading=\"lazy\" class=\"aligncenter\" src=\"https:\/\/i0.wp.com\/www.svu.edu.eg\/faculties\/agr\/wp-content\/uploads\/2021\/02\/mzMPHET.jpeg?resize=166%2C200\" width=\"166\" height=\"200\"  data-recalc-dims=\"1\"><\/p>\n<p style=\"text-align: center;\"><span style=\"font-size: 14pt;\"><strong>Dr. Mahmoud Abbas Ali<\/strong><\/span><\/p>\n<p style=\"text-align: center;\">Directeur de l&#8217;Unit\u00e9<\/p>\n<p style=\"text-align: center;\"><strong>E-mail: m.abbas@agr.svu.edu.eg<\/strong><\/p>\n<p style=\"text-align: center;\"><img decoding=\"async\" src=\"https:\/\/i0.wp.com\/www.svu.edu.eg\/faculties\/agr\/wp-content\/uploads\/2021\/02\/facem.jpg?w=720\" data-recalc-dims=\"1\"><\/p>\n<p style=\"text-align: center;\"><strong>M. Haythem Hamdy<\/strong><\/p>\n<p style=\"text-align: center;\"><img decoding=\"async\" loading=\"lazy\" class=\"\" src=\"https:\/\/i0.wp.com\/www.svu.edu.eg\/faculties\/agr\/wp-content\/uploads\/2020\/01\/3d788e12-d607-4c63-9a43-d1a650d1508d.jpg?resize=153%2C219\" width=\"153\" height=\"219\"  data-recalc-dims=\"1\"><\/p>\n<p style=\"text-align: center;\"><strong>Dr. Amer Esaa Amer<\/strong><\/p>\n","protected":false},"excerpt":{"rendered":"<p>Dr. Mahmoud Abbas Ali Directeur de l&#8217;Unit\u00e9 E-mail: m.abbas@agr.svu.edu.eg M. Haythem Hamdy Dr. Amer Esaa Amer<\/p>\n","protected":false},"author":2,"featured_media":0,"parent":4480,"menu_order":0,"comment_status":"closed","ping_status":"closed","template":"","meta":[],"jetpack_sharing_enabled":true,"jetpack-related-posts":[{"id":4485,"url":"https:\/\/www.svu.edu.eg\/faculties\/agr\/fr\/lunite-des-services-electronique\/directeur-de-l-unite-des-services-electroniques\/","url_meta":{"origin":4491,"position":0},"title":"Directeur de l&#8217; Unit\u00e9 des services \u00e9lectroniques","author":"omar","date":"\u0641\u0628\u0631\u0627\u064a\u0631 1, 2022","format":false,"excerpt":"Dr. Mahmoud Abbas Ali \u00a0","rel":"","context":"\u062a\u062f\u0648\u064a\u0646\u0629 \u0645\u0634\u0627\u0628\u0647\u0629","block_context":{"text":"\u062a\u062f\u0648\u064a\u0646\u0629 \u0645\u0634\u0627\u0628\u0647\u0629","link":""},"img":{"alt_text":"","src":"https:\/\/i0.wp.com\/www.svu.edu.eg\/faculties\/agr\/wp-content\/uploads\/2021\/02\/mzMPHET.jpeg?resize=350%2C200","width":350,"height":200},"classes":[]},{"id":4607,"url":"https:\/\/www.svu.edu.eg\/faculties\/agr\/fr\/centre-de-recherche-et-dexperimentation-agricoles\/directeur-de-lunite\/","url_meta":{"origin":4491,"position":1},"title":"Directeur de l&#8217;Unit\u00e9","author":"omar","date":"\u0641\u0628\u0631\u0627\u064a\u0631 4, 2022","format":false,"excerpt":"Dr. Jamal Mahmoud Elkarmy","rel":"","context":"\u062a\u062f\u0648\u064a\u0646\u0629 \u0645\u0634\u0627\u0628\u0647\u0629","block_context":{"text":"\u062a\u062f\u0648\u064a\u0646\u0629 \u0645\u0634\u0627\u0628\u0647\u0629","link":""},"img":{"alt_text":"","src":"","width":0,"height":0},"classes":[]},{"id":4549,"url":"https:\/\/www.svu.edu.eg\/faculties\/agr\/fr\/unite-de-suivi-des-diplomes\/activites-de-lunite\/","url_meta":{"origin":4491,"position":2},"title":"Activit\u00e9s de l&#8217;Unit\u00e9","author":"omar","date":"\u0641\u0628\u0631\u0627\u064a\u0631 2, 2022","format":false,"excerpt":"Cours de formation pour pr\u00e9parer les \u00e9tudiants au march\u00e9 du travail 1\/4\/2018 Sous les auspices du dr. Mohamed Ali, doyen de la facult\u00e9, et du dr. \u00a0Abdulaziz Shiba Abdurrahman, vice- doyen de la facult\u00e9 pour le service communautaire et les affaires de d\u00e9veloppement environnemental, dans le cadre de l\u2019int\u00e9r\u00eat de\u2026","rel":"","context":"\u062a\u062f\u0648\u064a\u0646\u0629 \u0645\u0634\u0627\u0628\u0647\u0629","block_context":{"text":"\u062a\u062f\u0648\u064a\u0646\u0629 \u0645\u0634\u0627\u0628\u0647\u0629","link":""},"img":{"alt_text":"","src":"","width":0,"height":0},"classes":[]},{"id":4435,"url":"https:\/\/www.svu.edu.eg\/faculties\/agr\/fr\/secteur-des-etudes-superieures-et-de-la-recherche\/vice-doyen-pour-les-etudes-superieures\/","url_meta":{"origin":4491,"position":3},"title":"Vice- doyen pour les \u00e9tudes sup\u00e9rieures","author":"omar","date":"\u064a\u0646\u0627\u064a\u0631 31, 2022","format":false,"excerpt":"Dr. Moamen Mohamed Elwasfy Mobile:01000866728 T\u00e9l\u00e9:1290 E-mail: m.baghdady@agr.svu.edu.eg","rel":"","context":"\u062a\u062f\u0648\u064a\u0646\u0629 \u0645\u0634\u0627\u0628\u0647\u0629","block_context":{"text":"\u062a\u062f\u0648\u064a\u0646\u0629 \u0645\u0634\u0627\u0628\u0647\u0629","link":""},"img":{"alt_text":"","src":"","width":0,"height":0},"classes":[]},{"id":4514,"url":"https:\/\/www.svu.edu.eg\/faculties\/agr\/fr\/membres-du-conseil-dadministration\/","url_meta":{"origin":4491,"position":4},"title":"Membres du Conseil d&#8217;administration","author":"omar","date":"\u0641\u0628\u0631\u0627\u064a\u0631 2, 2022","format":false,"excerpt":"\u00a0 Nom Membres Fonction 1 Dr. Essam El-din Abdelhady Doyen de la facult\u00e9 Chef 2 Dr. Abo Bakr Abdelmenam Membre Vice- doyen pour les affaires \u00e9ducatives et \u00e9tudiantes 3 Dr. Moamen Mohamed Elwasfy Membre Vice- doyen pour les \u00e9tudes sup\u00e9rieures et\u00a0 la recherche 4 Dr. Abdelaziz\u00a0 Sheba Abdelrahman Membre Vice-doyen\u2026","rel":"","context":"\u062a\u062f\u0648\u064a\u0646\u0629 \u0645\u0634\u0627\u0628\u0647\u0629","block_context":{"text":"\u062a\u062f\u0648\u064a\u0646\u0629 \u0645\u0634\u0627\u0628\u0647\u0629","link":""},"img":{"alt_text":"","src":"","width":0,"height":0},"classes":[]},{"id":2677,"url":"https:\/\/www.svu.edu.eg\/faculties\/agr\/fr\/bibliotheque\/","url_meta":{"origin":4491,"position":5},"title":"Biblioth\u00e8que","author":"omar","date":"\u062f\u064a\u0633\u0645\u0628\u0631 26, 2020","format":false,"excerpt":"La biblioth\u00e8que est dans le premier \u00e9tage \u00e0 la facult\u00e9 et elle contient de trois des salles. Objectives de la biblioth\u00e8que:- Fournir des r\u00e9f\u00e9rences, diverses sources de connaissances et cr\u00e9er le bon climat pour les \u00e9tudiants et les chercheurs pour aider \u00e0 remplir la mission de la facult\u00e9 dans le\u2026","rel":"","context":"\u062a\u062f\u0648\u064a\u0646\u0629 \u0645\u0634\u0627\u0628\u0647\u0629","block_context":{"text":"\u062a\u062f\u0648\u064a\u0646\u0629 \u0645\u0634\u0627\u0628\u0647\u0629","link":""},"img":{"alt_text":"","src":"","width":0,"height":0},"classes":[]}],"_links":{"self":[{"href":"https:\/\/www.svu.edu.eg\/faculties\/agr\/wp-json\/wp\/v2\/pages\/4491"}],"collection":[{"href":"https:\/\/www.svu.edu.eg\/faculties\/agr\/wp-json\/wp\/v2\/pages"}],"about":[{"href":"https:\/\/www.svu.edu.eg\/faculties\/agr\/wp-json\/wp\/v2\/types\/page"}],"author":[{"embeddable":true,"href":"https:\/\/www.svu.edu.eg\/faculties\/agr\/wp-json\/wp\/v2\/users\/2"}],"replies":[{"embeddable":true,"href":"https:\/\/www.svu.edu.eg\/faculties\/agr\/wp-json\/wp\/v2\/comments?post=4491"}],"version-history":[{"count":2,"href":"https:\/\/www.svu.edu.eg\/faculties\/agr\/wp-json\/wp\/v2\/pages\/4491\/revisions"}],"predecessor-version":[{"id":4493,"href":"https:\/\/www.svu.edu.eg\/faculties\/agr\/wp-json\/wp\/v2\/pages\/4491\/revisions\/4493"}],"up":[{"embeddable":true,"href":"https:\/\/www.svu.edu.eg\/faculties\/agr\/wp-json\/wp\/v2\/pages\/4480"}],"wp:attachment":[{"href":"https:\/\/www.svu.edu.eg\/faculties\/agr\/wp-json\/wp\/v2\/media?parent=4491"}],"curies":[{"name":"wp","href":"https:\/\/api.w.org\/{rel}","templated":true}]}}