{"id":4485,"date":"2022-02-01T22:27:31","date_gmt":"2022-02-01T22:27:31","guid":{"rendered":"http:\/\/www.svu.edu.eg\/faculties\/agr\/?page_id=4485"},"modified":"2022-02-01T22:27:39","modified_gmt":"2022-02-01T22:27:39","slug":"directeur-de-l-unite-des-services-electroniques","status":"publish","type":"page","link":"https:\/\/www.svu.edu.eg\/faculties\/agr\/fr\/lunite-des-services-electronique\/directeur-de-l-unite-des-services-electroniques\/","title":{"rendered":"Directeur de l&#8217; Unit\u00e9 des services \u00e9lectroniques"},"content":{"rendered":"<p style=\"text-align: center;\"><img decoding=\"async\" loading=\"lazy\" class=\"\" src=\"https:\/\/i0.wp.com\/www.svu.edu.eg\/faculties\/agr\/wp-content\/uploads\/2021\/02\/mzMPHET.jpeg?resize=290%2C350\" width=\"290\" height=\"350\"  data-recalc-dims=\"1\"><\/p>\n<p style=\"text-align: center;\"><a href=\"http:\/\/www.svu.edu.eg\/faculties\/agr\/wp-content\/uploads\/2021\/02\/cv-mahmoud-abbas-2021.pdf\"><span style=\"font-size: 14pt;\"><strong>Dr. Mahmoud Abbas Ali<\/strong><\/span><\/a><\/p>\n<p style=\"text-align: center;\"><span style=\"font-size: 14pt;\"><strong>&nbsp;<\/strong><\/span><\/p>\n","protected":false},"excerpt":{"rendered":"<p>Dr. Mahmoud Abbas Ali &nbsp;<\/p>\n","protected":false},"author":2,"featured_media":0,"parent":4480,"menu_order":0,"comment_status":"closed","ping_status":"closed","template":"","meta":[],"jetpack_sharing_enabled":true,"jetpack-related-posts":[{"id":4491,"url":"https:\/\/www.svu.edu.eg\/faculties\/agr\/fr\/lunite-des-services-electronique\/groupe-de-travail\/","url_meta":{"origin":4485,"position":0},"title":"Groupe de travail","author":"omar","date":"\u0641\u0628\u0631\u0627\u064a\u0631 2, 2022","format":false,"excerpt":"Dr. Mahmoud Abbas Ali Directeur de l'Unit\u00e9 E-mail: m.abbas@agr.svu.edu.eg M. Haythem Hamdy Dr. Amer Esaa Amer","rel":"","context":"\u062a\u062f\u0648\u064a\u0646\u0629 \u0645\u0634\u0627\u0628\u0647\u0629","block_context":{"text":"\u062a\u062f\u0648\u064a\u0646\u0629 \u0645\u0634\u0627\u0628\u0647\u0629","link":""},"img":{"alt_text":"","src":"","width":0,"height":0},"classes":[]},{"id":2708,"url":"https:\/\/www.svu.edu.eg\/faculties\/agr\/fr\/services-electroniques\/","url_meta":{"origin":4485,"position":1},"title":"Services \u00e9lectroniques","author":"omar","date":"\u062f\u064a\u0633\u0645\u0628\u0631 27, 2020","format":false,"excerpt":"IT Unit\u00e9 l\u2019ICTP a cr\u00e9\u00e9 des unit\u00e9s dans les facult\u00e9s pour tous les \u00e9tudiants et les membres du corps professoral comme l'unit\u00e9 de services \u00e9lectroniques \u00a0au cours des cinq prochaines ann\u00e9es, progressivement, avec 20\u00a0% des facult\u00e9s de chaque universit\u00e9 par ann\u00e9e. Ces unit\u00e9s sont le lien entre les six projets\u2026","rel":"","context":"\u062a\u062f\u0648\u064a\u0646\u0629 \u0645\u0634\u0627\u0628\u0647\u0629","block_context":{"text":"\u062a\u062f\u0648\u064a\u0646\u0629 \u0645\u0634\u0627\u0628\u0647\u0629","link":""},"img":{"alt_text":"","src":"","width":0,"height":0},"classes":[]},{"id":4480,"url":"https:\/\/www.svu.edu.eg\/faculties\/agr\/fr\/lunite-des-services-electronique\/","url_meta":{"origin":4485,"position":2},"title":"Unit\u00e9 des services \u00e9lectroniques","author":"omar","date":"\u0641\u0628\u0631\u0627\u064a\u0631 1, 2022","format":false,"excerpt":"Vision de l\u2019unit\u00e9\u00a0: L\u2019unit\u00e9 devrait \u00eatre un centre de technologie de l\u2019information \u00e0 la facult\u00e9. Mission de l\u2019unit\u00e9 : Prestation de services de technologie de l\u2019information au service du processus \u00e9ducatif, des membres du corps professoral et des employ\u00e9s gr\u00e2ce \u00e0 un soutien technique aux programmes, \u00e0 la maintenance des\u2026","rel":"","context":"\u062a\u062f\u0648\u064a\u0646\u0629 \u0645\u0634\u0627\u0628\u0647\u0629","block_context":{"text":"\u062a\u062f\u0648\u064a\u0646\u0629 \u0645\u0634\u0627\u0628\u0647\u0629","link":""},"img":{"alt_text":"","src":"","width":0,"height":0},"classes":[]},{"id":4607,"url":"https:\/\/www.svu.edu.eg\/faculties\/agr\/fr\/centre-de-recherche-et-dexperimentation-agricoles\/directeur-de-lunite\/","url_meta":{"origin":4485,"position":3},"title":"Directeur de l&#8217;Unit\u00e9","author":"omar","date":"\u0641\u0628\u0631\u0627\u064a\u0631 4, 2022","format":false,"excerpt":"Dr. Jamal Mahmoud Elkarmy","rel":"","context":"\u062a\u062f\u0648\u064a\u0646\u0629 \u0645\u0634\u0627\u0628\u0647\u0629","block_context":{"text":"\u062a\u062f\u0648\u064a\u0646\u0629 \u0645\u0634\u0627\u0628\u0647\u0629","link":""},"img":{"alt_text":"","src":"","width":0,"height":0},"classes":[]},{"id":2677,"url":"https:\/\/www.svu.edu.eg\/faculties\/agr\/fr\/bibliotheque\/","url_meta":{"origin":4485,"position":4},"title":"Biblioth\u00e8que","author":"omar","date":"\u062f\u064a\u0633\u0645\u0628\u0631 26, 2020","format":false,"excerpt":"La biblioth\u00e8que est dans le premier \u00e9tage \u00e0 la facult\u00e9 et elle contient de trois des salles. Objectives de la biblioth\u00e8que:- Fournir des r\u00e9f\u00e9rences, diverses sources de connaissances et cr\u00e9er le bon climat pour les \u00e9tudiants et les chercheurs pour aider \u00e0 remplir la mission de la facult\u00e9 dans le\u2026","rel":"","context":"\u062a\u062f\u0648\u064a\u0646\u0629 \u0645\u0634\u0627\u0628\u0647\u0629","block_context":{"text":"\u062a\u062f\u0648\u064a\u0646\u0629 \u0645\u0634\u0627\u0628\u0647\u0629","link":""},"img":{"alt_text":"","src":"","width":0,"height":0},"classes":[]},{"id":2714,"url":"https:\/\/www.svu.edu.eg\/faculties\/agr\/fr\/unite-de-suivi-des-diplomes\/","url_meta":{"origin":4485,"position":5},"title":"Unit\u00e9 de suivi des dipl\u00f4m\u00e9s","author":"omar","date":"\u0641\u0628\u0631\u0627\u064a\u0631 2, 2022","format":false,"excerpt":"La vision Communication continue avec la soci\u00e9t\u00e9 en faisant un suivi aupr\u00e8s des dipl\u00f4m\u00e9s de la facult\u00e9 pour \u00e9laborer et am\u00e9liorer leurs cours afin de r\u00e9pondre aux exigences des march\u00e9s du travail locaux et r\u00e9gionaux. La mission Ouvrir les voies de communication entre la facult\u00e9 et ses dipl\u00f4m\u00e9s pour une\u2026","rel":"","context":"\u062a\u062f\u0648\u064a\u0646\u0629 \u0645\u0634\u0627\u0628\u0647\u0629","block_context":{"text":"\u062a\u062f\u0648\u064a\u0646\u0629 \u0645\u0634\u0627\u0628\u0647\u0629","link":""},"img":{"alt_text":"","src":"","width":0,"height":0},"classes":[]}],"_links":{"self":[{"href":"https:\/\/www.svu.edu.eg\/faculties\/agr\/wp-json\/wp\/v2\/pages\/4485"}],"collection":[{"href":"https:\/\/www.svu.edu.eg\/faculties\/agr\/wp-json\/wp\/v2\/pages"}],"about":[{"href":"https:\/\/www.svu.edu.eg\/faculties\/agr\/wp-json\/wp\/v2\/types\/page"}],"author":[{"embeddable":true,"href":"https:\/\/www.svu.edu.eg\/faculties\/agr\/wp-json\/wp\/v2\/users\/2"}],"replies":[{"embeddable":true,"href":"https:\/\/www.svu.edu.eg\/faculties\/agr\/wp-json\/wp\/v2\/comments?post=4485"}],"version-history":[{"count":2,"href":"https:\/\/www.svu.edu.eg\/faculties\/agr\/wp-json\/wp\/v2\/pages\/4485\/revisions"}],"predecessor-version":[{"id":4487,"href":"https:\/\/www.svu.edu.eg\/faculties\/agr\/wp-json\/wp\/v2\/pages\/4485\/revisions\/4487"}],"up":[{"embeddable":true,"href":"https:\/\/www.svu.edu.eg\/faculties\/agr\/wp-json\/wp\/v2\/pages\/4480"}],"wp:attachment":[{"href":"https:\/\/www.svu.edu.eg\/faculties\/agr\/wp-json\/wp\/v2\/media?parent=4485"}],"curies":[{"name":"wp","href":"https:\/\/api.w.org\/{rel}","templated":true}]}}