{"id":4471,"date":"2022-02-01T21:22:41","date_gmt":"2022-02-01T21:22:41","guid":{"rendered":"http:\/\/www.svu.edu.eg\/faculties\/agr\/?page_id=4471"},"modified":"2022-02-01T21:22:50","modified_gmt":"2022-02-01T21:22:50","slug":"securite-et-hygiene","status":"publish","type":"page","link":"https:\/\/www.svu.edu.eg\/faculties\/agr\/fr\/secteur-du-service-communautaire-et-le-developpement-environnemental\/securite-et-hygiene\/","title":{"rendered":"S\u00e9curit\u00e9 et Hygi\u00e8ne"},"content":{"rendered":"<p><span style=\"font-size: 14pt;\">La s\u00e9curit\u00e9 et la sant\u00e9 au travail sont d\u00e9finies comme la science qui vise \u00e0 pr\u00e9server la s\u00e9curit\u00e9 et la sant\u00e9 des personnes en fournissant des environnements de travail s\u00fbrs, exempts d\u2019accidents du travail, de blessures ou de maladies, c\u2019est-\u00e0-dire un ensemble de proc\u00e9dures, des r\u00e8gles et des r\u00e8glements dans un cadre l\u00e9gislatif visant \u00e0 prot\u00e9ger la personne humaine contre les risques de blessures et \u00e0 prot\u00e9ger les biens contre les risques de dommages et de pertes.<\/span><\/p>\n<div class=\"translation-box\">\n<div class=\"translation-box-wrapper box-position-wrapper\">\n<div class=\"translation-inputs\">\n<div class=\"translation-input translation-input__target content-box-wrapper translation-input--ltr\">\n<div class=\"translation-input__main translation-input__result\">\n<div class=\"sentence-wrapper\"><strong><span class=\"sentence-wrapper_without-hover\" style=\"font-size: 14pt;\">Objectifs g\u00e9n\u00e9raux&nbsp; de s\u00e9curit\u00e9 et hygi\u00e8ne<\/span><\/strong><\/div>\n<\/div>\n<div class=\"translation-input__bottom_controls\"><\/div>\n<\/div>\n<\/div>\n<\/div>\n<div class=\"box-position-wrapper box-position-wrapper__footer\"><span style=\"font-size: 14pt;\">Prot\u00e9ger l&#8217;homme des risques li\u00e9s au milieu de travail en pr\u00e9venant les accidents du travail, les blessures et les maladies.<\/span><br \/>\n<span style=\"font-size: 14pt;\">\u2022 la pr\u00e9servation de la composante physique des installations et de l\u2019\u00e9quipement qu\u2019elles renferment contre les dommages et les pertes r\u00e9sultant d\u2019accidents.<\/span><br \/>\n<span style=\"font-size: 14pt;\">Exigences en mati\u00e8re de s\u00e9curit\u00e9 et de sant\u00e9 au travail qui assurent un environnement s\u00e9curitaire et pr\u00e9ventif pour les composants humains et physiques.<\/span><\/div>\n<div><span style=\"font-size: 14pt;\"><strong><span class=\"ng-star-inserted\">Membres du comit\u00e9<br \/>\n<\/span><\/strong><\/span><span class=\"ng-star-inserted\">\u2022 Vice-doyen de la facult\u00e9 pour le service communautaire et le d\u00e9veloppement environnemental &#8211; pr\u00e9sident.<br \/>\n<\/span><span class=\"ng-star-inserted\">\u2022 Secr\u00e9taire de la facult\u00e9.<br \/>\n<\/span><span class=\"ng-star-inserted\">\u2022 Observateur du centre de recherches et d\u2019exp\u00e9riences agricoles.<br \/>\n<\/span><span class=\"ng-star-inserted\">\u2022 Chef de l&#8217;administration de protection des \u00e9tudiants.<br \/>\n<\/span><span class=\"ng-star-inserted\">\u2022 Assistant de la facullt\u00e9.<\/span><\/div>\n<\/div>\n","protected":false},"excerpt":{"rendered":"<p>La s\u00e9curit\u00e9 et la sant\u00e9 au travail sont d\u00e9finies comme la science qui vise \u00e0 pr\u00e9server la s\u00e9curit\u00e9 et la sant\u00e9 des personnes en fournissant des environnements de travail s\u00fbrs, [&hellip;]<\/p>\n","protected":false},"author":2,"featured_media":0,"parent":2646,"menu_order":0,"comment_status":"closed","ping_status":"closed","template":"","meta":[],"jetpack_sharing_enabled":true,"jetpack-related-posts":[{"id":4465,"url":"https:\/\/www.svu.edu.eg\/faculties\/agr\/fr\/secteur-du-service-communautaire-et-le-developpement-environnemental\/administration-des-crises-et-des-catastrophes\/","url_meta":{"origin":4471,"position":0},"title":"Administration des crises et des catastrophes","author":"omar","date":"\u0641\u0628\u0631\u0627\u064a\u0631 1, 2022","format":false,"excerpt":"L\u2019id\u00e9e de cr\u00e9er une unit\u00e9 : Prot\u00e9ger l\u2019ensemble des installations de la facult\u00e9 contre les salles de cours, les laboratoires et\u00a0 les biblioth\u00e8ques , ainsi que tout le contenu de ces installations contre l\u2019\u00e9quipement scientifique et de laboratoire, les livres, la recherche, les documents et divers outils. Vision\u00a0: D\u00e9velopper la\u2026","rel":"","context":"\u062a\u062f\u0648\u064a\u0646\u0629 \u0645\u0634\u0627\u0628\u0647\u0629","block_context":{"text":"\u062a\u062f\u0648\u064a\u0646\u0629 \u0645\u0634\u0627\u0628\u0647\u0629","link":""},"img":{"alt_text":"","src":"","width":0,"height":0},"classes":[]},{"id":2714,"url":"https:\/\/www.svu.edu.eg\/faculties\/agr\/fr\/unite-de-suivi-des-diplomes\/","url_meta":{"origin":4471,"position":1},"title":"Unit\u00e9 de suivi des dipl\u00f4m\u00e9s","author":"omar","date":"\u0641\u0628\u0631\u0627\u064a\u0631 2, 2022","format":false,"excerpt":"La vision Communication continue avec la soci\u00e9t\u00e9 en faisant un suivi aupr\u00e8s des dipl\u00f4m\u00e9s de la facult\u00e9 pour \u00e9laborer et am\u00e9liorer leurs cours afin de r\u00e9pondre aux exigences des march\u00e9s du travail locaux et r\u00e9gionaux. La mission Ouvrir les voies de communication entre la facult\u00e9 et ses dipl\u00f4m\u00e9s pour une\u2026","rel":"","context":"\u062a\u062f\u0648\u064a\u0646\u0629 \u0645\u0634\u0627\u0628\u0647\u0629","block_context":{"text":"\u062a\u062f\u0648\u064a\u0646\u0629 \u0645\u0634\u0627\u0628\u0647\u0629","link":""},"img":{"alt_text":"","src":"","width":0,"height":0},"classes":[]},{"id":4579,"url":"https:\/\/www.svu.edu.eg\/faculties\/agr\/fr\/nouvelle-maitrise-en-protection-durable-des-recoltes\/objectifs-du-programme\/","url_meta":{"origin":4471,"position":2},"title":"Objectifs du programme","author":"omar","date":"\u0641\u0628\u0631\u0627\u064a\u0631 4, 2022","format":false,"excerpt":"D\u00e9velopper de l\u2019enseignement sup\u00e9rieur en proposant un nouveau master en protection durable des cultures en phase avec les nouveaux d\u00e9veloppements mondiaux, la demande sur le march\u00e9 du travail, et conform\u00e9ment \u00e0 la Convention de Bologne et aux normes internationales par les moyens suivants: 1- Proposer un nouveau programme de master\u2026","rel":"","context":"\u062a\u062f\u0648\u064a\u0646\u0629 \u0645\u0634\u0627\u0628\u0647\u0629","block_context":{"text":"\u062a\u062f\u0648\u064a\u0646\u0629 \u0645\u0634\u0627\u0628\u0647\u0629","link":""},"img":{"alt_text":"","src":"","width":0,"height":0},"classes":[]},{"id":2640,"url":"https:\/\/www.svu.edu.eg\/faculties\/agr\/fr\/secteur-des-affaires-educatives-et-etudiantes\/","url_meta":{"origin":4471,"position":3},"title":"Affaires \u00e9ducatives et \u00e9tudiantes","author":"omar","date":"\u064a\u0646\u0627\u064a\u0631 30, 2022","format":false,"excerpt":"Secteur des affaires \u00e9ducatives et \u00e9tudiantes \u00a0Vice-recteur de la facult\u00e9 pour les affaires \u00e9ducatives et \u00e9tudiantes dirige les affaires des \u00e9tudiants et\u00a0 leur inscription \u00e0 leur licence. T\u00e2ches de l'administration des affaires \u00e9tudiantes la participation \u00e0 l\u2019\u00e9laboration de politiques sur les \u00e9tudes, les examens, l\u2019\u00e9ducation et les affaires \u00e9tudiantes. \u2022\u2026","rel":"","context":"\u062a\u062f\u0648\u064a\u0646\u0629 \u0645\u0634\u0627\u0628\u0647\u0629","block_context":{"text":"\u062a\u062f\u0648\u064a\u0646\u0629 \u0645\u0634\u0627\u0628\u0647\u0629","link":""},"img":{"alt_text":"","src":"","width":0,"height":0},"classes":[]},{"id":4425,"url":"https:\/\/www.svu.edu.eg\/faculties\/agr\/fr\/affaires-educatives-et-etudiantes\/","url_meta":{"origin":4471,"position":4},"title":"Affaires \u00e9ducatives et \u00e9tudiantes","author":"omar","date":"\u064a\u0646\u0627\u064a\u0631 31, 2022","format":false,"excerpt":"Secteur des affaires \u00e9ducatives et \u00e9tudiantes \u00a0Vice-recteur de la facult\u00e9 pour les affaires \u00e9ducatives et \u00e9tudiantes dirige les affaires des \u00e9tudiants et\u00a0 leur inscription \u00e0 leur licence. T\u00e2ches de l\u2019administration des affaires \u00e9tudiantes la participation \u00e0 l\u2019\u00e9laboration de politiques sur les \u00e9tudes, les examens, l\u2019\u00e9ducation et les affaires \u00e9tudiantes. \u2022\u2026","rel":"","context":"\u062a\u062f\u0648\u064a\u0646\u0629 \u0645\u0634\u0627\u0628\u0647\u0629","block_context":{"text":"\u062a\u062f\u0648\u064a\u0646\u0629 \u0645\u0634\u0627\u0628\u0647\u0629","link":""},"img":{"alt_text":"","src":"","width":0,"height":0},"classes":[]},{"id":4388,"url":"https:\/\/www.svu.edu.eg\/faculties\/agr\/fr\/vision-et-mission-du-departement-de-protection-phytosanitaire\/","url_meta":{"origin":4471,"position":5},"title":"Vision et Mission du d\u00e9partement de protection phytosanitaire","author":"omar","date":"\u064a\u0646\u0627\u064a\u0631 29, 2022","format":false,"excerpt":"Vision du d\u00e9partement D\u00e9partement de la protection phytosanitaire cherche \u00e0 devenir un d\u00e9partement scientifique de premier plan et distingu\u00e9 dans le domaine de l\u2019\u00e9ducation, de la recherche scientifique, du service communautaire et de la protection de l\u2019environnement par les membres du corps professoral, les \u00e9tudiants des \u00e9tudes sup\u00e9rieures et dipl\u00f4m\u00e9s\u2026","rel":"","context":"\u062a\u062f\u0648\u064a\u0646\u0629 \u0645\u0634\u0627\u0628\u0647\u0629","block_context":{"text":"\u062a\u062f\u0648\u064a\u0646\u0629 \u0645\u0634\u0627\u0628\u0647\u0629","link":""},"img":{"alt_text":"","src":"","width":0,"height":0},"classes":[]}],"_links":{"self":[{"href":"https:\/\/www.svu.edu.eg\/faculties\/agr\/wp-json\/wp\/v2\/pages\/4471"}],"collection":[{"href":"https:\/\/www.svu.edu.eg\/faculties\/agr\/wp-json\/wp\/v2\/pages"}],"about":[{"href":"https:\/\/www.svu.edu.eg\/faculties\/agr\/wp-json\/wp\/v2\/types\/page"}],"author":[{"embeddable":true,"href":"https:\/\/www.svu.edu.eg\/faculties\/agr\/wp-json\/wp\/v2\/users\/2"}],"replies":[{"embeddable":true,"href":"https:\/\/www.svu.edu.eg\/faculties\/agr\/wp-json\/wp\/v2\/comments?post=4471"}],"version-history":[{"count":2,"href":"https:\/\/www.svu.edu.eg\/faculties\/agr\/wp-json\/wp\/v2\/pages\/4471\/revisions"}],"predecessor-version":[{"id":4473,"href":"https:\/\/www.svu.edu.eg\/faculties\/agr\/wp-json\/wp\/v2\/pages\/4471\/revisions\/4473"}],"up":[{"embeddable":true,"href":"https:\/\/www.svu.edu.eg\/faculties\/agr\/wp-json\/wp\/v2\/pages\/2646"}],"wp:attachment":[{"href":"https:\/\/www.svu.edu.eg\/faculties\/agr\/wp-json\/wp\/v2\/media?parent=4471"}],"curies":[{"name":"wp","href":"https:\/\/api.w.org\/{rel}","templated":true}]}}