{"id":4438,"date":"2022-01-31T20:44:44","date_gmt":"2022-01-31T20:44:44","guid":{"rendered":"http:\/\/www.svu.edu.eg\/faculties\/agr\/?page_id=4438"},"modified":"2022-01-31T20:44:48","modified_gmt":"2022-01-31T20:44:48","slug":"diplomes-delivres-par-la-faculte","status":"publish","type":"page","link":"https:\/\/www.svu.edu.eg\/faculties\/agr\/fr\/secteur-des-etudes-superieures-et-de-la-recherche\/diplomes-delivres-par-la-faculte\/","title":{"rendered":"Dipl\u00f4mes d\u00e9livr\u00e9s par la facult\u00e9"},"content":{"rendered":"<div class=\"translation-box\">\n<div class=\"translation-box-wrapper box-position-wrapper\">\n<div class=\"translation-inputs\">\n<div class=\"translation-input translation-input__target content-box-wrapper translation-input--ltr\">\n<div class=\"translation-input__main translation-input__result\">\n<div><strong><span style=\"font-size: 14pt;\">Ma\u00eetrise en sciences agricoles&nbsp;<\/span><\/strong><\/div>\n<div class=\"sentence-wrapper\"><strong><span style=\"font-size: 14pt;\">Doctorat en philosophie en sciences agricoles<\/span><\/strong><\/div>\n<\/div>\n<div class=\"translation-input__bottom_controls\"><\/div>\n<\/div>\n<\/div>\n<\/div>\n<div class=\"box-position-wrapper box-position-wrapper__footer\"><\/div>\n<\/div>\n<div class=\"content-box\">\n<div class=\"box-position-wrapper\"><\/div>\n<\/div>\n","protected":false},"excerpt":{"rendered":"<p>Ma\u00eetrise en sciences agricoles&nbsp; Doctorat en philosophie en sciences agricoles<\/p>\n","protected":false},"author":2,"featured_media":0,"parent":2643,"menu_order":0,"comment_status":"closed","ping_status":"closed","template":"","meta":[],"jetpack_sharing_enabled":true,"jetpack-related-posts":[{"id":2665,"url":"https:\/\/www.svu.edu.eg\/faculties\/agr\/fr\/programmes-educatifs\/","url_meta":{"origin":4438,"position":0},"title":"Programmes \u00e9ducatifs","author":"omar","date":"\u062f\u064a\u0633\u0645\u0628\u0631 26, 2020","format":false,"excerpt":"Les programmes \u00e9ducatifs de la facult\u00e9 d\u2019agriculture \u00e0 l'Universit\u00e9 du Sud de la vall\u00e9e pour le baccalaur\u00e9at et la licence sont les suivants: A- Baccalaur\u00e9at Un seul programme est : programme g\u00e9n\u00e9ral de production agricole. B- l'apprentissage ouvert (Baccalaur\u00e9at en sciences agricoles en administration de projets et technologie agricole (partenariat\u2026","rel":"","context":"\u062a\u062f\u0648\u064a\u0646\u0629 \u0645\u0634\u0627\u0628\u0647\u0629","block_context":{"text":"\u062a\u062f\u0648\u064a\u0646\u0629 \u0645\u0634\u0627\u0628\u0647\u0629","link":""},"img":{"alt_text":"","src":"","width":0,"height":0},"classes":[]},{"id":4412,"url":"https:\/\/www.svu.edu.eg\/faculties\/agr\/fr\/systeme-detudes-superieures\/","url_meta":{"origin":4438,"position":1},"title":"Syst\u00e8me d\u2019\u00e9tudes sup\u00e9rieures","author":"omar","date":"\u064a\u0646\u0627\u064a\u0631 31, 2022","format":false,"excerpt":"\u00c0 la demande du Conseil de la facult\u00e9 d' agriculture, l\u2019Universit\u00e9 du Sud de la Vall\u00e9e d\u00e9cerne un dipl\u00f4me de sciences agricoles en (production agricole g\u00e9n\u00e9rale). \u00a0\u00c9tude en classe - deux semestres par ann\u00e9e scolaire sur une p\u00e9riode de quatre ans. \u2022 Un dipl\u00f4me d'\u00e9tudes sup\u00e9rieures en sciences agricoles (programme\u2026","rel":"","context":"\u062a\u062f\u0648\u064a\u0646\u0629 \u0645\u0634\u0627\u0628\u0647\u0629","block_context":{"text":"\u062a\u062f\u0648\u064a\u0646\u0629 \u0645\u0634\u0627\u0628\u0647\u0629","link":""},"img":{"alt_text":"","src":"","width":0,"height":0},"classes":[]},{"id":4445,"url":"https:\/\/www.svu.edu.eg\/faculties\/agr\/fr\/secteur-des-etudes-superieures-et-de-la-recherche\/dates-dinscription\/","url_meta":{"origin":4438,"position":2},"title":"Dates d\u2019inscription","author":"omar","date":"\u0641\u0628\u0631\u0627\u064a\u0631 1, 2022","format":false,"excerpt":"Les \u00e9tudiants postulent une ma\u00eetrise en recherche et un doctorat en philosophie deux fois par ann\u00e9e au cours de la premi\u00e8re moiti\u00e9 d\u2019ao\u00fbt et au cours de d\u00e9cembre. L\u2019\u00e9tudiant, avec l\u2019aide du Comit\u00e9 de supervision et dans les d\u00e9lais requis pour la mise en \u0153uvre, pr\u00e9pare le plan de recherche\u2026","rel":"","context":"\u062a\u062f\u0648\u064a\u0646\u0629 \u0645\u0634\u0627\u0628\u0647\u0629","block_context":{"text":"\u062a\u062f\u0648\u064a\u0646\u0629 \u0645\u0634\u0627\u0628\u0647\u0629","link":""},"img":{"alt_text":"","src":"","width":0,"height":0},"classes":[]},{"id":2674,"url":"https:\/\/www.svu.edu.eg\/faculties\/agr\/fr\/bureau-des-etrangers\/","url_meta":{"origin":4438,"position":3},"title":"Bureau des \u00e9trangers","author":"omar","date":"\u062f\u064a\u0633\u0645\u0628\u0631 26, 2020","format":false,"excerpt":"La vision La facult\u00e9 vise \u00e0 approfondir les relations entre la facult\u00e9 d\u2019Agriculture et les facult\u00e9s dans le monde en g\u00e9n\u00e9ral, l\u2019Afrique et l\u2019Asie en particulier.\u00a0 La mission Offre un \u00a0soutien pour les \u00e9tudiants \u00e9trangers pour pr\u00e9parer les cadres agricoles distingu\u00e9s et diriger la recherche scientifique pour faire face \u00e0\u2026","rel":"","context":"\u062a\u062f\u0648\u064a\u0646\u0629 \u0645\u0634\u0627\u0628\u0647\u0629","block_context":{"text":"\u062a\u062f\u0648\u064a\u0646\u0629 \u0645\u0634\u0627\u0628\u0647\u0629","link":""},"img":{"alt_text":"","src":"","width":0,"height":0},"classes":[]},{"id":2643,"url":"https:\/\/www.svu.edu.eg\/faculties\/agr\/fr\/secteur-des-etudes-superieures-et-de-la-recherche\/","url_meta":{"origin":4438,"position":4},"title":"\u00c9tudes sup\u00e9rieures et Recherches","author":"omar","date":"\u064a\u0646\u0627\u064a\u0631 30, 2022","format":false,"excerpt":"Vice- doyen des \u00e9tudes sup\u00e9rieures et de la recherche supervise le secteurLe secteur se compose de cinq d\u00e9partements:1- \u00c9tudes sup\u00e9rieures2-Recherches3- Relations publiques4-Revue5-Bibloth\u00e8queObjectifs du secteurPr\u00e9parer des cadres scientifiques capables de mener des recherches scientifiques dans diff\u00e9rents domaines agricoles.Pr\u00e9parer des cadres de recherche pour les dipl\u00f4mes, les ma\u00eetrises et les doctorats.Am\u00e9liorer les\u2026","rel":"","context":"\u062a\u062f\u0648\u064a\u0646\u0629 \u0645\u0634\u0627\u0628\u0647\u0629","block_context":{"text":"\u062a\u062f\u0648\u064a\u0646\u0629 \u0645\u0634\u0627\u0628\u0647\u0629","link":""},"img":{"alt_text":"","src":"","width":0,"height":0},"classes":[]},{"id":4462,"url":"https:\/\/www.svu.edu.eg\/faculties\/agr\/fr\/secteur-du-service-communautaire-et-le-developpement-environnemental\/convois\/","url_meta":{"origin":4438,"position":5},"title":"Convois","author":"omar","date":"\u0641\u0628\u0631\u0627\u064a\u0631 1, 2022","format":false,"excerpt":"Le secteur du service communautaire et du d\u00e9veloppement environnemental de la facult\u00e9 d\u2019Agriculture de l\u2019Universit\u00e9 du Sud de la Vall\u00e9e, avec la participation de membres du corps professoral de la facult\u00e9, met en \u0153uvre des convois\u00a0 agricoles au niveau du centre d\u2019extension dans les villages et les centres des provinces\u2026","rel":"","context":"\u062a\u062f\u0648\u064a\u0646\u0629 \u0645\u0634\u0627\u0628\u0647\u0629","block_context":{"text":"\u062a\u062f\u0648\u064a\u0646\u0629 \u0645\u0634\u0627\u0628\u0647\u0629","link":""},"img":{"alt_text":"","src":"","width":0,"height":0},"classes":[]}],"_links":{"self":[{"href":"https:\/\/www.svu.edu.eg\/faculties\/agr\/wp-json\/wp\/v2\/pages\/4438"}],"collection":[{"href":"https:\/\/www.svu.edu.eg\/faculties\/agr\/wp-json\/wp\/v2\/pages"}],"about":[{"href":"https:\/\/www.svu.edu.eg\/faculties\/agr\/wp-json\/wp\/v2\/types\/page"}],"author":[{"embeddable":true,"href":"https:\/\/www.svu.edu.eg\/faculties\/agr\/wp-json\/wp\/v2\/users\/2"}],"replies":[{"embeddable":true,"href":"https:\/\/www.svu.edu.eg\/faculties\/agr\/wp-json\/wp\/v2\/comments?post=4438"}],"version-history":[{"count":2,"href":"https:\/\/www.svu.edu.eg\/faculties\/agr\/wp-json\/wp\/v2\/pages\/4438\/revisions"}],"predecessor-version":[{"id":4440,"href":"https:\/\/www.svu.edu.eg\/faculties\/agr\/wp-json\/wp\/v2\/pages\/4438\/revisions\/4440"}],"up":[{"embeddable":true,"href":"https:\/\/www.svu.edu.eg\/faculties\/agr\/wp-json\/wp\/v2\/pages\/2643"}],"wp:attachment":[{"href":"https:\/\/www.svu.edu.eg\/faculties\/agr\/wp-json\/wp\/v2\/media?parent=4438"}],"curies":[{"name":"wp","href":"https:\/\/api.w.org\/{rel}","templated":true}]}}