{"id":4435,"date":"2022-01-31T20:39:17","date_gmt":"2022-01-31T20:39:17","guid":{"rendered":"http:\/\/www.svu.edu.eg\/faculties\/agr\/?page_id=4435"},"modified":"2022-01-31T20:39:24","modified_gmt":"2022-01-31T20:39:24","slug":"vice-doyen-pour-les-etudes-superieures","status":"publish","type":"page","link":"https:\/\/www.svu.edu.eg\/faculties\/agr\/fr\/secteur-des-etudes-superieures-et-de-la-recherche\/vice-doyen-pour-les-etudes-superieures\/","title":{"rendered":"Vice- doyen pour les \u00e9tudes sup\u00e9rieures"},"content":{"rendered":"<p><img decoding=\"async\" loading=\"lazy\" class=\"aligncenter\" src=\"https:\/\/i0.wp.com\/www.svu.edu.eg\/faculties\/agr\/wp-content\/uploads\/2019\/12\/a-1-2.gif?resize=149%2C198\" width=\"149\" height=\"198\"  data-recalc-dims=\"1\"><\/p>\n<p style=\"text-align: center;\"><strong>Dr. Moamen Mohamed Elwasfy<\/strong><\/p>\n<p style=\"text-align: center;\"><strong>Mobile:01000866728<\/strong><\/p>\n<p style=\"text-align: center;\"><strong>T\u00e9l\u00e9:1290<\/strong><\/p>\n<p style=\"text-align: center;\"><strong>E-mail:<\/strong><\/p>\n<p style=\"text-align: center;\">m.baghdady@agr.svu.edu.eg<\/p>\n","protected":false},"excerpt":{"rendered":"<p>Dr. Moamen Mohamed Elwasfy Mobile:01000866728 T\u00e9l\u00e9:1290 E-mail: m.baghdady@agr.svu.edu.eg<\/p>\n","protected":false},"author":2,"featured_media":0,"parent":2643,"menu_order":0,"comment_status":"closed","ping_status":"closed","template":"","meta":[],"jetpack_sharing_enabled":true,"jetpack-related-posts":[{"id":4514,"url":"https:\/\/www.svu.edu.eg\/faculties\/agr\/fr\/membres-du-conseil-dadministration\/","url_meta":{"origin":4435,"position":0},"title":"Membres du Conseil d&#8217;administration","author":"omar","date":"\u0641\u0628\u0631\u0627\u064a\u0631 2, 2022","format":false,"excerpt":"\u00a0 Nom Membres Fonction 1 Dr. Essam El-din Abdelhady Doyen de la facult\u00e9 Chef 2 Dr. Abo Bakr Abdelmenam Membre Vice- doyen pour les affaires \u00e9ducatives et \u00e9tudiantes 3 Dr. Moamen Mohamed Elwasfy Membre Vice- doyen pour les \u00e9tudes sup\u00e9rieures et\u00a0 la recherche 4 Dr. Abdelaziz\u00a0 Sheba Abdelrahman Membre Vice-doyen\u2026","rel":"","context":"\u062a\u062f\u0648\u064a\u0646\u0629 \u0645\u0634\u0627\u0628\u0647\u0629","block_context":{"text":"\u062a\u062f\u0648\u064a\u0646\u0629 \u0645\u0634\u0627\u0628\u0647\u0629","link":""},"img":{"alt_text":"","src":"","width":0,"height":0},"classes":[]},{"id":2643,"url":"https:\/\/www.svu.edu.eg\/faculties\/agr\/fr\/secteur-des-etudes-superieures-et-de-la-recherche\/","url_meta":{"origin":4435,"position":1},"title":"\u00c9tudes sup\u00e9rieures et Recherches","author":"omar","date":"\u064a\u0646\u0627\u064a\u0631 30, 2022","format":false,"excerpt":"Vice- doyen des \u00e9tudes sup\u00e9rieures et de la recherche supervise le secteurLe secteur se compose de cinq d\u00e9partements:1- \u00c9tudes sup\u00e9rieures2-Recherches3- Relations publiques4-Revue5-Bibloth\u00e8queObjectifs du secteurPr\u00e9parer des cadres scientifiques capables de mener des recherches scientifiques dans diff\u00e9rents domaines agricoles.Pr\u00e9parer des cadres de recherche pour les dipl\u00f4mes, les ma\u00eetrises et les doctorats.Am\u00e9liorer les\u2026","rel":"","context":"\u062a\u062f\u0648\u064a\u0646\u0629 \u0645\u0634\u0627\u0628\u0647\u0629","block_context":{"text":"\u062a\u062f\u0648\u064a\u0646\u0629 \u0645\u0634\u0627\u0628\u0647\u0629","link":""},"img":{"alt_text":"","src":"","width":0,"height":0},"classes":[]},{"id":4549,"url":"https:\/\/www.svu.edu.eg\/faculties\/agr\/fr\/unite-de-suivi-des-diplomes\/activites-de-lunite\/","url_meta":{"origin":4435,"position":2},"title":"Activit\u00e9s de l&#8217;Unit\u00e9","author":"omar","date":"\u0641\u0628\u0631\u0627\u064a\u0631 2, 2022","format":false,"excerpt":"Cours de formation pour pr\u00e9parer les \u00e9tudiants au march\u00e9 du travail 1\/4\/2018 Sous les auspices du dr. Mohamed Ali, doyen de la facult\u00e9, et du dr. \u00a0Abdulaziz Shiba Abdurrahman, vice- doyen de la facult\u00e9 pour le service communautaire et les affaires de d\u00e9veloppement environnemental, dans le cadre de l\u2019int\u00e9r\u00eat de\u2026","rel":"","context":"\u062a\u062f\u0648\u064a\u0646\u0629 \u0645\u0634\u0627\u0628\u0647\u0629","block_context":{"text":"\u062a\u062f\u0648\u064a\u0646\u0629 \u0645\u0634\u0627\u0628\u0647\u0629","link":""},"img":{"alt_text":"","src":"","width":0,"height":0},"classes":[]},{"id":4491,"url":"https:\/\/www.svu.edu.eg\/faculties\/agr\/fr\/lunite-des-services-electronique\/groupe-de-travail\/","url_meta":{"origin":4435,"position":3},"title":"Groupe de travail","author":"omar","date":"\u0641\u0628\u0631\u0627\u064a\u0631 2, 2022","format":false,"excerpt":"Dr. Mahmoud Abbas Ali Directeur de l'Unit\u00e9 E-mail: m.abbas@agr.svu.edu.eg M. Haythem Hamdy Dr. Amer Esaa Amer","rel":"","context":"\u062a\u062f\u0648\u064a\u0646\u0629 \u0645\u0634\u0627\u0628\u0647\u0629","block_context":{"text":"\u062a\u062f\u0648\u064a\u0646\u0629 \u0645\u0634\u0627\u0628\u0647\u0629","link":""},"img":{"alt_text":"","src":"","width":0,"height":0},"classes":[]},{"id":4388,"url":"https:\/\/www.svu.edu.eg\/faculties\/agr\/fr\/vision-et-mission-du-departement-de-protection-phytosanitaire\/","url_meta":{"origin":4435,"position":4},"title":"Vision et Mission du d\u00e9partement de protection phytosanitaire","author":"omar","date":"\u064a\u0646\u0627\u064a\u0631 29, 2022","format":false,"excerpt":"Vision du d\u00e9partement D\u00e9partement de la protection phytosanitaire cherche \u00e0 devenir un d\u00e9partement scientifique de premier plan et distingu\u00e9 dans le domaine de l\u2019\u00e9ducation, de la recherche scientifique, du service communautaire et de la protection de l\u2019environnement par les membres du corps professoral, les \u00e9tudiants des \u00e9tudes sup\u00e9rieures et dipl\u00f4m\u00e9s\u2026","rel":"","context":"\u062a\u062f\u0648\u064a\u0646\u0629 \u0645\u0634\u0627\u0628\u0647\u0629","block_context":{"text":"\u062a\u062f\u0648\u064a\u0646\u0629 \u0645\u0634\u0627\u0628\u0647\u0629","link":""},"img":{"alt_text":"","src":"","width":0,"height":0},"classes":[]},{"id":4420,"url":"https:\/\/www.svu.edu.eg\/faculties\/agr\/fr\/communaute-scientifique\/","url_meta":{"origin":4435,"position":5},"title":"Communaut\u00e9 scientifique","author":"omar","date":"\u064a\u0646\u0627\u064a\u0631 31, 2022","format":false,"excerpt":"Le conseil de la facult\u00e9 compos\u00e9e de membres du corps professoral aux d\u00e9partements acad\u00e9mique participant \u00e0 un seul programme a form\u00e9 des \"services scientifiques\" internes, avec un maximum de deux membres de chaque d\u00e9partement. T\u00e2ches de communaut\u00e9 scientifique Les cours et toutes les questions p\u00e9dagogiques relatives \u00e0 ce programme leur\u2026","rel":"","context":"\u062a\u062f\u0648\u064a\u0646\u0629 \u0645\u0634\u0627\u0628\u0647\u0629","block_context":{"text":"\u062a\u062f\u0648\u064a\u0646\u0629 \u0645\u0634\u0627\u0628\u0647\u0629","link":""},"img":{"alt_text":"","src":"","width":0,"height":0},"classes":[]}],"_links":{"self":[{"href":"https:\/\/www.svu.edu.eg\/faculties\/agr\/wp-json\/wp\/v2\/pages\/4435"}],"collection":[{"href":"https:\/\/www.svu.edu.eg\/faculties\/agr\/wp-json\/wp\/v2\/pages"}],"about":[{"href":"https:\/\/www.svu.edu.eg\/faculties\/agr\/wp-json\/wp\/v2\/types\/page"}],"author":[{"embeddable":true,"href":"https:\/\/www.svu.edu.eg\/faculties\/agr\/wp-json\/wp\/v2\/users\/2"}],"replies":[{"embeddable":true,"href":"https:\/\/www.svu.edu.eg\/faculties\/agr\/wp-json\/wp\/v2\/comments?post=4435"}],"version-history":[{"count":2,"href":"https:\/\/www.svu.edu.eg\/faculties\/agr\/wp-json\/wp\/v2\/pages\/4435\/revisions"}],"predecessor-version":[{"id":4437,"href":"https:\/\/www.svu.edu.eg\/faculties\/agr\/wp-json\/wp\/v2\/pages\/4435\/revisions\/4437"}],"up":[{"embeddable":true,"href":"https:\/\/www.svu.edu.eg\/faculties\/agr\/wp-json\/wp\/v2\/pages\/2643"}],"wp:attachment":[{"href":"https:\/\/www.svu.edu.eg\/faculties\/agr\/wp-json\/wp\/v2\/media?parent=4435"}],"curies":[{"name":"wp","href":"https:\/\/api.w.org\/{rel}","templated":true}]}}