{"id":4425,"date":"2022-01-31T20:15:44","date_gmt":"2022-01-31T20:15:44","guid":{"rendered":"http:\/\/www.svu.edu.eg\/faculties\/agr\/?page_id=4425"},"modified":"2022-01-31T20:15:56","modified_gmt":"2022-01-31T20:15:56","slug":"affaires-educatives-et-etudiantes","status":"publish","type":"page","link":"https:\/\/www.svu.edu.eg\/faculties\/agr\/fr\/affaires-educatives-et-etudiantes\/","title":{"rendered":"Affaires \u00e9ducatives et \u00e9tudiantes"},"content":{"rendered":"<p><strong>Secteur des affaires \u00e9ducatives et \u00e9tudiantes<\/strong><\/p>\n<ul>\n<li>&nbsp;Vice-recteur de la facult\u00e9 pour les affaires \u00e9ducatives et \u00e9tudiantes dirige les affaires des \u00e9tudiants et&nbsp; leur inscription \u00e0 leur licence.<br \/>\n<strong>T\u00e2ches de l\u2019administration des affaires \u00e9tudiantes<\/strong><br \/>\nla participation \u00e0 l\u2019\u00e9laboration de politiques sur les \u00e9tudes, les examens, l\u2019\u00e9ducation et les affaires \u00e9tudiantes.<br \/>\n\u2022 Suivi de la mise en \u0153uvre des d\u00e9cisions du conseil sup\u00e9rieur des universit\u00e9s, du conseil de l\u2019\u00e9ducation et des affaires \u00e9tudiantes.<br \/>\n\u2022 la participation \u00e0 l\u2019\u00e9tablissement du calendrier de l\u2019ann\u00e9e scolaire, de la fin de l\u2019ann\u00e9e scolaire et des vacances d\u2019\u00e9t\u00e9 \u00e0 la lumi\u00e8re des d\u00e9cisions du conseil de l\u2019Universit\u00e9 et de ses rapports des facult\u00e9s.<br \/>\n\u2022 pr\u00e9parer les statistiques et les donn\u00e9es n\u00e9cessaires pour extraire l\u2019information et pr\u00e9parer les rapports p\u00e9riodiques et annuels;&nbsp;pr\u00e9parer les tableaux n\u00e9cessaires pour l\u2019instruction et s\u00e9lectionnez les heures n\u00e9cessaires .<\/li>\n<li>Recevoir et distribuer de nouveaux \u00e9tudiants dans diff\u00e9rents programmes selon les normes approuv\u00e9es par le conseil de l\u2019ordre.<\/li>\n<li>la pr\u00e9paration d\u2019un dossier priv\u00e9 pour chaque \u00e9tudiant. Entrez les donn\u00e9es sur les \u00e9tudiants dans la base de donn\u00e9es de l\u2019universit\u00e9 et limitez-les aux dossiers.<\/li>\n<li>d\u2019extraire des cartes d\u2019identit\u00e9 d\u2019un \u00e9l\u00e8ve apr\u00e8s avoir pay\u00e9 les frais de scolarit\u00e9.<\/li>\n<li>pr\u00e9parer et envoyer des listes d\u2019\u00e9tudiants aux diff\u00e9rents d\u00e9partements scientifiques et assurer le suivi des \u00e9tudiants aux conf\u00e9rences et aux revues.<\/li>\n<li>la participation \u00e0 la formation sur le terrain pour les \u00e9tudiants coll\u00e9giaux.<\/li>\n<li>pr\u00e9parer les fiches pour le travail d\u2019observation, et d\u2019examen du contr\u00f4leur.<\/li>\n<li>l\u2019enregistrement des r\u00e9sultats d\u2019examen.<\/li>\n<li>Publier les nouveaux formulaires de divulgation des renseignements m\u00e9dicaux des \u00e9tudiants et pr\u00e9parer les cartes d\u2019assurance-maladie.<\/li>\n<li>les transferts d\u2019\u00e9tudiants vers la facult\u00e9 et \u00e0 partir de celui-ci, ainsi que le transfert et l\u2019abandon des inscriptions.<\/li>\n<li>Extraire les bons de commande et remplir les formulaires de la ville universitaire.<\/li>\n<li>Suivi de l\u2019\u00e9ducation militaire des \u00e9tudiants de sexe masculin<\/li>\n<li><strong>T\u00e2ches du vice-recteur de la facult\u00e9 pour les affaires \u00e9ducatives et \u00e9tudiantes<\/strong><\/li>\n<li>Diriger les affaires \u00e9tudiantes et superviser la formation pratique des \u00e9tudiants.<\/li>\n<li>\u00c9tudier les propositions de la section sur les cicatrices pour l\u2019enseignement et les examens \u00e0 l\u2019ext\u00e9rieur de la facult\u00e9 en vue de les soumettre au conseil de la facult\u00e9.<\/li>\n<li>superviser le bien-\u00eatre des affaires sociales et sportives des \u00e9tudiants.<\/li>\n<li>Supervision des affaires \u00e9tudiantes \u00e0 venir.<\/li>\n<li>pr\u00e9parer ce qui est pr\u00e9sent\u00e9 \u00e0 la conf\u00e9rence scientifique annuelle de la facult\u00e9 .<\/li>\n<\/ul>\n","protected":false},"excerpt":{"rendered":"<p>Secteur des affaires \u00e9ducatives et \u00e9tudiantes &nbsp;Vice-recteur de la facult\u00e9 pour les affaires \u00e9ducatives et \u00e9tudiantes dirige les affaires des \u00e9tudiants et&nbsp; leur inscription \u00e0 leur licence. T\u00e2ches de l\u2019administration [&hellip;]<\/p>\n","protected":false},"author":2,"featured_media":0,"parent":0,"menu_order":0,"comment_status":"closed","ping_status":"closed","template":"","meta":[],"jetpack_sharing_enabled":true,"jetpack-related-posts":[{"id":2640,"url":"https:\/\/www.svu.edu.eg\/faculties\/agr\/fr\/secteur-des-affaires-educatives-et-etudiantes\/","url_meta":{"origin":4425,"position":0},"title":"Affaires \u00e9ducatives et \u00e9tudiantes","author":"omar","date":"\u064a\u0646\u0627\u064a\u0631 30, 2022","format":false,"excerpt":"Secteur des affaires \u00e9ducatives et \u00e9tudiantes \u00a0Vice-recteur de la facult\u00e9 pour les affaires \u00e9ducatives et \u00e9tudiantes dirige les affaires des \u00e9tudiants et\u00a0 leur inscription \u00e0 leur licence. T\u00e2ches de l'administration des affaires \u00e9tudiantes la participation \u00e0 l\u2019\u00e9laboration de politiques sur les \u00e9tudes, les examens, l\u2019\u00e9ducation et les affaires \u00e9tudiantes. \u2022\u2026","rel":"","context":"\u062a\u062f\u0648\u064a\u0646\u0629 \u0645\u0634\u0627\u0628\u0647\u0629","block_context":{"text":"\u062a\u062f\u0648\u064a\u0646\u0629 \u0645\u0634\u0627\u0628\u0647\u0629","link":""},"img":{"alt_text":"","src":"","width":0,"height":0},"classes":[]},{"id":4420,"url":"https:\/\/www.svu.edu.eg\/faculties\/agr\/fr\/communaute-scientifique\/","url_meta":{"origin":4425,"position":1},"title":"Communaut\u00e9 scientifique","author":"omar","date":"\u064a\u0646\u0627\u064a\u0631 31, 2022","format":false,"excerpt":"Le conseil de la facult\u00e9 compos\u00e9e de membres du corps professoral aux d\u00e9partements acad\u00e9mique participant \u00e0 un seul programme a form\u00e9 des \"services scientifiques\" internes, avec un maximum de deux membres de chaque d\u00e9partement. T\u00e2ches de communaut\u00e9 scientifique Les cours et toutes les questions p\u00e9dagogiques relatives \u00e0 ce programme leur\u2026","rel":"","context":"\u062a\u062f\u0648\u064a\u0646\u0629 \u0645\u0634\u0627\u0628\u0647\u0629","block_context":{"text":"\u062a\u062f\u0648\u064a\u0646\u0629 \u0645\u0634\u0627\u0628\u0647\u0629","link":""},"img":{"alt_text":"","src":"","width":0,"height":0},"classes":[]},{"id":4514,"url":"https:\/\/www.svu.edu.eg\/faculties\/agr\/fr\/membres-du-conseil-dadministration\/","url_meta":{"origin":4425,"position":2},"title":"Membres du Conseil d&#8217;administration","author":"omar","date":"\u0641\u0628\u0631\u0627\u064a\u0631 2, 2022","format":false,"excerpt":"\u00a0 Nom Membres Fonction 1 Dr. Essam El-din Abdelhady Doyen de la facult\u00e9 Chef 2 Dr. Abo Bakr Abdelmenam Membre Vice- doyen pour les affaires \u00e9ducatives et \u00e9tudiantes 3 Dr. Moamen Mohamed Elwasfy Membre Vice- doyen pour les \u00e9tudes sup\u00e9rieures et\u00a0 la recherche 4 Dr. Abdelaziz\u00a0 Sheba Abdelrahman Membre Vice-doyen\u2026","rel":"","context":"\u062a\u062f\u0648\u064a\u0646\u0629 \u0645\u0634\u0627\u0628\u0647\u0629","block_context":{"text":"\u062a\u062f\u0648\u064a\u0646\u0629 \u0645\u0634\u0627\u0628\u0647\u0629","link":""},"img":{"alt_text":"","src":"","width":0,"height":0},"classes":[]},{"id":4549,"url":"https:\/\/www.svu.edu.eg\/faculties\/agr\/fr\/unite-de-suivi-des-diplomes\/activites-de-lunite\/","url_meta":{"origin":4425,"position":3},"title":"Activit\u00e9s de l&#8217;Unit\u00e9","author":"omar","date":"\u0641\u0628\u0631\u0627\u064a\u0631 2, 2022","format":false,"excerpt":"Cours de formation pour pr\u00e9parer les \u00e9tudiants au march\u00e9 du travail 1\/4\/2018 Sous les auspices du dr. Mohamed Ali, doyen de la facult\u00e9, et du dr. \u00a0Abdulaziz Shiba Abdurrahman, vice- doyen de la facult\u00e9 pour le service communautaire et les affaires de d\u00e9veloppement environnemental, dans le cadre de l\u2019int\u00e9r\u00eat de\u2026","rel":"","context":"\u062a\u062f\u0648\u064a\u0646\u0629 \u0645\u0634\u0627\u0628\u0647\u0629","block_context":{"text":"\u062a\u062f\u0648\u064a\u0646\u0629 \u0645\u0634\u0627\u0628\u0647\u0629","link":""},"img":{"alt_text":"","src":"","width":0,"height":0},"classes":[]},{"id":4418,"url":"https:\/\/www.svu.edu.eg\/faculties\/agr\/fr\/protection-des-etudiants\/","url_meta":{"origin":4425,"position":4},"title":"Protection des \u00e9tudiants","author":"omar","date":"\u064a\u0646\u0627\u064a\u0631 31, 2022","format":false,"excerpt":"T\u00e2ches de l'administration Superviser les activit\u00e9s sportives, sociales, culturelles, artistiques, scoutisme et service public. \u2022 Superviser les syndicats d\u2019\u00e9tudiants \u00e0 la facult\u00e9 et guider ses membres vers des objectifs qui d\u00e9veloppent des valeurs \u00e9thiques et une conscience nationale et les encouragent \u00e0 d\u00e9couvrir les talents de leurs coll\u00e8gues et \u00e0\u2026","rel":"","context":"\u062a\u062f\u0648\u064a\u0646\u0629 \u0645\u0634\u0627\u0628\u0647\u0629","block_context":{"text":"\u062a\u062f\u0648\u064a\u0646\u0629 \u0645\u0634\u0627\u0628\u0647\u0629","link":""},"img":{"alt_text":"","src":"","width":0,"height":0},"classes":[]},{"id":4468,"url":"https:\/\/www.svu.edu.eg\/faculties\/agr\/fr\/secteur-du-service-communautaire-et-le-developpement-environnemental\/lunite-de-formation\/","url_meta":{"origin":4425,"position":5},"title":"l&#8217;Unit\u00e9 de formation","author":"omar","date":"\u0641\u0628\u0631\u0627\u064a\u0631 1, 2022","format":false,"excerpt":"Vision de l\u2019unit\u00e9\u00a0: Excellence\u00a0 dans la prestation et l\u2019\u00e9valuation des programmes de formation pour les diverses cibles de la facult\u00e9 afin d\u2019assurer la r\u00e9alisation de la vision de la facult\u00e9. Mission de l\u2019unit\u00e9 : Dans le cadre de la mission de la facult\u00e9, l\u2019Unit\u00e9 s\u2019engage \u00e0 d\u00e9velopper les ressources humaines\u2026","rel":"","context":"\u062a\u062f\u0648\u064a\u0646\u0629 \u0645\u0634\u0627\u0628\u0647\u0629","block_context":{"text":"\u062a\u062f\u0648\u064a\u0646\u0629 \u0645\u0634\u0627\u0628\u0647\u0629","link":""},"img":{"alt_text":"","src":"","width":0,"height":0},"classes":[]}],"_links":{"self":[{"href":"https:\/\/www.svu.edu.eg\/faculties\/agr\/wp-json\/wp\/v2\/pages\/4425"}],"collection":[{"href":"https:\/\/www.svu.edu.eg\/faculties\/agr\/wp-json\/wp\/v2\/pages"}],"about":[{"href":"https:\/\/www.svu.edu.eg\/faculties\/agr\/wp-json\/wp\/v2\/types\/page"}],"author":[{"embeddable":true,"href":"https:\/\/www.svu.edu.eg\/faculties\/agr\/wp-json\/wp\/v2\/users\/2"}],"replies":[{"embeddable":true,"href":"https:\/\/www.svu.edu.eg\/faculties\/agr\/wp-json\/wp\/v2\/comments?post=4425"}],"version-history":[{"count":2,"href":"https:\/\/www.svu.edu.eg\/faculties\/agr\/wp-json\/wp\/v2\/pages\/4425\/revisions"}],"predecessor-version":[{"id":4427,"href":"https:\/\/www.svu.edu.eg\/faculties\/agr\/wp-json\/wp\/v2\/pages\/4425\/revisions\/4427"}],"wp:attachment":[{"href":"https:\/\/www.svu.edu.eg\/faculties\/agr\/wp-json\/wp\/v2\/media?parent=4425"}],"curies":[{"name":"wp","href":"https:\/\/api.w.org\/{rel}","templated":true}]}}