{"id":4422,"date":"2022-01-31T20:11:44","date_gmt":"2022-01-31T20:11:44","guid":{"rendered":"http:\/\/www.svu.edu.eg\/faculties\/agr\/?page_id=4422"},"modified":"2022-01-31T20:11:49","modified_gmt":"2022-01-31T20:11:49","slug":"orientation-academique","status":"publish","type":"page","link":"https:\/\/www.svu.edu.eg\/faculties\/agr\/fr\/orientation-academique\/","title":{"rendered":"Orientation acad\u00e9mique"},"content":{"rendered":"","protected":false},"excerpt":{"rendered":"","protected":false},"author":2,"featured_media":0,"parent":0,"menu_order":0,"comment_status":"closed","ping_status":"closed","template":"","meta":[],"jetpack_sharing_enabled":true,"jetpack-related-posts":[{"id":2656,"url":"https:\/\/www.svu.edu.eg\/faculties\/agr\/fr\/doyen-de-la-faculte\/","url_meta":{"origin":4422,"position":0},"title":"Doyen de la facult\u00e9","author":"omar","date":"\u062f\u064a\u0633\u0645\u0628\u0631 26, 2020","format":false,"excerpt":"C\u2019est avec plaisir que je vous f\u00e9licite au d\u00e9but de l\u2019ann\u00e9e acad\u00e9mique, esp\u00e9rant \u00eatre distingu\u00e9 dans les diff\u00e9rents domaines universitaires, que ce soit dans l\u2019\u00e9ducation et la connaissance ou dans la pratique sociale,les activit\u00e9s physiques, techniques et culturelles ou ce qui permet au pays de progresser et de se d\u00e9velopper.\u00a0Nous\u2026","rel":"","context":"\u062a\u062f\u0648\u064a\u0646\u0629 \u0645\u0634\u0627\u0628\u0647\u0629","block_context":{"text":"\u062a\u062f\u0648\u064a\u0646\u0629 \u0645\u0634\u0627\u0628\u0647\u0629","link":""},"img":{"alt_text":"","src":"https:\/\/i0.wp.com\/www.svu.edu.eg\/faculties\/agr\/wp-content\/uploads\/2019\/12\/news2118.jpg?resize=350%2C200","width":350,"height":200},"classes":[]},{"id":2665,"url":"https:\/\/www.svu.edu.eg\/faculties\/agr\/fr\/programmes-educatifs\/","url_meta":{"origin":4422,"position":1},"title":"Programmes \u00e9ducatifs","author":"omar","date":"\u062f\u064a\u0633\u0645\u0628\u0631 26, 2020","format":false,"excerpt":"Les programmes \u00e9ducatifs de la facult\u00e9 d\u2019agriculture \u00e0 l'Universit\u00e9 du Sud de la vall\u00e9e pour le baccalaur\u00e9at et la licence sont les suivants: A- Baccalaur\u00e9at Un seul programme est : programme g\u00e9n\u00e9ral de production agricole. B- l'apprentissage ouvert (Baccalaur\u00e9at en sciences agricoles en administration de projets et technologie agricole (partenariat\u2026","rel":"","context":"\u062a\u062f\u0648\u064a\u0646\u0629 \u0645\u0634\u0627\u0628\u0647\u0629","block_context":{"text":"\u062a\u062f\u0648\u064a\u0646\u0629 \u0645\u0634\u0627\u0628\u0647\u0629","link":""},"img":{"alt_text":"","src":"","width":0,"height":0},"classes":[]},{"id":2717,"url":"https:\/\/www.svu.edu.eg\/faculties\/agr\/fr\/projet-de-developpement-du-systeme-devaluation-des-etudiants-et-des-examens\/","url_meta":{"origin":4422,"position":2},"title":"Projet de d\u00e9veloppement du syst\u00e8me d\u2019\u00e9valuation des \u00e9tudiants et des examens","author":"omar","date":"\u0641\u0628\u0631\u0627\u064a\u0631 4, 2022","format":false,"excerpt":"Dans le cadre des efforts de l\u2019universit\u00e9 pour mettre en \u0153uvre des r\u00e8glements de qualit\u00e9 en coop\u00e9ration avec les universit\u00e9s \u00e9gyptiennes, il est n\u00e9cessaire d\u2019\u00e9valuer les \u00e9tudiants au niveau de licence et de baccalaur\u00e9at afin d\u2019atteindre les r\u00e9sultats scientifiques visant \u00e0 qualifier les dipl\u00f4m\u00e9s au plus haut niveau pour r\u00e9pondre\u2026","rel":"","context":"\u062a\u062f\u0648\u064a\u0646\u0629 \u0645\u0634\u0627\u0628\u0647\u0629","block_context":{"text":"\u062a\u062f\u0648\u064a\u0646\u0629 \u0645\u0634\u0627\u0628\u0647\u0629","link":""},"img":{"alt_text":"","src":"","width":0,"height":0},"classes":[]},{"id":4420,"url":"https:\/\/www.svu.edu.eg\/faculties\/agr\/fr\/communaute-scientifique\/","url_meta":{"origin":4422,"position":3},"title":"Communaut\u00e9 scientifique","author":"omar","date":"\u064a\u0646\u0627\u064a\u0631 31, 2022","format":false,"excerpt":"Le conseil de la facult\u00e9 compos\u00e9e de membres du corps professoral aux d\u00e9partements acad\u00e9mique participant \u00e0 un seul programme a form\u00e9 des \"services scientifiques\" internes, avec un maximum de deux membres de chaque d\u00e9partement. T\u00e2ches de communaut\u00e9 scientifique Les cours et toutes les questions p\u00e9dagogiques relatives \u00e0 ce programme leur\u2026","rel":"","context":"\u062a\u062f\u0648\u064a\u0646\u0629 \u0645\u0634\u0627\u0628\u0647\u0629","block_context":{"text":"\u062a\u062f\u0648\u064a\u0646\u0629 \u0645\u0634\u0627\u0628\u0647\u0629","link":""},"img":{"alt_text":"","src":"","width":0,"height":0},"classes":[]}],"_links":{"self":[{"href":"https:\/\/www.svu.edu.eg\/faculties\/agr\/wp-json\/wp\/v2\/pages\/4422"}],"collection":[{"href":"https:\/\/www.svu.edu.eg\/faculties\/agr\/wp-json\/wp\/v2\/pages"}],"about":[{"href":"https:\/\/www.svu.edu.eg\/faculties\/agr\/wp-json\/wp\/v2\/types\/page"}],"author":[{"embeddable":true,"href":"https:\/\/www.svu.edu.eg\/faculties\/agr\/wp-json\/wp\/v2\/users\/2"}],"replies":[{"embeddable":true,"href":"https:\/\/www.svu.edu.eg\/faculties\/agr\/wp-json\/wp\/v2\/comments?post=4422"}],"version-history":[{"count":1,"href":"https:\/\/www.svu.edu.eg\/faculties\/agr\/wp-json\/wp\/v2\/pages\/4422\/revisions"}],"predecessor-version":[{"id":4423,"href":"https:\/\/www.svu.edu.eg\/faculties\/agr\/wp-json\/wp\/v2\/pages\/4422\/revisions\/4423"}],"wp:attachment":[{"href":"https:\/\/www.svu.edu.eg\/faculties\/agr\/wp-json\/wp\/v2\/media?parent=4422"}],"curies":[{"name":"wp","href":"https:\/\/api.w.org\/{rel}","templated":true}]}}