{"id":4418,"date":"2022-01-31T19:39:42","date_gmt":"2022-01-31T19:39:42","guid":{"rendered":"http:\/\/www.svu.edu.eg\/faculties\/agr\/?page_id=4418"},"modified":"2022-01-31T19:43:00","modified_gmt":"2022-01-31T19:43:00","slug":"protection-des-etudiants","status":"publish","type":"page","link":"https:\/\/www.svu.edu.eg\/faculties\/agr\/fr\/protection-des-etudiants\/","title":{"rendered":"Protection des \u00e9tudiants"},"content":{"rendered":"<p><span style=\"font-size: 14pt;\"><strong>T\u00e2ches de l&#8217;administration<\/strong><\/span><\/p>\n<p>Superviser les activit\u00e9s sportives, sociales, culturelles, artistiques, scoutisme et service public.<\/p>\n<p>\u2022 Superviser les syndicats d\u2019\u00e9tudiants \u00e0 la facult\u00e9 et guider ses membres vers des objectifs qui d\u00e9veloppent des valeurs \u00e9thiques et une conscience nationale et les encouragent \u00e0 d\u00e9couvrir les talents de leurs coll\u00e8gues et \u00e0 d\u00e9velopper leurs capacit\u00e9s et comp\u00e9tences.<br \/>\nL&#8217;administration aide les \u00e9tudiants dans le besoin par le biais du Fonds de solidarit\u00e9 sociale apr\u00e8s avoir men\u00e9 les recherches sociales n\u00e9cessaires pour \u00e9tablir le statut socio-\u00e9conomique de l\u2019\u00e9tudiant.<br \/>\n\u2022 Les ma\u00eetres des travailleurs sociaux doivent faire connaissance entre les \u00e9tudiants de sexe masculin et de sexe f\u00e9minin afin qu\u2019ils puissent \u00eatre proches d\u2019eux afin de d\u00e9couvrir comment r\u00e9soudre leurs probl\u00e8mes afin que l\u2019\u00e9tudiant puisse avoir l\u2019impression de traiter avec sa famille et non de s\u2019en \u00e9loigner.<br \/>\n\u2022 Les \u00e9quipes sportives ont \u00e9t\u00e9 supervis\u00e9es par le superviseur sportif dans la formation de diverses \u00e9quipes d\u2019activit\u00e9s.<br \/>\n\u2022 L&#8217;administration m\u00e8ne des activit\u00e9s estivales et des entrevues avec des \u00e9tudiants et des \u00e9tudiantes.<\/p>\n<p><strong><span style=\"font-size: 14pt;\">Mission de l&#8217;administration<\/span><\/strong><\/p>\n<p>Entreprendre des t\u00e2ches administratives li\u00e9es au service social, culturel et sportif des \u00e9tudiants et fournir un environnement appropri\u00e9 pour les \u00e9tudiants de s\u2019engager dans des activit\u00e9s en dehors de la salle de classe pour d\u00e9velopper leurs talents.<\/p>\n","protected":false},"excerpt":{"rendered":"<p>T\u00e2ches de l&#8217;administration Superviser les activit\u00e9s sportives, sociales, culturelles, artistiques, scoutisme et service public. \u2022 Superviser les syndicats d\u2019\u00e9tudiants \u00e0 la facult\u00e9 et guider ses membres vers des objectifs qui [&hellip;]<\/p>\n","protected":false},"author":2,"featured_media":0,"parent":0,"menu_order":0,"comment_status":"closed","ping_status":"closed","template":"","meta":[],"jetpack_sharing_enabled":true,"jetpack-related-posts":[{"id":4468,"url":"https:\/\/www.svu.edu.eg\/faculties\/agr\/fr\/secteur-du-service-communautaire-et-le-developpement-environnemental\/lunite-de-formation\/","url_meta":{"origin":4418,"position":0},"title":"l&#8217;Unit\u00e9 de formation","author":"omar","date":"\u0641\u0628\u0631\u0627\u064a\u0631 1, 2022","format":false,"excerpt":"Vision de l\u2019unit\u00e9\u00a0: Excellence\u00a0 dans la prestation et l\u2019\u00e9valuation des programmes de formation pour les diverses cibles de la facult\u00e9 afin d\u2019assurer la r\u00e9alisation de la vision de la facult\u00e9. Mission de l\u2019unit\u00e9 : Dans le cadre de la mission de la facult\u00e9, l\u2019Unit\u00e9 s\u2019engage \u00e0 d\u00e9velopper les ressources humaines\u2026","rel":"","context":"\u062a\u062f\u0648\u064a\u0646\u0629 \u0645\u0634\u0627\u0628\u0647\u0629","block_context":{"text":"\u062a\u062f\u0648\u064a\u0646\u0629 \u0645\u0634\u0627\u0628\u0647\u0629","link":""},"img":{"alt_text":"","src":"","width":0,"height":0},"classes":[]},{"id":2640,"url":"https:\/\/www.svu.edu.eg\/faculties\/agr\/fr\/secteur-des-affaires-educatives-et-etudiantes\/","url_meta":{"origin":4418,"position":1},"title":"Affaires \u00e9ducatives et \u00e9tudiantes","author":"omar","date":"\u064a\u0646\u0627\u064a\u0631 30, 2022","format":false,"excerpt":"Secteur des affaires \u00e9ducatives et \u00e9tudiantes \u00a0Vice-recteur de la facult\u00e9 pour les affaires \u00e9ducatives et \u00e9tudiantes dirige les affaires des \u00e9tudiants et\u00a0 leur inscription \u00e0 leur licence. T\u00e2ches de l'administration des affaires \u00e9tudiantes la participation \u00e0 l\u2019\u00e9laboration de politiques sur les \u00e9tudes, les examens, l\u2019\u00e9ducation et les affaires \u00e9tudiantes. \u2022\u2026","rel":"","context":"\u062a\u062f\u0648\u064a\u0646\u0629 \u0645\u0634\u0627\u0628\u0647\u0629","block_context":{"text":"\u062a\u062f\u0648\u064a\u0646\u0629 \u0645\u0634\u0627\u0628\u0647\u0629","link":""},"img":{"alt_text":"","src":"","width":0,"height":0},"classes":[]},{"id":4425,"url":"https:\/\/www.svu.edu.eg\/faculties\/agr\/fr\/affaires-educatives-et-etudiantes\/","url_meta":{"origin":4418,"position":2},"title":"Affaires \u00e9ducatives et \u00e9tudiantes","author":"omar","date":"\u064a\u0646\u0627\u064a\u0631 31, 2022","format":false,"excerpt":"Secteur des affaires \u00e9ducatives et \u00e9tudiantes \u00a0Vice-recteur de la facult\u00e9 pour les affaires \u00e9ducatives et \u00e9tudiantes dirige les affaires des \u00e9tudiants et\u00a0 leur inscription \u00e0 leur licence. T\u00e2ches de l\u2019administration des affaires \u00e9tudiantes la participation \u00e0 l\u2019\u00e9laboration de politiques sur les \u00e9tudes, les examens, l\u2019\u00e9ducation et les affaires \u00e9tudiantes. \u2022\u2026","rel":"","context":"\u062a\u062f\u0648\u064a\u0646\u0629 \u0645\u0634\u0627\u0628\u0647\u0629","block_context":{"text":"\u062a\u062f\u0648\u064a\u0646\u0629 \u0645\u0634\u0627\u0628\u0647\u0629","link":""},"img":{"alt_text":"","src":"","width":0,"height":0},"classes":[]},{"id":2714,"url":"https:\/\/www.svu.edu.eg\/faculties\/agr\/fr\/unite-de-suivi-des-diplomes\/","url_meta":{"origin":4418,"position":3},"title":"Unit\u00e9 de suivi des dipl\u00f4m\u00e9s","author":"omar","date":"\u0641\u0628\u0631\u0627\u064a\u0631 2, 2022","format":false,"excerpt":"La vision Communication continue avec la soci\u00e9t\u00e9 en faisant un suivi aupr\u00e8s des dipl\u00f4m\u00e9s de la facult\u00e9 pour \u00e9laborer et am\u00e9liorer leurs cours afin de r\u00e9pondre aux exigences des march\u00e9s du travail locaux et r\u00e9gionaux. La mission Ouvrir les voies de communication entre la facult\u00e9 et ses dipl\u00f4m\u00e9s pour une\u2026","rel":"","context":"\u062a\u062f\u0648\u064a\u0646\u0629 \u0645\u0634\u0627\u0628\u0647\u0629","block_context":{"text":"\u062a\u062f\u0648\u064a\u0646\u0629 \u0645\u0634\u0627\u0628\u0647\u0629","link":""},"img":{"alt_text":"","src":"","width":0,"height":0},"classes":[]},{"id":4563,"url":"https:\/\/www.svu.edu.eg\/faculties\/agr\/fr\/projet-de-developpement-du-systeme-devaluation-des-etudiants-et-des-examens\/objectifs-de-lunite\/","url_meta":{"origin":4418,"position":4},"title":"objectifs de l&#8217;Unit\u00e9","author":"omar","date":"\u0641\u0628\u0631\u0627\u064a\u0631 4, 2022","format":false,"excerpt":"1- \u00c9tablissement d\u2019une unit\u00e9 \u00e0 la facult\u00e9 qui g\u00e8re, suit et fournit un soutien technique pour l\u2019orthographie des \u00e9tudiants \u00e0 la facult\u00e9 en conformit\u00e9 avec les r\u00e9sultats du centre pour le d\u00e9veloppement des syst\u00e8mes de calendrier \u00e9tudiant et des examens \u00e0 l\u2019Universit\u00e9 du Sud de la Vall\u00e9e. 2- Pr\u00e9paration d\u2019un\u2026","rel":"","context":"\u062a\u062f\u0648\u064a\u0646\u0629 \u0645\u0634\u0627\u0628\u0647\u0629","block_context":{"text":"\u062a\u062f\u0648\u064a\u0646\u0629 \u0645\u0634\u0627\u0628\u0647\u0629","link":""},"img":{"alt_text":"","src":"","width":0,"height":0},"classes":[]},{"id":2717,"url":"https:\/\/www.svu.edu.eg\/faculties\/agr\/fr\/projet-de-developpement-du-systeme-devaluation-des-etudiants-et-des-examens\/","url_meta":{"origin":4418,"position":5},"title":"Projet de d\u00e9veloppement du syst\u00e8me d\u2019\u00e9valuation des \u00e9tudiants et des examens","author":"omar","date":"\u0641\u0628\u0631\u0627\u064a\u0631 4, 2022","format":false,"excerpt":"Dans le cadre des efforts de l\u2019universit\u00e9 pour mettre en \u0153uvre des r\u00e8glements de qualit\u00e9 en coop\u00e9ration avec les universit\u00e9s \u00e9gyptiennes, il est n\u00e9cessaire d\u2019\u00e9valuer les \u00e9tudiants au niveau de licence et de baccalaur\u00e9at afin d\u2019atteindre les r\u00e9sultats scientifiques visant \u00e0 qualifier les dipl\u00f4m\u00e9s au plus haut niveau pour r\u00e9pondre\u2026","rel":"","context":"\u062a\u062f\u0648\u064a\u0646\u0629 \u0645\u0634\u0627\u0628\u0647\u0629","block_context":{"text":"\u062a\u062f\u0648\u064a\u0646\u0629 \u0645\u0634\u0627\u0628\u0647\u0629","link":""},"img":{"alt_text":"","src":"","width":0,"height":0},"classes":[]}],"_links":{"self":[{"href":"https:\/\/www.svu.edu.eg\/faculties\/agr\/wp-json\/wp\/v2\/pages\/4418"}],"collection":[{"href":"https:\/\/www.svu.edu.eg\/faculties\/agr\/wp-json\/wp\/v2\/pages"}],"about":[{"href":"https:\/\/www.svu.edu.eg\/faculties\/agr\/wp-json\/wp\/v2\/types\/page"}],"author":[{"embeddable":true,"href":"https:\/\/www.svu.edu.eg\/faculties\/agr\/wp-json\/wp\/v2\/users\/2"}],"replies":[{"embeddable":true,"href":"https:\/\/www.svu.edu.eg\/faculties\/agr\/wp-json\/wp\/v2\/comments?post=4418"}],"version-history":[{"count":1,"href":"https:\/\/www.svu.edu.eg\/faculties\/agr\/wp-json\/wp\/v2\/pages\/4418\/revisions"}],"predecessor-version":[{"id":4419,"href":"https:\/\/www.svu.edu.eg\/faculties\/agr\/wp-json\/wp\/v2\/pages\/4418\/revisions\/4419"}],"wp:attachment":[{"href":"https:\/\/www.svu.edu.eg\/faculties\/agr\/wp-json\/wp\/v2\/media?parent=4418"}],"curies":[{"name":"wp","href":"https:\/\/api.w.org\/{rel}","templated":true}]}}