{"id":4412,"date":"2022-01-31T05:08:59","date_gmt":"2022-01-31T05:08:59","guid":{"rendered":"http:\/\/www.svu.edu.eg\/faculties\/agr\/?page_id=4412"},"modified":"2022-01-31T05:09:12","modified_gmt":"2022-01-31T05:09:12","slug":"systeme-detudes-superieures","status":"publish","type":"page","link":"https:\/\/www.svu.edu.eg\/faculties\/agr\/fr\/systeme-detudes-superieures\/","title":{"rendered":"Syst\u00e8me d\u2019\u00e9tudes sup\u00e9rieures"},"content":{"rendered":"<p><span style=\"font-size: 14pt;\">\u00c0 la demande du Conseil de la facult\u00e9 d&#8217; agriculture, l\u2019Universit\u00e9 du Sud de la Vall\u00e9e d\u00e9cerne un dipl\u00f4me de sciences agricoles en (production agricole g\u00e9n\u00e9rale).<\/span><\/p>\n<p><span class=\"ng-star-inserted\" style=\"font-size: 14pt;\">&nbsp;\u00c9tude en classe &#8211; deux semestres par ann\u00e9e scolaire sur une p\u00e9riode de quatre ans.<br \/>\n\u2022 Un dipl\u00f4me d&#8217;\u00e9tudes sup\u00e9rieures en sciences agricoles (programme g\u00e9n\u00e9ral de production agricole) est exig\u00e9 pour r\u00e9ussir tous les cours au moins \u00e0 la mention bien.<\/span><\/p>\n","protected":false},"excerpt":{"rendered":"<p>\u00c0 la demande du Conseil de la facult\u00e9 d&#8217; agriculture, l\u2019Universit\u00e9 du Sud de la Vall\u00e9e d\u00e9cerne un dipl\u00f4me de sciences agricoles en (production agricole g\u00e9n\u00e9rale). &nbsp;\u00c9tude en classe &#8211; [&hellip;]<\/p>\n","protected":false},"author":2,"featured_media":0,"parent":0,"menu_order":0,"comment_status":"closed","ping_status":"closed","template":"","meta":[],"jetpack_sharing_enabled":true,"jetpack-related-posts":[{"id":2665,"url":"https:\/\/www.svu.edu.eg\/faculties\/agr\/fr\/programmes-educatifs\/","url_meta":{"origin":4412,"position":0},"title":"Programmes \u00e9ducatifs","author":"omar","date":"\u062f\u064a\u0633\u0645\u0628\u0631 26, 2020","format":false,"excerpt":"Les programmes \u00e9ducatifs de la facult\u00e9 d\u2019agriculture \u00e0 l'Universit\u00e9 du Sud de la vall\u00e9e pour le baccalaur\u00e9at et la licence sont les suivants: A- Baccalaur\u00e9at Un seul programme est : programme g\u00e9n\u00e9ral de production agricole. B- l'apprentissage ouvert (Baccalaur\u00e9at en sciences agricoles en administration de projets et technologie agricole (partenariat\u2026","rel":"","context":"\u062a\u062f\u0648\u064a\u0646\u0629 \u0645\u0634\u0627\u0628\u0647\u0629","block_context":{"text":"\u062a\u062f\u0648\u064a\u0646\u0629 \u0645\u0634\u0627\u0628\u0647\u0629","link":""},"img":{"alt_text":"","src":"","width":0,"height":0},"classes":[]},{"id":4611,"url":"https:\/\/www.svu.edu.eg\/faculties\/agr\/fr\/centre-de-recherche-et-dexperimentation-agricoles\/objectifs-de-lunite\/","url_meta":{"origin":4412,"position":1},"title":"Objectifs de l\u2019Unit\u00e9","author":"omar","date":"\u0641\u0628\u0631\u0627\u064a\u0631 4, 2022","format":false,"excerpt":"Reconstruction de terres d\u00e9sertiques \u00e0 l\u2019Universit\u00e9 du Sud de la Vall\u00e9e avec des arbres, des r\u00e9coltes agricoles, les plantes et les animaux. Coop\u00e9ration avec des exp\u00e9riences scientifiques sp\u00e9cialis\u00e9es dans: - Extension de l\u2019espace vert dans les vastes zones d\u00e9sertiques appartenant \u00e0 l\u2019Universit\u00e9. - entreprendre des projets industriels compl\u00e9mentaires \u00e0 la\u2026","rel":"","context":"\u062a\u062f\u0648\u064a\u0646\u0629 \u0645\u0634\u0627\u0628\u0647\u0629","block_context":{"text":"\u062a\u062f\u0648\u064a\u0646\u0629 \u0645\u0634\u0627\u0628\u0647\u0629","link":""},"img":{"alt_text":"","src":"","width":0,"height":0},"classes":[]},{"id":4593,"url":"https:\/\/www.svu.edu.eg\/faculties\/agr\/fr\/projets-de-participation-des-etudiants\/developpement-de-la-technologie-des-plants-de-recoltes\/","url_meta":{"origin":4412,"position":2},"title":"D\u00e9veloppement de la technologie des plants de r\u00e9coltes","author":"omar","date":"\u0641\u0628\u0631\u0627\u064a\u0631 4, 2022","format":false,"excerpt":"La province de Q\u00e9na est l\u2019une des provinces les plus prometteuses dans la production agricole en g\u00e9n\u00e9ral et la production de l\u00e9gumes en particulier en raison de son vaste fond d\u00e9sertique et le climat propice \u00e0 la production de divers produits agricoles et de la disponibilit\u00e9 de la main-d\u2019\u0153uvre. Les\u2026","rel":"","context":"\u062a\u062f\u0648\u064a\u0646\u0629 \u0645\u0634\u0627\u0628\u0647\u0629","block_context":{"text":"\u062a\u062f\u0648\u064a\u0646\u0629 \u0645\u0634\u0627\u0628\u0647\u0629","link":""},"img":{"alt_text":"","src":"","width":0,"height":0},"classes":[]},{"id":4388,"url":"https:\/\/www.svu.edu.eg\/faculties\/agr\/fr\/vision-et-mission-du-departement-de-protection-phytosanitaire\/","url_meta":{"origin":4412,"position":3},"title":"Vision et Mission du d\u00e9partement de protection phytosanitaire","author":"omar","date":"\u064a\u0646\u0627\u064a\u0631 29, 2022","format":false,"excerpt":"Vision du d\u00e9partement D\u00e9partement de la protection phytosanitaire cherche \u00e0 devenir un d\u00e9partement scientifique de premier plan et distingu\u00e9 dans le domaine de l\u2019\u00e9ducation, de la recherche scientifique, du service communautaire et de la protection de l\u2019environnement par les membres du corps professoral, les \u00e9tudiants des \u00e9tudes sup\u00e9rieures et dipl\u00f4m\u00e9s\u2026","rel":"","context":"\u062a\u062f\u0648\u064a\u0646\u0629 \u0645\u0634\u0627\u0628\u0647\u0629","block_context":{"text":"\u062a\u062f\u0648\u064a\u0646\u0629 \u0645\u0634\u0627\u0628\u0647\u0629","link":""},"img":{"alt_text":"","src":"","width":0,"height":0},"classes":[]},{"id":4471,"url":"https:\/\/www.svu.edu.eg\/faculties\/agr\/fr\/secteur-du-service-communautaire-et-le-developpement-environnemental\/securite-et-hygiene\/","url_meta":{"origin":4412,"position":4},"title":"S\u00e9curit\u00e9 et Hygi\u00e8ne","author":"omar","date":"\u0641\u0628\u0631\u0627\u064a\u0631 1, 2022","format":false,"excerpt":"La s\u00e9curit\u00e9 et la sant\u00e9 au travail sont d\u00e9finies comme la science qui vise \u00e0 pr\u00e9server la s\u00e9curit\u00e9 et la sant\u00e9 des personnes en fournissant des environnements de travail s\u00fbrs, exempts d\u2019accidents du travail, de blessures ou de maladies, c\u2019est-\u00e0-dire un ensemble de proc\u00e9dures, des r\u00e8gles et des r\u00e8glements dans\u2026","rel":"","context":"\u062a\u062f\u0648\u064a\u0646\u0629 \u0645\u0634\u0627\u0628\u0647\u0629","block_context":{"text":"\u062a\u062f\u0648\u064a\u0646\u0629 \u0645\u0634\u0627\u0628\u0647\u0629","link":""},"img":{"alt_text":"","src":"","width":0,"height":0},"classes":[]},{"id":2720,"url":"https:\/\/www.svu.edu.eg\/faculties\/agr\/fr\/nouvelle-maitrise-en-protection-durable-des-recoltes\/","url_meta":{"origin":4412,"position":5},"title":"Nouvelle ma\u00eetrise en protection durable des r\u00e9coltes","author":"omar","date":"\u0641\u0628\u0631\u0627\u064a\u0631 4, 2022","format":false,"excerpt":"Le programme est l'introduction de d\u00e9veloppement des \u00e9tudes sup\u00e9rieures dans l'enseignement agricole durable \u00e0 l'Universit\u00e9 du Sud de la vall\u00e9e et de facult\u00e9\u00a0 d\u2019Agriculture d'Universit\u00e9\u00a0 d\u2019Al-Zaqazeq, Mansoura, Ain Shams, Canal de Suez, Kafr Sheikh et Assiout en association avec les universit\u00e9s europ\u00e9ennes.","rel":"","context":"\u062a\u062f\u0648\u064a\u0646\u0629 \u0645\u0634\u0627\u0628\u0647\u0629","block_context":{"text":"\u062a\u062f\u0648\u064a\u0646\u0629 \u0645\u0634\u0627\u0628\u0647\u0629","link":""},"img":{"alt_text":"","src":"","width":0,"height":0},"classes":[]}],"_links":{"self":[{"href":"https:\/\/www.svu.edu.eg\/faculties\/agr\/wp-json\/wp\/v2\/pages\/4412"}],"collection":[{"href":"https:\/\/www.svu.edu.eg\/faculties\/agr\/wp-json\/wp\/v2\/pages"}],"about":[{"href":"https:\/\/www.svu.edu.eg\/faculties\/agr\/wp-json\/wp\/v2\/types\/page"}],"author":[{"embeddable":true,"href":"https:\/\/www.svu.edu.eg\/faculties\/agr\/wp-json\/wp\/v2\/users\/2"}],"replies":[{"embeddable":true,"href":"https:\/\/www.svu.edu.eg\/faculties\/agr\/wp-json\/wp\/v2\/comments?post=4412"}],"version-history":[{"count":2,"href":"https:\/\/www.svu.edu.eg\/faculties\/agr\/wp-json\/wp\/v2\/pages\/4412\/revisions"}],"predecessor-version":[{"id":4414,"href":"https:\/\/www.svu.edu.eg\/faculties\/agr\/wp-json\/wp\/v2\/pages\/4412\/revisions\/4414"}],"wp:attachment":[{"href":"https:\/\/www.svu.edu.eg\/faculties\/agr\/wp-json\/wp\/v2\/media?parent=4412"}],"curies":[{"name":"wp","href":"https:\/\/api.w.org\/{rel}","templated":true}]}}