


{"id":16342,"date":"2020-01-19T14:47:53","date_gmt":"2020-01-19T12:47:53","guid":{"rendered":"http:\/\/new.svu.edu.eg\/ar\/?page_id=16342"},"modified":"2020-01-19T14:47:58","modified_gmt":"2020-01-19T12:47:58","slug":"%d8%a7%d9%84%d8%a3%d8%a8%d8%ad%d8%a7%d8%ab","status":"publish","type":"page","link":"https:\/\/www.svu.edu.eg\/ar\/vice-stud\/%d8%a7%d9%84%d8%a3%d8%a8%d8%ad%d8%a7%d8%ab\/","title":{"rendered":"\u0627\u0644\u0623\u0628\u062d\u0627\u062b"},"content":{"rendered":"<p>&nbsp;<\/p>\n<p>\u0628\u062d\u062b \u0628\u0639\u0646\u0648\u0627\u0646: &#8220;\u0642\u0631\u0627\u0621\u0629 \u0646\u0642\u062f\u064a\u0629 \u0641\u064a \u0645\u0642\u0627\u0645\u0627\u062a \u0627\u0628\u0646 \u0646\u0627\u0642\u064a\u0627&#8221;\u0645\u0646\u0634\u0648\u0631 \u0628\u0645\u062c\u0644\u0629 \u0635\u062d\u064a\u0641\u0629 \u062f\u0627\u0631 \u0627\u0644\u0639\u0644\u0648\u0645 (\u062c\u0627\u0645\u0639\u0629 \u0627\u0644\u0642\u0627\u0647\u0631\u0629)- \u0627\u0644\u0625\u0635\u062f\u0627\u0631 \u0627\u0644\u0631\u0627\u0628\u0639 &#8211; \u0627\u0644\u0633\u0646\u0629 \u0627\u0644\u062b\u0627\u0646\u064a\u0629 (\u0623\u0628\u0631\u064a\u0644 1994 \u0635 162-177).<\/p>\n<p>\u0628\u062d\u062b \u0628\u0639\u0646\u0648\u0627\u0646: &#8220;\u062f\u0631\u0627\u0633\u0629 \u0646\u0642\u062f\u064a\u0629 \u0644\u062f\u064a\u0648\u0627\u0646 \u062a\u0642\u0627\u0633\u064a\u0645 \u0639 \u0627\u0644\u0631\u0628\u0627\u0628\u0629&#8221; \u0645\u0646\u0634\u0648\u0631 \u0641\u064a \u0633\u0644\u0633\u0644\u0629 \u0625\u0634\u0631\u0627\u0642\u0627\u062a \u0623\u062f\u0628\u064a\u0629\u060c \u0637. \u0627\u0644\u0647\u064a\u0626\u0629 \u0627\u0644\u0645\u0635\u0631\u064a\u0629 \u0627\u0644\u0639\u0627\u0645\u0629 \u0644\u0644\u0643\u062a\u0627\u0628 (\u0623\u063a\u0633\u0637\u0633 1993 \u0635 \u0635 109-126).<\/p>\n<p>\u0628\u062d\u062b \u0628\u0639\u0646\u0648\u0627\u0646&#8221;\u0635\u0648\u0631\u0629 \u0627\u0644\u0639\u0627\u0644\u0645 \u0627\u0644\u0622\u062e\u0631 \u0639\u0646\u062f \u0623\u0628\u064a \u0627\u0644\u0639\u0644\u0627\u0621 \u0627\u0644\u0645\u0639\u0631\u064a \u0648\u0645\u064a\u0634\u0627\u0626\u064a\u0644 \u0625\u0646\u062f\u0647 Michael Ende \u060c \u0645\u062c\u0644\u0629 \u0643\u0644\u064a\u0629 \u0627\u0644\u0622\u062f\u0627\u0628 \u0627\u0644\u0639\u062f\u062f \u0627\u0644\u062b\u0627\u0645\u0646 \u060c\u062c\u0627\u0645\u0639\u0629 \u0637\u0646\u0637\u0627 &#8211; \u064a\u0646\u0627\u064a\u0631 1995.\u0635 \u0635 1-18<\/p>\n<p>\u0628\u062d\u062b \u0628\u0639\u0646\u0648\u0627\u0646 &#8220;\u0627\u0644\u0628\u0646\u064a\u0629 \u0627\u0644\u0631\u0648\u0627\u0626\u064a\u0629 \u0641\u064a \u0627\u0644\u0634\u0645\u0646\u062f\u0648\u0631\u0629&#8221; (31 \u0635\u0641\u062d\u0629) \u060c \u0645\u062c\u0644\u0629 \u0643\u0644\u064a\u0629 \u0627\u0644\u0622\u062f\u0627\u0628 \/ \u062c\u0627\u0645\u0639\u0629 \u0627\u0644\u0642\u0627\u0647\u0631\u0629 \u0645\u062c\u0644\u062f 55 \u0639\u062f\u062f 3 \u064a\u0648\u0644\u064a\u0647 1995 \u0635 \u0635 99-137.<\/p>\n<p>\u0628\u062d\u062b \u0628\u0639\u0646\u0648\u0627\u0646 &#8220;\u0627\u0644\u0633\u0627\u0626\u0631\u0648\u0646 \u0646\u064a\u0627\u0645\u0627\u064b \u0648\u0633\u0639\u062f \u0645\u0643\u0627\u0648\u064a \u0627\u0644\u0633\u0627\u0626\u0631 \u064a\u0642\u0638\u0627\u064b \u0641\u064a \u0631\u0643\u0628 \u0627\u0644\u062a\u0627\u0631\u064a\u062e&#8221;\u060c \u0645\u062c\u0644\u0629 \u0643\u0644\u064a\u0629 \u0627\u0644\u0622\u062f\u0627\u0628 \u060c \u062c\u0627\u0645\u0639\u0629 \u0637\u0646\u0637\u0627 \u060c \u0645\u062c\u0644\u0629 \u0643\u0644\u064a\u0629 \u0627\u0644\u0622\u062f\u0627\u0628 \u0627\u0644\u0639\u062f\u062f \u0627\u0644\u062b\u0627\u0645\u0646 \u060c\u062c\u0627\u0645\u0639\u0629 \u0637\u0646\u0637\u0627 &#8211; \u064a\u0646\u0627\u064a\u0631 1995.\u0635 \u0635 200-220.<\/p>\n<p>\u0628\u062d\u062b \u0628\u0639\u0646\u0648\u0627\u0646:&#8221; \u0645\u0648\u062a \u0627\u0644\u0646\u0635 \u060c \u0627\u0644\u0646\u0635 \u0648 \u0627\u0644\u0646\u0635 \u0627\u0644\u0645\u0636\u0627\u062f \u0648 \u0627\u0644\u0646\u0635 \u0627\u0644\u0638\u0644 \u0646\u0638\u0631\u064a\u0629 \u0648 \u062a\u0637\u0628\u064a\u0642\u064a\u0627\u064b&#8221; \u0645\u062c\u0644\u0629 \u0627\u0644\u0622\u062f\u0627\u0628 \/ \u0628\u064a\u0631\u0648\u062a \u060c \u0644\u0628\u0646\u0627\u0646 \u2013\u0627\u0644\u0639\u062f\u062f 1\/2 \u0643\u0627\u0646\u0648\u0646 \u0627\u0644\u062b\u0627\u0646\u064a (\u064a\u0646\u0627\u064a\u0631)-\u0634\u0628\u0627\u0637 (\u0641\u0628\u0631\u0627\u064a\u0631) 1998- \u0627\u0644\u0633\u0646\u0629 46 \u0635 \u0635 44- 50<\/p>\n<p>\u0628\u062d\u062b \u0628\u0639\u0646\u0648\u0627\u0646 : &#8221; \u0627\u0644\u0627\u0633\u062a\u0634\u0631\u0627\u0642 \u0627\u0644\u0623\u0644\u0645\u0627\u0646\u064a \u0627\u0644\u0645\u0639\u0627\u0635\u0631 &#8221; \u0646\u064f\u0634\u0631 \u0628\u0645\u062c\u0644\u0629 ( \u0622\u0641\u0627\u0642 \u0627\u0644\u062b\u0642\u0627\u0641\u0629 \u0648 \u0627\u0644\u062a\u0631\u0627\u062b) \u0627\u0644\u062a\u064a \u062a\u0635\u062f\u0631 \u0639\u0646 \u0645\u0631\u0643\u0632 \u062c\u0645\u0639\u0629 \u0627\u0644\u0645\u0627\u062c\u062f \u0644\u0644\u062b\u0642\u0627\u0641\u0629 \u0648 \u0627\u0644\u062a\u0631\u0627\u062b \u0628\u062f\u0628\u064a .(\u0627\u0644\u0633\u0646\u0629 \u0627\u0644\u0633\u0627\u062f\u0633\u0629 \u060c \u0627\u0644\u0639\u062f\u062f\u0627\u0646 \u0627\u0644\u062b\u0627\u0646\u064a \u0648\u0627\u0644\u0639\u0634\u0631\u0648\u0646 \u0648\u0627\u0644\u062b\u0627\u0644\u062b \u0648\u0627\u0644\u0639\u0634\u0631\u0648\u0646 \u060c \u062c\u0645\u0627\u062f\u0649 \u0627\u0644\u062b\u0627\u0646\u064a\u0629 1419\u0647\u0640=\u0623\u0643\u062a\u0648\u0628\u0631 1998)<\/p>\n<p>\u0628\u062d\u062b \u0628\u0639\u0646\u0648\u0627\u0646 : Die nubische Erzaelliteratur und ihr politische Bedeutung 2 \u201c<\/p>\n<p>&#8221; \u0627\u0644\u0623\u062f\u0628 \u0627\u0644\u0646\u0648\u0628\u064a \u0648 \u062f\u0648\u0631\u0647 \u0627\u0644\u0633\u064a\u0627\u0633\u064a 2&#8243; \u0628\u062c\u0627\u0645\u0639\u0629 \u0628\u0648\u0646 \u060c\u0623 \u0644\u0645\u0627\u0646\u064a\u0627 \u2013 \u0627\u0644\u0645\u0624\u062a\u0645\u0631 \u0627\u0644\u0633\u0627\u0628\u0639 \u0648 \u0627\u0644\u0639\u0634\u0631\u064a\u0646 \u0644\u062c\u0645\u0639\u064a\u0629 \u0627\u0644\u0645\u0633\u062a\u0634\u0631\u0642\u064a\u0646 \u0627\u0644\u0623\u0644\u0645\u0627\u0646 (28.9-2.10.1998)<\/p>\n<p>\u0628\u062d\u062b \u0628\u0627\u0644\u0644\u063a\u0629 \u0627\u0644\u0623\u0644\u0645\u0627\u0646\u064a\u0629 \u0628\u0639\u0646\u0648\u0627\u0646:<\/p>\n<p>&#8220;&#8230; denn die Vernunft ist ein Prophet. Zweifel bei Abu &#8216;l-Ala&#8217; al-Ma arri&#8221; \u0641\u064a \u0645\u062c\u0644\u0629HERZOG AUGUT BIBLIOTHEK WOLFENB\u00dcTTEL Forschungsn \u2013und Studienst\u00e4tte f\u0171r europ\u00e4ische Kulturgeschichte, November 1999 ( SS . 61-84)<\/p>\n<p>\u0628\u062d\u062b \u0628\u0627\u0644\u0644\u063a\u0629 \u0627\u0644\u0623\u0644\u0645\u0627\u0646\u064a\u0629 \u0628\u0639\u0646\u0648\u0627\u0646:<\/p>\n<p>aber wann findet das Herz Ruhe, solange es klopft? Amal Dunqul, der Mensch und der Dichter\u201d<\/p>\n<p>(25 Seiten)<\/p>\n<p>&#8220;\u0645\u0648\u062a \u0627\u0644\u0646\u0635&#8221; \u0641\u064a \u0643\u062a\u0627\u0628 \u0623\u0628\u062d\u0627\u062b \u0627\u0644\u0645\u0624\u062a\u0645\u0631 \u0627\u0644\u062f\u0648\u0644\u064a \u0627\u0644\u0623\u0648\u0644 \u0644\u0644\u0646\u0642\u062f \u0627\u0644\u0623\u062f\u0628\u064a \u061b \u0627\u0644\u0646\u0642\u062f \u0627\u0644\u0623\u062f\u0628\u064a \u0641\u064a \u0645\u0646\u0639\u0637\u0641 \u0627\u0644\u0642\u0631\u0646 &#8220;\u0627\u0644\u0646\u0638\u0631\u064a\u0629 \u0627\u0644\u0623\u062f\u0628\u064a\u0629 \u0648\u062a\u062d\u0648\u0644\u0627\u062a\u0647\u0627&#8221;- \u062c\u0627\u0645\u0639\u0629 \u0639\u064a\u0646 \u0634\u0645\u0633 &#8211; \u0627\u0644\u0642\u0627\u0647\u0631\u0629 1999 \u0635 \u0635 113-126<\/p>\n<p>&#8220;\u0623\u062f\u0628\u064a\u0627\u062a \u0627\u0644\u0643\u0631\u0627\u0645\u0629 \u0628\u062d\u062b \u0628\u0639\u0646\u0648\u0627\u0646 &#8220;\u0623\u062f\u0628\u064a\u0627\u062a \u0627\u0644\u0643\u0631\u0627\u0645\u0629 \u0627\u0644\u0635\u0648\u0641\u064a\u0629 \u060c \u062f\u0631\u0627\u0633\u0629 \u0641\u064a \u0627\u0644\u0634\u0643\u0644 \u0648\u0627\u0644\u0645\u0636\u0645\u0648\u0646&#8221;\u0623\u064f\u0644\u0642\u064a \u0628\u0646\u062f\u0648\u0629 \u0627\u0644\u062a\u062c\u0631\u0628\u0629 \u0627\u0644\u0635\u0648\u0641\u064a\u0629 \u0628\u064a\u0646 \u0627\u0644\u0641\u0646 \u0648\u0627\u0644\u0641\u0644\u0633\u0641\u0629 \u0628\u0643\u0644\u064a\u0629 \u0627\u0644\u0622\u062f\u0627\u0628 \u0628\u062c\u0627\u0645\u0639\u0629 \u0639\u064a\u0646 \u0634\u0645\u0633(9-10 \u0623\u0628\u0631\u064a\u0644 2000) \u0648\u0646\u064f\u0634\u0631 \u0641\u064a \u0643\u062a\u0627\u0628 \u0627\u0644\u0645\u0624\u062a\u0645\u0631[\u0635 \u0635 169 -211]<\/p>\n<p>&#8220;\u0646\u0638\u0631\u064a\u0629 \u0627\u0644\u0634\u0643 \u0639\u0646\u062f \u0623\u0628\u064a \u0627\u0644\u0639\u0644\u0627\u0621 \u0627\u0644\u0645\u0639\u0631\u064a &#8221; \u0627\u0644\u0639\u062f\u062f \u0627\u0644\u062b\u0627\u0646\u064a \u0645\u0646 \u0627\u0644\u0645\u062c\u0644\u0629 \u0627\u0644\u0625\u0644\u0643\u062a\u0631\u0648\u0646\u064a\u0629 &#8220;\u0645\u0646\u0628\u0631&#8221; \u0627\u0644\u062a\u064a \u064a\u0635\u062f\u0631\u0647\u0627 \u0645\u0646\u0628\u0631 \u0627\u0628\u0646 \u0631\u0634\u062f \u0644\u0644\u0641\u0643\u0631 \u2013 \u0623\u0644\u0645\u0627\u0646\u064a\u0627 \u2013 2001<\/p>\n<p>&#8221; \u0625\u0637\u0644\u0627\u0644\u0629 \u0639\u0644\u0649 \u0627\u0644\u0634\u0639\u0631 \u0627\u0644\u0625\u0645\u0627\u0631\u0627\u062a\u064a&#8221; \u0645\u062c\u0644\u0629 \u0627\u0644\u0631\u0627\u0641\u062f \u2013 (\u0635 \u0635 54-57) \u0627\u0644\u0639\u062f\u062f 66 \u2013\u0641\u0628\u0631\u0627\u064a\u0631 2003<\/p>\n<p>&#8220;\u0641\u0627\u0648\u0633\u062a \u0627\u0644\u0646\u0635 \u0627\u0644\u0645\u0647\u064a\u0645\u0646 \u0641\u064a \u0627\u0644\u0623\u062f\u0628 \u0627\u0644\u0639\u0631\u0628\u064a&#8221;\u0645\u062c\u0644\u0629 \u0643\u0644\u064a\u0629 \u0627\u0644\u0622\u062f\u0627\u0628 \/ \u062c\u0627\u0645\u0639\u0629 \u0627\u0644\u0642\u0627\u0647\u0631\u0629 \u0627\u0644\u0645\u062c\u0644\u062f 62 \u0627\u0644\u0639\u062f\u062f 3 (\u0627\u0644\u0622\u062f\u0627\u0628 \u0648\u0639\u0644\u0648\u0645 \u0627\u0644\u0644\u063a\u0629)\u060c\u064a\u0648\u0644\u064a\u0648 2002(\u0635 \u0635 81-137)<\/p>\n<p>&#8220;\u0634\u062c\u0627\u0639\u0629 \u0627\u0644\u0639\u0631\u0628\u064a\u0629 \u0627\u0644\u0627\u0644\u062a\u0641\u0627\u062a \u061b \u0645\u0646\u0647\u062c\u062a\u064f\u0647 \u0648\u062a\u0637\u0628\u064a\u0642\u0647 \u0628\u0644\u0627\u063a\u0629 \u0648\u0646\u0642\u062f\u0627&#8221; \u0645\u062c\u0644\u0629 \u0643\u0644\u064a\u0629 \u062f\u0627\u0631 \u0627\u0644\u0639\u0644\u0648\u0645 \u0628\u062c\u0627\u0645\u0639\u0629 \u0627\u0644\u0642\u0627\u0647\u0631\u0629.( \u0627\u0644\u0639\u062f\u062f 31-\u064a\u0646\u0627\u064a\u0631 2004) (\u0635 \u0635 485-552)<\/p>\n<p>&#8220;\u0627\u0644\u062e\u0636\u0631 \u0641\u064a \u0627\u0644\u062a\u0631\u0627\u062b \u0627\u0644\u0646\u0642\u062f\u064a \u0648\u0627\u0644\u0623\u062f\u0628 \u0627\u0644\u0639\u0627\u0644\u0645\u064a&#8221; \u0645\u062c\u0644\u0629 \u0643\u0644\u064a\u0629 \u062f\u0627\u0631 \u0627\u0644\u0639\u0644\u0648\u0645 \u0628\u062c\u0627\u0645\u0639\u0629 \u0627\u0644\u0642\u0627\u0647\u0631\u0629.( \u0627\u0644\u0639\u062f\u062f 32- 2004)<\/p>\n<p>&#8220;\u0627\u0644\u0646\u0642\u062f \u0627\u0644\u0623\u062f\u0628\u064a \u0627\u0644\u0628\u064a\u0626\u064a\u061b \u0627\u0644\u0646\u0638\u0631\u064a\u0629 \u0648\u0627\u0644\u062a\u0637\u0628\u064a\u0642&#8221; \u0646\u064f\u0634\u0631 \u0628\u0645\u062c\u0644\u0629 \u0643\u0644\u064a\u0629 \u0627\u0644\u0639\u0644\u0648\u0645 \u0627\u0644\u0625\u0646\u0633\u0627\u0646\u064a\u0629 \u0648\u0627\u0644\u0627\u062c\u062a\u0645\u0627\u0639\u064a\u0629 \u0628\u062c\u0627\u0645\u0639\u0629 \u0627\u0644\u0625\u0645\u0627\u0631\u0627\u062a \u0627\u0644\u0639\u0631\u0628\u064a\u0629 2005<\/p>\n<p>&#8221; \u0627\u0644\u0639\u0631\u0628 \u0648\u0623\u0644\u0645\u0627\u0646\u064a\u0627 \u0648\u062f\u0648\u0631 \u0627\u0644\u0645\u0633\u062a\u0634\u0631\u0642\u064a\u0646 \u0627\u0644\u0623\u0644\u0645\u0627\u0646 \u0627\u0644\u062b\u0642\u0627\u0641\u064a \u0648\u0627\u0644\u0646\u0642\u062f\u064a&#8221; \u0643\u062a\u0627\u0628 \u0645\u0624\u062a\u0645\u0631 &#8221; \u0645\u0646\u0627\u0647\u062c \u0627\u0644\u062a\u062c\u062f\u064a\u062f \u0641\u064a \u0627\u0644\u0639\u0644\u0648\u0645 \u0627\u0644\u0625\u0633\u0644\u0627\u0645\u064a\u0629 \u0648\u0627\u0644\u0639\u0631\u0628\u064a\u0629&#8221; \u0628\u062c\u0627\u0645\u0639\u0629 \u0627\u0644\u0645\u0646\u064a\u0627 \u0628\u0627\u0644\u0627\u0634\u062a\u0631\u0627\u0643 \u0645\u0639 \u0631\u0627\u0628\u0637\u0629 \u0627\u0644\u062c\u0627\u0645\u0639\u0627\u062a \u0627\u0644\u0625\u0633\u0644\u0627\u0645\u064a\u0629\u060c 5-7\/2005<\/p>\n<p>&#8220;\u0627\u0644\u062e\u0636\u0631 \u0628\u064a\u0646 \u0631\u064a\u0643\u0631\u062a Ruckert \u0648\u0627\u0644\u0642\u0632\u0648\u064a\u0646\u064a \u060c \u0645\u062c\u0644\u0629 \u0634\u0624\u0648\u0646 \u0623\u062f\u0628\u064a\u0629 \u060c \u0627\u0644\u0639\u062f\u062f 48\u060c \u0627\u0644\u0633\u0646\u0629 \u0627\u0644\u062b\u0627\u0645\u0646\u0629 \u060c \u0641\u0628\u0631\u0627\u064a\u0631 2005<\/p>\n<p>&#8220;\u0623\u0633\u0626\u0644\u0629 \u0627\u0644\u0639\u0644\u0627\u0642 \u0627\u0644\u0634\u0639\u0631\u064a\u0629&#8221; \u0627\u0644\u0623\u062f\u064a\u0628\u060c \u0627\u0644\u0639\u062f\u062f 98\u060c\u0627\u0644\u0633\u0646\u0629 \u0627\u0644\u062b\u0627\u0646\u064a\u0629\u060c \u0627\u0644\u0639\u0631\u0627\u0642 30\/11\/2005<\/p>\n","protected":false},"excerpt":{"rendered":"<p>&nbsp; \u0628\u062d\u062b \u0628\u0639\u0646\u0648\u0627\u0646: &#8220;\u0642\u0631\u0627\u0621\u0629 \u0646\u0642\u062f\u064a\u0629 \u0641\u064a \u0645\u0642\u0627\u0645\u0627\u062a \u0627\u0628\u0646 \u0646\u0627\u0642\u064a\u0627&#8221;\u0645\u0646\u0634\u0648\u0631 \u0628\u0645\u062c\u0644\u0629 \u0635\u062d\u064a\u0641\u0629 \u062f\u0627\u0631 \u0627\u0644\u0639\u0644\u0648\u0645 (\u062c\u0627\u0645\u0639\u0629&#8230;<a href=\"https:\/\/www.svu.edu.eg\/ar\/vice-stud\/%d8%a7%d9%84%d8%a3%d8%a8%d8%ad%d8%a7%d8%ab\/\">\u0627\u0644\u0645\u0632\u064a\u062f <\/a><\/p>\n","protected":false},"author":1,"featured_media":0,"parent":16314,"menu_order":0,"comment_status":"closed","ping_status":"closed","template":"","meta":{"footnotes":""},"class_list":["post-16342","page","type-page","status-publish","hentry"],"_links":{"self":[{"href":"https:\/\/www.svu.edu.eg\/ar\/wp-json\/wp\/v2\/pages\/16342","targetHints":{"allow":["GET"]}}],"collection":[{"href":"https:\/\/www.svu.edu.eg\/ar\/wp-json\/wp\/v2\/pages"}],"about":[{"href":"https:\/\/www.svu.edu.eg\/ar\/wp-json\/wp\/v2\/types\/page"}],"author":[{"embeddable":true,"href":"https:\/\/www.svu.edu.eg\/ar\/wp-json\/wp\/v2\/users\/1"}],"replies":[{"embeddable":true,"href":"https:\/\/www.svu.edu.eg\/ar\/wp-json\/wp\/v2\/comments?post=16342"}],"version-history":[{"count":1,"href":"https:\/\/www.svu.edu.eg\/ar\/wp-json\/wp\/v2\/pages\/16342\/revisions"}],"predecessor-version":[{"id":16344,"href":"https:\/\/www.svu.edu.eg\/ar\/wp-json\/wp\/v2\/pages\/16342\/revisions\/16344"}],"up":[{"embeddable":true,"href":"https:\/\/www.svu.edu.eg\/ar\/wp-json\/wp\/v2\/pages\/16314"}],"wp:attachment":[{"href":"https:\/\/www.svu.edu.eg\/ar\/wp-json\/wp\/v2\/media?parent=16342"}],"curies":[{"name":"wp","href":"https:\/\/api.w.org\/{rel}","templated":true}]}}