{"id":4688,"date":"2020-12-30T08:48:28","date_gmt":"2020-12-30T08:48:28","guid":{"rendered":"http:\/\/www.svu.edu.eg\/faculties\/vet\/?page_id=4688"},"modified":"2022-01-02T10:30:53","modified_gmt":"2022-01-02T10:30:53","slug":"plus-de-departements","status":"publish","type":"page","link":"http:\/\/www.svu.edu.eg\/faculties\/vet\/fr\/plus-de-departements\/","title":{"rendered":"Plus de d\u00e9partements"},"content":{"rendered":"\n<p class=\"has-background has-medium-font-size has-pale-cyan-blue-background-color\"><a href=\"http:\/\/www.svu.edu.eg\/faculties\/vet\/fr\/departments\/departement-dhistologie\/\"><strong>D\u00e9partement d\u2019histologie<\/strong><\/a><\/p>\n\n\n\n<p class=\"has-background has-medium-font-size has-pale-cyan-blue-background-color\"><a href=\"http:\/\/www.svu.edu.eg\/faculties\/vet\/fr\/departments\/departement-de-biochimie\/\"><strong>D\u00e9partement de biochimie<\/strong><\/a><\/p>\n\n\n\n<p class=\"has-background has-medium-font-size has-pale-cyan-blue-background-color\"><a href=\"http:\/\/www.svu.edu.eg\/faculties\/vet\/fr\/departments\/departement-dhygiene-alimentaire\/\"><strong>D\u00e9partement d\u2019hygi\u00e8ne alimentaire<\/strong><\/a><\/p>\n\n\n\n<p class=\"has-background has-medium-font-size has-pale-cyan-blue-background-color\"><a href=\"http:\/\/www.svu.edu.eg\/faculties\/vet\/fr\/departments\/departement-danatomie-2\/\"><strong>D\u00e9partement d\u2019anatomie<\/strong><\/a><\/p>\n\n\n\n<p class=\"has-background has-medium-font-size has-pale-cyan-blue-background-color\"><a href=\"http:\/\/www.svu.edu.eg\/faculties\/vet\/fr\/departments\/departement-des-produits-pharmaceutiques\/\"><strong>D\u00e9partement pharmaceutique<\/strong><\/a><\/p>\n\n\n\n<p class=\"has-background has-medium-font-size has-pale-cyan-blue-background-color\"><strong><a href=\"http:\/\/www.svu.edu.eg\/faculties\/vet\/fr\/departments\/departement-de-la-nutrition\/\">D\u00e9partement de la nutrition<\/a><\/strong><\/p>\n\n\n\n<p class=\"has-background has-medium-font-size has-pale-cyan-blue-background-color\"><strong><a href=\"http:\/\/www.svu.edu.eg\/faculties\/vet\/fr\/departments\/departement-de-microbiologie\/\">D\u00e9partement de microbiologie<\/a><\/strong><\/p>\n\n\n\n<p class=\"has-background has-medium-font-size has-pale-cyan-blue-background-color\"><strong><a href=\"http:\/\/www.svu.edu.eg\/faculties\/vet\/fr\/departments\/departement-de-physiologie\/\">D\u00e9partement de physiologie<\/a><\/strong><\/p>\n\n\n\n<p class=\"has-background has-medium-font-size has-pale-cyan-blue-background-color\"><strong><a href=\"http:\/\/www.svu.edu.eg\/faculties\/vet\/fr\/departments\/hygiene-et-environnement-de-la-volaille-et-de-lanimale\/\">Hygi\u00e8ne et environnement de la volaille &nbsp;et de l&#8217;animale<\/a><\/strong><\/p>\n\n\n\n<p class=\"has-background has-medium-font-size has-pale-cyan-blue-background-color\"><strong><a href=\"http:\/\/www.svu.edu.eg\/faculties\/vet\/fr\/departments\/chirurgie-anesthesie-et-radiologie\/\">Chirurgie, Anesth\u00e9sie et Radiologie<\/a><\/strong><\/p>\n\n\n\n<p class=\"has-background has-medium-font-size has-pale-cyan-blue-background-color\"><strong><a href=\"http:\/\/www.svu.edu.eg\/faculties\/vet\/fr\/departments\/departement-de-maladies-de-volaille\/\">D\u00e9partement de maladies de volaille<\/a><\/strong><\/p>\n\n\n\n<p class=\"has-background has-medium-font-size has-pale-cyan-blue-background-color\"><strong><a href=\"http:\/\/www.svu.edu.eg\/faculties\/vet\/fr\/departments\/departement-de-medico-legal-et-toxicologie\/\">D\u00e9partement de m\u00e9dico-l\u00e9gal et toxicologie<\/a><\/strong><\/p>\n\n\n\n<p class=\"has-background has-medium-font-size has-pale-cyan-blue-background-color\"><strong><a href=\"http:\/\/www.svu.edu.eg\/faculties\/vet\/fr\/departments\/departement-de-maladies-zoonotiques\/\"> D\u00e9partement de maladies zoonotiques<\/a><\/strong><\/p>\n\n\n\n<p class=\"has-background has-medium-font-size has-pale-cyan-blue-background-color\"><strong><a href=\"http:\/\/www.svu.edu.eg\/faculties\/vet\/fr\/departments\/comportement-et-elevage-des-animaux\/\">D\u00e9partement de comportement et \u00e9levage des animaux<\/a><\/strong><\/p>\n\n\n\n<p class=\"has-background has-medium-font-size has-pale-cyan-blue-background-color\"><strong><a href=\"http:\/\/www.svu.edu.eg\/faculties\/vet\/fr\/departments\/departement-de-maladies-des-poissons\/\">D\u00e9partement de maladies des poissons<\/a><\/strong><\/p>\n\n\n\n<p class=\"has-background has-medium-font-size has-pale-cyan-blue-background-color\"><strong><a href=\"http:\/\/www.svu.edu.eg\/faculties\/vet\/fr\/departments\/departement-de-medecine-des-animaux\/\">D\u00e9partement de m\u00e9decine des animaux<\/a><\/strong><\/p>\n\n\n\n<p class=\"has-background has-medium-font-size has-pale-cyan-blue-background-color\"><strong><a href=\"http:\/\/www.svu.edu.eg\/faculties\/vet\/fr\/departments\/departement-de-pathologie-et-pathologie-clinique\/\">D\u00e9partement de pathologie et pathologie clinique<\/a><\/strong><\/p>\n\n\n\n<p class=\"has-background has-medium-font-size has-pale-cyan-blue-background-color\"><strong><a href=\"http:\/\/www.svu.edu.eg\/faculties\/vet\/fr\/departments\/departement-de-parasitologie\/\">D\u00e9partement de parasitologie<\/a><\/strong><\/p>\n\n\n\n<p class=\"has-background has-medium-font-size has-pale-cyan-blue-background-color\"><strong><a href=\"http:\/\/www.svu.edu.eg\/faculties\/vet\/fr\/departments\/departement-de-la-theriogenologie\/\">D\u00e9partement de la th\u00e9riog\u00e9nologie<\/a><\/strong><\/p>\n\n\n\n<ul><li><\/li><\/ul>\n\n\n\n<ul><li><\/li><\/ul>\n\n\n\n<ul><li><\/li><\/ul>\n\n\n\n<ul><li><\/li><\/ul>\n\n\n\n<ul><li><\/li><\/ul>\n\n\n\n<ul><li><\/li><\/ul>\n","protected":false},"excerpt":{"rendered":"<p>D\u00e9partement d\u2019histologie D\u00e9partement de biochimie D\u00e9partement d\u2019hygi\u00e8ne alimentaire D\u00e9partement d\u2019anatomie D\u00e9partement pharmaceutique D\u00e9partement de la nutrition D\u00e9partement de microbiologie D\u00e9partement de physiologie Hygi\u00e8ne et environnement de la volaille &nbsp;et de [&hellip;]<\/p>\n","protected":false},"author":2,"featured_media":0,"parent":0,"menu_order":0,"comment_status":"closed","ping_status":"closed","template":"","meta":{"footnotes":""},"_links":{"self":[{"href":"http:\/\/www.svu.edu.eg\/faculties\/vet\/wp-json\/wp\/v2\/pages\/4688"}],"collection":[{"href":"http:\/\/www.svu.edu.eg\/faculties\/vet\/wp-json\/wp\/v2\/pages"}],"about":[{"href":"http:\/\/www.svu.edu.eg\/faculties\/vet\/wp-json\/wp\/v2\/types\/page"}],"author":[{"embeddable":true,"href":"http:\/\/www.svu.edu.eg\/faculties\/vet\/wp-json\/wp\/v2\/users\/2"}],"replies":[{"embeddable":true,"href":"http:\/\/www.svu.edu.eg\/faculties\/vet\/wp-json\/wp\/v2\/comments?post=4688"}],"version-history":[{"count":9,"href":"http:\/\/www.svu.edu.eg\/faculties\/vet\/wp-json\/wp\/v2\/pages\/4688\/revisions"}],"predecessor-version":[{"id":6748,"href":"http:\/\/www.svu.edu.eg\/faculties\/vet\/wp-json\/wp\/v2\/pages\/4688\/revisions\/6748"}],"wp:attachment":[{"href":"http:\/\/www.svu.edu.eg\/faculties\/vet\/wp-json\/wp\/v2\/media?parent=4688"}],"curies":[{"name":"wp","href":"https:\/\/api.w.org\/{rel}","templated":true}]}}