{"id":4641,"date":"2022-01-02T10:18:58","date_gmt":"2022-01-02T10:18:58","guid":{"rendered":"http:\/\/www.svu.edu.eg\/faculties\/vet\/?page_id=4641"},"modified":"2022-01-03T10:01:16","modified_gmt":"2022-01-03T10:01:16","slug":"conseil-de-la-faculte","status":"publish","type":"page","link":"http:\/\/www.svu.edu.eg\/faculties\/vet\/fr\/conseil-de-la-faculte\/","title":{"rendered":"Conseil de la facult\u00e9"},"content":{"rendered":"\n<ol><li><strong>Vice- doyen de la <\/strong><strong>facult\u00e9<\/strong><strong><\/strong><\/li><li><strong>Chefs des d\u00e9partements<\/strong><strong><\/strong><\/li><li><strong>Membres du corps\nprofessoral<\/strong><strong><\/strong><\/li><li><strong>Professeur\nadjoint et enseignant dans les facult\u00e9s et instituts qui n\u2019augmentent pas le\nnombre de d\u00e9partements de dix et deux enseignants.<\/strong><\/li><li><strong>Au plus\ntrois membres ayant une connaissance sp\u00e9cifique du mat\u00e9riel ceux qui enseignent\nla facult\u00e9 ou l\u2019institut sont nomm\u00e9s.<\/strong><\/li><li><strong>Renouvelable\npour deux ans par d\u00e9cision du recteur de l\u2019universit\u00e9 sur proposition du conseil\nou de l\u2019institut.<\/strong><\/li><\/ol>\n","protected":false},"excerpt":{"rendered":"<p>Vice- doyen de la facult\u00e9 Chefs des d\u00e9partements Membres du corps professoral Professeur adjoint et enseignant dans les facult\u00e9s et instituts qui n\u2019augmentent pas le nombre de d\u00e9partements de dix [&hellip;]<\/p>\n","protected":false},"author":2,"featured_media":0,"parent":0,"menu_order":0,"comment_status":"closed","ping_status":"closed","template":"","meta":{"footnotes":""},"_links":{"self":[{"href":"http:\/\/www.svu.edu.eg\/faculties\/vet\/wp-json\/wp\/v2\/pages\/4641"}],"collection":[{"href":"http:\/\/www.svu.edu.eg\/faculties\/vet\/wp-json\/wp\/v2\/pages"}],"about":[{"href":"http:\/\/www.svu.edu.eg\/faculties\/vet\/wp-json\/wp\/v2\/types\/page"}],"author":[{"embeddable":true,"href":"http:\/\/www.svu.edu.eg\/faculties\/vet\/wp-json\/wp\/v2\/users\/2"}],"replies":[{"embeddable":true,"href":"http:\/\/www.svu.edu.eg\/faculties\/vet\/wp-json\/wp\/v2\/comments?post=4641"}],"version-history":[{"count":2,"href":"http:\/\/www.svu.edu.eg\/faculties\/vet\/wp-json\/wp\/v2\/pages\/4641\/revisions"}],"predecessor-version":[{"id":4717,"href":"http:\/\/www.svu.edu.eg\/faculties\/vet\/wp-json\/wp\/v2\/pages\/4641\/revisions\/4717"}],"wp:attachment":[{"href":"http:\/\/www.svu.edu.eg\/faculties\/vet\/wp-json\/wp\/v2\/media?parent=4641"}],"curies":[{"name":"wp","href":"https:\/\/api.w.org\/{rel}","templated":true}]}}